{"id":10013,"date":"2021-11-20T11:50:44","date_gmt":"2021-11-20T10:50:44","guid":{"rendered":"https:\/\/www.gjh.de\/frog\/?page_id=10013"},"modified":"2021-11-20T11:50:45","modified_gmt":"2021-11-20T10:50:45","slug":"beschluesse","status":"publish","type":"page","link":"https:\/\/www.gjh.de\/frog\/beschluesse\/","title":{"rendered":"Beschl\u00fcsse"},"content":{"rendered":"\n<p>Auf Landesmitgliederverammlungen (LMV) werden Antr\u00e4ge f\u00fcr Positionen gestellt. Diese k\u00f6nnen durch \u00c4nderungsantr\u00e4ge ver\u00e4ndert werden und sind nach der Abstimmung mit gen\u00fcgender Mehrheit Beschlusslage der GR\u00dcNEN JUGEND Hessen. Hier findet ihr die Beschl\u00fcsse der letzten Jahre.<\/p>\n","protected":false},"excerpt":{"rendered":"<p>Auf Landesmitgliederverammlungen (LMV) werden Antr\u00e4ge f\u00fcr Positionen gestellt. Diese k\u00f6nnen durch \u00c4nderungsantr\u00e4ge ver\u00e4ndert werden und sind nach der Abstimmung mit gen\u00fcgender Mehrheit Beschlusslage der GR\u00dcNEN JUGEND Hessen. Hier findet ihr die Beschl\u00fcsse der letzten Jahre.<\/p>\n","protected":false},"author":1,"featured_media":0,"parent":0,"menu_order":0,"comment_status":"closed","ping_status":"closed","template":"page-position_start.php","meta":{"footnotes":""},"class_list":["post-10013","page","type-page","status-publish","hentry"],"yoast_head":"<!-- This site is optimized with the Yoast SEO plugin v27.4 - https:\/\/yoast.com\/product\/yoast-seo-wordpress\/ -->\n<title>Beschl\u00fcsse - GR\u00dcNE JUGEND Hessen<\/title>\n<meta name=\"robots\" content=\"index, follow, max-snippet:-1, max-image-preview:large, max-video-preview:-1\" \/>\n<link rel=\"canonical\" href=\"https:\/\/www.gjh.de\/frog\/beschluesse\/\" \/>\n<meta property=\"og:locale\" content=\"de_DE\" \/>\n<meta property=\"og:type\" content=\"article\" \/>\n<meta property=\"og:title\" content=\"Beschl\u00fcsse - GR\u00dcNE JUGEND Hessen\" \/>\n<meta property=\"og:description\" content=\"Auf Landesmitgliederverammlungen (LMV) werden Antr\u00e4ge f\u00fcr Positionen gestellt. Diese k\u00f6nnen durch \u00c4nderungsantr\u00e4ge ver\u00e4ndert werden und sind nach der Abstimmung mit gen\u00fcgender Mehrheit Beschlusslage der GR\u00dcNEN JUGEND Hessen. Hier findet ihr die Beschl\u00fcsse der letzten Jahre.\" \/>\n<meta property=\"og:url\" content=\"https:\/\/www.gjh.de\/frog\/beschluesse\/\" \/>\n<meta property=\"og:site_name\" content=\"GR\u00dcNE JUGEND Hessen\" \/>\n<meta property=\"article:modified_time\" content=\"2021-11-20T10:50:45+00:00\" \/>\n<meta name=\"twitter:card\" content=\"summary_large_image\" \/>\n<script type=\"application\/ld+json\" class=\"yoast-schema-graph\">{\"@context\":\"https:\\\/\\\/schema.org\",\"@graph\":[{\"@type\":\"WebPage\",\"@id\":\"https:\\\/\\\/www.gjh.de\\\/frog\\\/beschluesse\\\/\",\"url\":\"https:\\\/\\\/www.gjh.de\\\/frog\\\/beschluesse\\\/\",\"name\":\"Beschl\u00fcsse - GR\u00dcNE JUGEND Hessen\",\"isPartOf\":{\"@id\":\"https:\\\/\\\/www.gjh.de\\\/frog\\\/#website\"},\"datePublished\":\"2021-11-20T10:50:44+00:00\",\"dateModified\":\"2021-11-20T10:50:45+00:00\",\"breadcrumb\":{\"@id\":\"https:\\\/\\\/www.gjh.de\\\/frog\\\/beschluesse\\\/#breadcrumb\"},\"inLanguage\":\"de\",\"potentialAction\":[{\"@type\":\"ReadAction\",\"target\":[\"https:\\\/\\\/www.gjh.de\\\/frog\\\/beschluesse\\\/\"]}]},{\"@type\":\"BreadcrumbList\",\"@id\":\"https:\\\/\\\/www.gjh.de\\\/frog\\\/beschluesse\\\/#breadcrumb\",\"itemListElement\":[{\"@type\":\"ListItem\",\"position\":1,\"name\":\"Startseite\",\"item\":\"https:\\\/\\\/www.gjh.de\\\/frog\\\/\"},{\"@type\":\"ListItem\",\"position\":2,\"name\":\"Beschl\u00fcsse\"}]},{\"@type\":\"WebSite\",\"@id\":\"https:\\\/\\\/www.gjh.de\\\/frog\\\/#website\",\"url\":\"https:\\\/\\\/www.gjh.de\\\/frog\\\/\",\"name\":\"GR\u00dcNE JUGEND Hessen\",\"description\":\"\",\"potentialAction\":[{\"@type\":\"SearchAction\",\"target\":{\"@type\":\"EntryPoint\",\"urlTemplate\":\"https:\\\/\\\/www.gjh.de\\\/frog\\\/?s={search_term_string}\"},\"query-input\":{\"@type\":\"PropertyValueSpecification\",\"valueRequired\":true,\"valueName\":\"search_term_string\"}}],\"inLanguage\":\"de\"}]}<\/script>\n<!-- \/ Yoast SEO plugin. -->","yoast_head_json":{"title":"Beschl\u00fcsse - GR\u00dcNE JUGEND Hessen","robots":{"index":"index","follow":"follow","max-snippet":"max-snippet:-1","max-image-preview":"max-image-preview:large","max-video-preview":"max-video-preview:-1"},"canonical":"https:\/\/www.gjh.de\/frog\/beschluesse\/","og_locale":"de_DE","og_type":"article","og_title":"Beschl\u00fcsse - GR\u00dcNE JUGEND Hessen","og_description":"Auf Landesmitgliederverammlungen (LMV) werden Antr\u00e4ge f\u00fcr Positionen gestellt. Diese k\u00f6nnen durch \u00c4nderungsantr\u00e4ge ver\u00e4ndert werden und sind nach der Abstimmung mit gen\u00fcgender Mehrheit Beschlusslage der GR\u00dcNEN JUGEND Hessen. Hier findet ihr die Beschl\u00fcsse der letzten Jahre.","og_url":"https:\/\/www.gjh.de\/frog\/beschluesse\/","og_site_name":"GR\u00dcNE JUGEND Hessen","article_modified_time":"2021-11-20T10:50:45+00:00","twitter_card":"summary_large_image","schema":{"@context":"https:\/\/schema.org","@graph":[{"@type":"WebPage","@id":"https:\/\/www.gjh.de\/frog\/beschluesse\/","url":"https:\/\/www.gjh.de\/frog\/beschluesse\/","name":"Beschl\u00fcsse - GR\u00dcNE JUGEND Hessen","isPartOf":{"@id":"https:\/\/www.gjh.de\/frog\/#website"},"datePublished":"2021-11-20T10:50:44+00:00","dateModified":"2021-11-20T10:50:45+00:00","breadcrumb":{"@id":"https:\/\/www.gjh.de\/frog\/beschluesse\/#breadcrumb"},"inLanguage":"de","potentialAction":[{"@type":"ReadAction","target":["https:\/\/www.gjh.de\/frog\/beschluesse\/"]}]},{"@type":"BreadcrumbList","@id":"https:\/\/www.gjh.de\/frog\/beschluesse\/#breadcrumb","itemListElement":[{"@type":"ListItem","position":1,"name":"Startseite","item":"https:\/\/www.gjh.de\/frog\/"},{"@type":"ListItem","position":2,"name":"Beschl\u00fcsse"}]},{"@type":"WebSite","@id":"https:\/\/www.gjh.de\/frog\/#website","url":"https:\/\/www.gjh.de\/frog\/","name":"GR\u00dcNE JUGEND Hessen","description":"","potentialAction":[{"@type":"SearchAction","target":{"@type":"EntryPoint","urlTemplate":"https:\/\/www.gjh.de\/frog\/?s={search_term_string}"},"query-input":{"@type":"PropertyValueSpecification","valueRequired":true,"valueName":"search_term_string"}}],"inLanguage":"de"}]}},"_links":{"self":[{"href":"https:\/\/www.gjh.de\/frog\/wp-json\/wp\/v2\/pages\/10013","targetHints":{"allow":["GET"]}}],"collection":[{"href":"https:\/\/www.gjh.de\/frog\/wp-json\/wp\/v2\/pages"}],"about":[{"href":"https:\/\/www.gjh.de\/frog\/wp-json\/wp\/v2\/types\/page"}],"author":[{"embeddable":true,"href":"https:\/\/www.gjh.de\/frog\/wp-json\/wp\/v2\/users\/1"}],"replies":[{"embeddable":true,"href":"https:\/\/www.gjh.de\/frog\/wp-json\/wp\/v2\/comments?post=10013"}],"version-history":[{"count":2,"href":"https:\/\/www.gjh.de\/frog\/wp-json\/wp\/v2\/pages\/10013\/revisions"}],"predecessor-version":[{"id":10015,"href":"https:\/\/www.gjh.de\/frog\/wp-json\/wp\/v2\/pages\/10013\/revisions\/10015"}],"wp:attachment":[{"href":"https:\/\/www.gjh.de\/frog\/wp-json\/wp\/v2\/media?parent=10013"}],"curies":[{"name":"wp","href":"https:\/\/api.w.org\/{rel}","templated":true}]}}