{"id":11251,"date":"2023-03-29T18:53:15","date_gmt":"2023-03-29T16:53:15","guid":{"rendered":"https:\/\/www.gjh.de\/frog\/?page_id=11251"},"modified":"2024-11-11T15:04:35","modified_gmt":"2024-11-11T14:04:35","slug":"presse","status":"publish","type":"page","link":"https:\/\/www.gjh.de\/frog\/presse\/","title":{"rendered":"Presse"},"content":{"rendered":"\n<ul class=\"wp-block-list\">\n<li><strong>Unsere Pressemitteilungen finden sie <a href=\"https:\/\/www.gjh.de\/frog\/category\/pressemitteilungen\/\" target=\"_blank\" rel=\"noreferrer noopener\">hier<\/a>.<\/strong><\/li>\n<\/ul>\n\n\n\n<p>F\u00fcr <strong>Presseanfragen <\/strong>wenden Sie sich bitte an unsere Landesgesch\u00e4ftsstelle oder die Sprecher*innen:<\/p>\n\n\n\n<p><strong>Telefon:<\/strong> +49 611 989 2024<br><strong>Mobil:<\/strong> + 49 171 6831916<br><strong>Mail:<\/strong> <a href=\"mailto:presse@gjh.de\">presse[at]gjh.de<\/a><\/p>\n\n\n\n<ul class=\"wp-block-list\">\n<li><strong>Au\u00dferhalb der Gesch\u00e4ftszeiten<\/strong> (in der Regel Montag-Donnerstag 9:00-16:00 Uhr sowie Freitag 9:00-12:30 Uhr) k\u00f6nnen Sie direkt Konakt mit unseren Sprecher*innen aufnehmen.<\/li>\n<\/ul>\n\n\n\n<p><strong>Senem Bozdag:<\/strong> <a href=\"mailto:senem.bozdag@gjh.de\">senem.bozdag[at]gjh.de<\/a><br><strong>Titus Dharmababu:<\/strong> <a href=\"mailto:titus.dharmababu@gjh.de\">titus.dharmababu[at]gjh.de<\/a><\/p>\n\n\n\n<ul class=\"wp-block-list\">\n<li>Journalist*innen, die regelm\u00e4\u00dfig von uns informiert werden wollen, wenden sich ebenfalls an unsere <a href=\"mailto:presse@gjh.de\">Pressestelle<\/a>.<\/li>\n\n\n\n<li>Fotos und weitere Informationen \u00fcber den Landesvorstand finden Sie <a href=\"https:\/\/www.gjh.de\/frog\/ueber-uns\/der-landesvorstand\/\" target=\"_blank\" rel=\"noreferrer noopener\">hier<\/a>. <\/li>\n<\/ul>\n","protected":false},"excerpt":{"rendered":"<p>F\u00fcr Presseanfragen wenden Sie sich bitte an unsere Landesgesch\u00e4ftsstelle oder die Sprecher*innen: Telefon: +49 611 989 2024Mobil: + 49 171 6831916Mail: presse[at]gjh.de Senem Bozdag: senem.bozdag[at]gjh.deTitus Dharmababu: titus.dharmababu[at]gjh.de<\/p>\n","protected":false},"author":1,"featured_media":0,"parent":0,"menu_order":0,"comment_status":"closed","ping_status":"closed","template":"","meta":{"footnotes":""},"class_list":["post-11251","page","type-page","status-publish","hentry"],"yoast_head":"<!-- This site is optimized with the Yoast SEO plugin v27.4 - https:\/\/yoast.com\/product\/yoast-seo-wordpress\/ -->\n<title>Presse - GR\u00dcNE JUGEND Hessen<\/title>\n<meta name=\"description\" content=\"Informationen zu Presse f\u00fcr Journalist*innen und Interessierte. F\u00fcr weitere Informationen kontaktieren Sie bitte presse@gjh.de\" \/>\n<meta name=\"robots\" content=\"index, follow, max-snippet:-1, max-image-preview:large, max-video-preview:-1\" \/>\n<link rel=\"canonical\" href=\"https:\/\/www.gjh.de\/frog\/presse\/\" \/>\n<meta property=\"og:locale\" content=\"de_DE\" \/>\n<meta property=\"og:type\" content=\"article\" \/>\n<meta property=\"og:title\" content=\"Presse - GR\u00dcNE JUGEND Hessen\" \/>\n<meta property=\"og:description\" content=\"Informationen zu Presse f\u00fcr Journalist*innen und Interessierte. F\u00fcr weitere Informationen kontaktieren Sie bitte presse@gjh.de\" \/>\n<meta property=\"og:url\" content=\"https:\/\/www.gjh.de\/frog\/presse\/\" \/>\n<meta property=\"og:site_name\" content=\"GR\u00dcNE JUGEND Hessen\" \/>\n<meta property=\"article:modified_time\" content=\"2024-11-11T14:04:35+00:00\" \/>\n<meta name=\"twitter:card\" content=\"summary_large_image\" \/>\n<meta name=\"twitter:label1\" content=\"Gesch\u00e4tzte Lesezeit\" \/>\n\t<meta name=\"twitter:data1\" content=\"1\u00a0Minute\" \/>\n<script type=\"application\/ld+json\" class=\"yoast-schema-graph\">{\"@context\":\"https:\\\/\\\/schema.org\",\"@graph\":[{\"@type\":\"WebPage\",\"@id\":\"https:\\\/\\\/www.gjh.de\\\/frog\\\/presse\\\/\",\"url\":\"https:\\\/\\\/www.gjh.de\\\/frog\\\/presse\\\/\",\"name\":\"Presse - GR\u00dcNE JUGEND Hessen\",\"isPartOf\":{\"@id\":\"https:\\\/\\\/www.gjh.de\\\/frog\\\/#website\"},\"datePublished\":\"2023-03-29T16:53:15+00:00\",\"dateModified\":\"2024-11-11T14:04:35+00:00\",\"description\":\"Informationen zu Presse f\u00fcr Journalist*innen und Interessierte. F\u00fcr weitere Informationen kontaktieren Sie bitte presse@gjh.de\",\"breadcrumb\":{\"@id\":\"https:\\\/\\\/www.gjh.de\\\/frog\\\/presse\\\/#breadcrumb\"},\"inLanguage\":\"de\",\"potentialAction\":[{\"@type\":\"ReadAction\",\"target\":[\"https:\\\/\\\/www.gjh.de\\\/frog\\\/presse\\\/\"]}]},{\"@type\":\"BreadcrumbList\",\"@id\":\"https:\\\/\\\/www.gjh.de\\\/frog\\\/presse\\\/#breadcrumb\",\"itemListElement\":[{\"@type\":\"ListItem\",\"position\":1,\"name\":\"Startseite\",\"item\":\"https:\\\/\\\/www.gjh.de\\\/frog\\\/\"},{\"@type\":\"ListItem\",\"position\":2,\"name\":\"Presse\"}]},{\"@type\":\"WebSite\",\"@id\":\"https:\\\/\\\/www.gjh.de\\\/frog\\\/#website\",\"url\":\"https:\\\/\\\/www.gjh.de\\\/frog\\\/\",\"name\":\"GR\u00dcNE JUGEND Hessen\",\"description\":\"\",\"potentialAction\":[{\"@type\":\"SearchAction\",\"target\":{\"@type\":\"EntryPoint\",\"urlTemplate\":\"https:\\\/\\\/www.gjh.de\\\/frog\\\/?s={search_term_string}\"},\"query-input\":{\"@type\":\"PropertyValueSpecification\",\"valueRequired\":true,\"valueName\":\"search_term_string\"}}],\"inLanguage\":\"de\"}]}<\/script>\n<!-- \/ Yoast SEO plugin. -->","yoast_head_json":{"title":"Presse - GR\u00dcNE JUGEND Hessen","description":"Informationen zu Presse f\u00fcr Journalist*innen und Interessierte. F\u00fcr weitere Informationen kontaktieren Sie bitte presse@gjh.de","robots":{"index":"index","follow":"follow","max-snippet":"max-snippet:-1","max-image-preview":"max-image-preview:large","max-video-preview":"max-video-preview:-1"},"canonical":"https:\/\/www.gjh.de\/frog\/presse\/","og_locale":"de_DE","og_type":"article","og_title":"Presse - GR\u00dcNE JUGEND Hessen","og_description":"Informationen zu Presse f\u00fcr Journalist*innen und Interessierte. F\u00fcr weitere Informationen kontaktieren Sie bitte presse@gjh.de","og_url":"https:\/\/www.gjh.de\/frog\/presse\/","og_site_name":"GR\u00dcNE JUGEND Hessen","article_modified_time":"2024-11-11T14:04:35+00:00","twitter_card":"summary_large_image","twitter_misc":{"Gesch\u00e4tzte Lesezeit":"1\u00a0Minute"},"schema":{"@context":"https:\/\/schema.org","@graph":[{"@type":"WebPage","@id":"https:\/\/www.gjh.de\/frog\/presse\/","url":"https:\/\/www.gjh.de\/frog\/presse\/","name":"Presse - GR\u00dcNE JUGEND Hessen","isPartOf":{"@id":"https:\/\/www.gjh.de\/frog\/#website"},"datePublished":"2023-03-29T16:53:15+00:00","dateModified":"2024-11-11T14:04:35+00:00","description":"Informationen zu Presse f\u00fcr Journalist*innen und Interessierte. F\u00fcr weitere Informationen kontaktieren Sie bitte presse@gjh.de","breadcrumb":{"@id":"https:\/\/www.gjh.de\/frog\/presse\/#breadcrumb"},"inLanguage":"de","potentialAction":[{"@type":"ReadAction","target":["https:\/\/www.gjh.de\/frog\/presse\/"]}]},{"@type":"BreadcrumbList","@id":"https:\/\/www.gjh.de\/frog\/presse\/#breadcrumb","itemListElement":[{"@type":"ListItem","position":1,"name":"Startseite","item":"https:\/\/www.gjh.de\/frog\/"},{"@type":"ListItem","position":2,"name":"Presse"}]},{"@type":"WebSite","@id":"https:\/\/www.gjh.de\/frog\/#website","url":"https:\/\/www.gjh.de\/frog\/","name":"GR\u00dcNE JUGEND Hessen","description":"","potentialAction":[{"@type":"SearchAction","target":{"@type":"EntryPoint","urlTemplate":"https:\/\/www.gjh.de\/frog\/?s={search_term_string}"},"query-input":{"@type":"PropertyValueSpecification","valueRequired":true,"valueName":"search_term_string"}}],"inLanguage":"de"}]}},"_links":{"self":[{"href":"https:\/\/www.gjh.de\/frog\/wp-json\/wp\/v2\/pages\/11251","targetHints":{"allow":["GET"]}}],"collection":[{"href":"https:\/\/www.gjh.de\/frog\/wp-json\/wp\/v2\/pages"}],"about":[{"href":"https:\/\/www.gjh.de\/frog\/wp-json\/wp\/v2\/types\/page"}],"author":[{"embeddable":true,"href":"https:\/\/www.gjh.de\/frog\/wp-json\/wp\/v2\/users\/1"}],"replies":[{"embeddable":true,"href":"https:\/\/www.gjh.de\/frog\/wp-json\/wp\/v2\/comments?post=11251"}],"version-history":[{"count":9,"href":"https:\/\/www.gjh.de\/frog\/wp-json\/wp\/v2\/pages\/11251\/revisions"}],"predecessor-version":[{"id":12297,"href":"https:\/\/www.gjh.de\/frog\/wp-json\/wp\/v2\/pages\/11251\/revisions\/12297"}],"wp:attachment":[{"href":"https:\/\/www.gjh.de\/frog\/wp-json\/wp\/v2\/media?parent=11251"}],"curies":[{"name":"wp","href":"https:\/\/api.w.org\/{rel}","templated":true}]}}