{"id":11314,"date":"2023-04-26T11:38:21","date_gmt":"2023-04-26T09:38:21","guid":{"rendered":"https:\/\/www.gjh.de\/frog\/?page_id=11314"},"modified":"2025-05-12T08:27:43","modified_gmt":"2025-05-12T06:27:43","slug":"a-team","status":"publish","type":"page","link":"https:\/\/www.gjh.de\/frog\/a-team\/","title":{"rendered":"A-Team"},"content":{"rendered":"\n<p>Wir als GR\u00dcNE JUGEND Hessen setzen uns f\u00fcr sichere und diskriminierungsfreie R\u00e4ume ein. Sei es auf Veranstaltungen, in Gremien oder auch im Wahlkampf. Daf\u00fcr haben wir ein A-Team (A steht f\u00fcr Awareness), welches immer ein offenes Ohr f\u00fcr euch hat und euch in Problemen beisteht. Das Team arbeitet unabh\u00e4ngig von Gremien des Landesverbandes, wie dem Landesvorstand, und m\u00f6chte zur Konfliktl\u00f6sung beitragen. <\/p>\n\n\n\n<ul class=\"wp-block-list\">\n<li><strong>Wenn es etwas gibt, was ihr dem A-Team mitteilen wollt, dann k\u00f6nnt ihr euch an <a href=\"mailto:a-team@gjh.de\" target=\"_blank\" rel=\"noreferrer noopener nofollow\">a-team[at]gjh.de <\/a>wenden.<\/strong><\/li>\n<\/ul>\n\n\n\n<p>Auf Veranstaltungen der GR\u00dcNEN JUGEND Hessen sind au\u00dferdem immer Personen des A-Teams anwesend. Sie werden am Anfang der Veranstaltung vorgestellt und tragen eine Erkennungszeichen. <\/p>\n\n\n\n<ul class=\"wp-block-list\">\n<li><strong>W\u00e4hrend Veranstaltungen ist unser A-Team auch telefonisch erreichbar unter: +49 160 3449573 (nur Anrufe &amp; SMS, keine Messenger)<\/strong><\/li>\n<\/ul>\n\n\n\n<p><a href=\"https:\/\/www.gjh.de\/frog\/lmv-april-2022-langfristige-awarenessstrukturen-in-der-gruenen-jugend-hessen\/\" target=\"_blank\" rel=\"noreferrer noopener\">Hier<\/a> k\u00f6nnt ihr den Beschluss zur Einf\u00fchrung des Teams und die generelle Ausrichtung und Zielsetzung des Awarenesskonzepts nachlesen. <\/p>\n","protected":false},"excerpt":{"rendered":"<p>Wir als GR\u00dcNE JUGEND Hessen setzen uns f\u00fcr sichere und diskriminierungsfreie R\u00e4ume ein. Sei es auf Veranstaltungen, in Gremien oder auch im Wahlkampf. Daf\u00fcr haben wir ein A-Team (A steht f\u00fcr Awareness), welches immer ein offenes Ohr f\u00fcr euch hat und euch in Problemen beisteht. Das Team arbeitet unabh\u00e4ngig von Gremien des Landesverbandes, wie dem [&hellip;]<\/p>\n","protected":false},"author":1,"featured_media":0,"parent":0,"menu_order":0,"comment_status":"closed","ping_status":"closed","template":"","meta":{"footnotes":""},"class_list":["post-11314","page","type-page","status-publish","hentry"],"yoast_head":"<!-- This site is optimized with the Yoast SEO plugin v27.4 - https:\/\/yoast.com\/product\/yoast-seo-wordpress\/ -->\n<title>A-Team der GR\u00dcNEN JUGEND Hessen<\/title>\n<meta name=\"description\" content=\"Die GR\u00dcNE JUGEND Hessen hat ein A-Team, welches f\u00fcr euch bei Problemen oder bei Konflikten da ist. Ihr erreicht das Team unter a-team@gjh.de\" \/>\n<meta name=\"robots\" content=\"index, follow, max-snippet:-1, max-image-preview:large, max-video-preview:-1\" \/>\n<link rel=\"canonical\" href=\"https:\/\/www.gjh.de\/frog\/a-team\/\" \/>\n<meta property=\"og:locale\" content=\"de_DE\" \/>\n<meta property=\"og:type\" content=\"article\" \/>\n<meta property=\"og:title\" content=\"A-Team der GR\u00dcNEN JUGEND Hessen\" \/>\n<meta property=\"og:description\" content=\"Die GR\u00dcNE JUGEND Hessen hat ein A-Team, welches f\u00fcr euch bei Problemen oder bei Konflikten da ist. Ihr erreicht das Team unter a-team@gjh.de\" \/>\n<meta property=\"og:url\" content=\"https:\/\/www.gjh.de\/frog\/a-team\/\" \/>\n<meta property=\"og:site_name\" content=\"GR\u00dcNE JUGEND Hessen\" \/>\n<meta property=\"article:modified_time\" content=\"2025-05-12T06:27:43+00:00\" \/>\n<meta name=\"twitter:card\" content=\"summary_large_image\" \/>\n<meta name=\"twitter:label1\" content=\"Gesch\u00e4tzte Lesezeit\" \/>\n\t<meta name=\"twitter:data1\" content=\"1\u00a0Minute\" \/>\n<script type=\"application\/ld+json\" class=\"yoast-schema-graph\">{\"@context\":\"https:\\\/\\\/schema.org\",\"@graph\":[{\"@type\":\"WebPage\",\"@id\":\"https:\\\/\\\/www.gjh.de\\\/frog\\\/a-team\\\/\",\"url\":\"https:\\\/\\\/www.gjh.de\\\/frog\\\/a-team\\\/\",\"name\":\"A-Team der GR\u00dcNEN JUGEND Hessen\",\"isPartOf\":{\"@id\":\"https:\\\/\\\/www.gjh.de\\\/frog\\\/#website\"},\"datePublished\":\"2023-04-26T09:38:21+00:00\",\"dateModified\":\"2025-05-12T06:27:43+00:00\",\"description\":\"Die GR\u00dcNE JUGEND Hessen hat ein A-Team, welches f\u00fcr euch bei Problemen oder bei Konflikten da ist. Ihr erreicht das Team unter a-team@gjh.de\",\"breadcrumb\":{\"@id\":\"https:\\\/\\\/www.gjh.de\\\/frog\\\/a-team\\\/#breadcrumb\"},\"inLanguage\":\"de\",\"potentialAction\":[{\"@type\":\"ReadAction\",\"target\":[\"https:\\\/\\\/www.gjh.de\\\/frog\\\/a-team\\\/\"]}]},{\"@type\":\"BreadcrumbList\",\"@id\":\"https:\\\/\\\/www.gjh.de\\\/frog\\\/a-team\\\/#breadcrumb\",\"itemListElement\":[{\"@type\":\"ListItem\",\"position\":1,\"name\":\"Startseite\",\"item\":\"https:\\\/\\\/www.gjh.de\\\/frog\\\/\"},{\"@type\":\"ListItem\",\"position\":2,\"name\":\"A-Team\"}]},{\"@type\":\"WebSite\",\"@id\":\"https:\\\/\\\/www.gjh.de\\\/frog\\\/#website\",\"url\":\"https:\\\/\\\/www.gjh.de\\\/frog\\\/\",\"name\":\"GR\u00dcNE JUGEND Hessen\",\"description\":\"\",\"potentialAction\":[{\"@type\":\"SearchAction\",\"target\":{\"@type\":\"EntryPoint\",\"urlTemplate\":\"https:\\\/\\\/www.gjh.de\\\/frog\\\/?s={search_term_string}\"},\"query-input\":{\"@type\":\"PropertyValueSpecification\",\"valueRequired\":true,\"valueName\":\"search_term_string\"}}],\"inLanguage\":\"de\"}]}<\/script>\n<!-- \/ Yoast SEO plugin. -->","yoast_head_json":{"title":"A-Team der GR\u00dcNEN JUGEND Hessen","description":"Die GR\u00dcNE JUGEND Hessen hat ein A-Team, welches f\u00fcr euch bei Problemen oder bei Konflikten da ist. Ihr erreicht das Team unter a-team@gjh.de","robots":{"index":"index","follow":"follow","max-snippet":"max-snippet:-1","max-image-preview":"max-image-preview:large","max-video-preview":"max-video-preview:-1"},"canonical":"https:\/\/www.gjh.de\/frog\/a-team\/","og_locale":"de_DE","og_type":"article","og_title":"A-Team der GR\u00dcNEN JUGEND Hessen","og_description":"Die GR\u00dcNE JUGEND Hessen hat ein A-Team, welches f\u00fcr euch bei Problemen oder bei Konflikten da ist. Ihr erreicht das Team unter a-team@gjh.de","og_url":"https:\/\/www.gjh.de\/frog\/a-team\/","og_site_name":"GR\u00dcNE JUGEND Hessen","article_modified_time":"2025-05-12T06:27:43+00:00","twitter_card":"summary_large_image","twitter_misc":{"Gesch\u00e4tzte Lesezeit":"1\u00a0Minute"},"schema":{"@context":"https:\/\/schema.org","@graph":[{"@type":"WebPage","@id":"https:\/\/www.gjh.de\/frog\/a-team\/","url":"https:\/\/www.gjh.de\/frog\/a-team\/","name":"A-Team der GR\u00dcNEN JUGEND Hessen","isPartOf":{"@id":"https:\/\/www.gjh.de\/frog\/#website"},"datePublished":"2023-04-26T09:38:21+00:00","dateModified":"2025-05-12T06:27:43+00:00","description":"Die GR\u00dcNE JUGEND Hessen hat ein A-Team, welches f\u00fcr euch bei Problemen oder bei Konflikten da ist. Ihr erreicht das Team unter a-team@gjh.de","breadcrumb":{"@id":"https:\/\/www.gjh.de\/frog\/a-team\/#breadcrumb"},"inLanguage":"de","potentialAction":[{"@type":"ReadAction","target":["https:\/\/www.gjh.de\/frog\/a-team\/"]}]},{"@type":"BreadcrumbList","@id":"https:\/\/www.gjh.de\/frog\/a-team\/#breadcrumb","itemListElement":[{"@type":"ListItem","position":1,"name":"Startseite","item":"https:\/\/www.gjh.de\/frog\/"},{"@type":"ListItem","position":2,"name":"A-Team"}]},{"@type":"WebSite","@id":"https:\/\/www.gjh.de\/frog\/#website","url":"https:\/\/www.gjh.de\/frog\/","name":"GR\u00dcNE JUGEND Hessen","description":"","potentialAction":[{"@type":"SearchAction","target":{"@type":"EntryPoint","urlTemplate":"https:\/\/www.gjh.de\/frog\/?s={search_term_string}"},"query-input":{"@type":"PropertyValueSpecification","valueRequired":true,"valueName":"search_term_string"}}],"inLanguage":"de"}]}},"_links":{"self":[{"href":"https:\/\/www.gjh.de\/frog\/wp-json\/wp\/v2\/pages\/11314","targetHints":{"allow":["GET"]}}],"collection":[{"href":"https:\/\/www.gjh.de\/frog\/wp-json\/wp\/v2\/pages"}],"about":[{"href":"https:\/\/www.gjh.de\/frog\/wp-json\/wp\/v2\/types\/page"}],"author":[{"embeddable":true,"href":"https:\/\/www.gjh.de\/frog\/wp-json\/wp\/v2\/users\/1"}],"replies":[{"embeddable":true,"href":"https:\/\/www.gjh.de\/frog\/wp-json\/wp\/v2\/comments?post=11314"}],"version-history":[{"count":7,"href":"https:\/\/www.gjh.de\/frog\/wp-json\/wp\/v2\/pages\/11314\/revisions"}],"predecessor-version":[{"id":12843,"href":"https:\/\/www.gjh.de\/frog\/wp-json\/wp\/v2\/pages\/11314\/revisions\/12843"}],"wp:attachment":[{"href":"https:\/\/www.gjh.de\/frog\/wp-json\/wp\/v2\/media?parent=11314"}],"curies":[{"name":"wp","href":"https:\/\/api.w.org\/{rel}","templated":true}]}}