{"id":11959,"date":"2024-03-01T12:56:56","date_gmt":"2024-03-01T11:56:56","guid":{"rendered":"https:\/\/www.gjh.de\/frog\/?page_id=11959"},"modified":"2025-01-07T15:03:12","modified_gmt":"2025-01-07T14:03:12","slug":"faq-mitgliedschaft-gjh","status":"publish","type":"page","link":"https:\/\/www.gjh.de\/frog\/ueber-uns\/faq-mitgliedschaft-gjh\/","title":{"rendered":"FAQ Mitgliedschaft GJ(H)"},"content":{"rendered":"\n<h3 class=\"wp-block-heading\">Du hast eine Frage zu deiner Mitgliedschaft? Hier im FAQ (frequently asked questions, deutsch: h\u00e4ufig gestellte Fragen) k\u00f6nntest du deine Antwort finden. <\/h3>\n\n\n\n<p>Wichtige Informationen zur GR\u00dcNEN JUGEND Bund und der GJ Hessen findest du in den&nbsp;Satzungen&nbsp;des <a href=\"https:\/\/gruene-jugend.de\/wir\/satzung\/\" target=\"_blank\" rel=\"noreferrer noopener\">Bundesverbandes<\/a> und des&nbsp;<a href=\"https:\/\/www.gjh.de\/frog\/dokumente\/satzung\/\" target=\"_blank\" rel=\"noreferrer noopener\">Landesverbandes Hessen<\/a>.<\/p>\n\n\n\n<ul class=\"wp-block-list\">\n<li>  <strong>Woher wei\u00df ich, ob ich Mitglied bin?<\/strong><\/li>\n<\/ul>\n\n\n\n<p>Sobald wir ein Mitglied aufnehmen, erh\u00e4lt dieses von uns einen Neumitgliederbrief mit ersten Infos. Das hei\u00dft, wenn du einen Brief bekommen hast, kannst du davon ausgehen, dass du bei uns Mitglied bist. Au\u00dferdem kannst du dich im GR\u00dcNEN Netz einloggen und da checken, ob du Mitglied bist. <\/p>\n\n\n\n<ul class=\"wp-block-list\">\n<li><strong>Ich m\u00f6chte meine Kontoverbindung \u00e4ndern.<\/strong><\/li>\n<\/ul>\n\n\n\n<p>Wenn du dich im <a href=\"https:\/\/www.gruene.de\/service\/das-gruene-netz\" target=\"_blank\" rel=\"noreferrer noopener\">GR\u00dcNEN Netz<\/a> anmeldest, kannst du unter &#8222;Einstellungen&#8220; den Punkt &#8222;Mitgliedsdaten \u00e4ndern&#8220; ausw\u00e4hlen. Dort kannst du deine Daten bearbeiten. <\/p>\n\n\n\n<p>Alternativ kannst du auch eine Mail an <a href=\"mailto:beitraege@gjh.de\">beitraege[at]gjh.de<\/a> senden. Bitte beachte, wenn du auch Mitglied in der Elternpartei bist, musst du bei deinem GR\u00dcNEN Kreisverband die \u00c4nderung deiner Kontodaten beantragen.<\/p>\n\n\n\n<ul class=\"wp-block-list\">\n<li><strong>Ich m\u00f6chte meine Kontaktdaten \u00e4ndern (beispielsweise E-Mail-Adresse).<\/strong><\/li>\n<\/ul>\n\n\n\n<p>Das geht genauso wie die \u00c4nderung deiner Kontoverbindung (siehe oben). <\/p>\n\n\n\n<p>Da sich unsere Verteiler jedoch nur manuell aktualisieren, m\u00fcsstest du uns dann noch eine Mail an <a href=\"mailto:mail@gjh.de\">mail[at]gjh.de<\/a> schreiben, damit die \u00c4nderung auch auf den GJH-Verteilern wirksam wird.  <\/p>\n\n\n\n<ul class=\"wp-block-list\">\n<li><strong>Ich m\u00f6chte in einem anderen Kreisverband aktiv werden\/dorthin wechseln.<\/strong><\/li>\n<\/ul>\n\n\n\n<p>Schreib uns hierf\u00fcr eine Mail an <a href=\"mailto:mail@gjh.de\">mail[at]gjh.de<\/a><\/p>\n\n\n\n<ul class=\"wp-block-list\">\n<li><strong>Ich habe keine Zugangsdaten zum GR\u00dcNEN Netz<\/strong>.<\/li>\n<\/ul>\n\n\n\n<p>Da wendest du dich am besten an <a href=\"mailto:netz@gruene.de\">netz[at]gruene.de<\/a>. Die Kolleg*innen dort helfen dir gerne weiter. Im \u00dcbrigen bekommen auch GJ-Mitglieder Zugangsdaten zum GR\u00dcNEN Netz. <\/p>\n\n\n\n<ul class=\"wp-block-list\">\n<li><strong>Ich bin nur GJ-Mitglied und m\u00f6chte nun auch GR\u00dcNEN-Mitglied werden. <\/strong><\/li>\n<\/ul>\n\n\n\n<p>Dann kannst du einfach online einen Mitgliedsantrag stellen, bspw. <a href=\"https:\/\/www.gruene.de\/mitglied-werden\" target=\"_blank\" rel=\"noreferrer noopener\">hier <\/a>auf der Seite des Bundesverbandes. Wir bekommen dann eine Mitteilung von deinem GR\u00dcNEN-Kreisverband, dem du zugeordnet wirst. Sobald du sogenanntes Doppelmitglied bist, zahlst du nur noch einen Mitgliedsbeitrag an die GR\u00dcNEN. <\/p>\n\n\n\n<ul class=\"wp-block-list\">\n<li><strong>Ich brauche eine Bescheinigung meiner Mitgliedschaft (beispielsweise f\u00fcr eine Bewerbung\/Stipendium). <\/strong><\/li>\n<\/ul>\n\n\n\n<p>Schreib uns am besten eine Mail an <a href=\"mailto:mail@gjh.de\">mail[at]gjh.de<\/a> mit den Anforderungen an die Bescheinigung. Wir k\u00f6nnen auch \u00c4mter bescheinigen, also bspw. wenn du mal in einem GJH-Kreisvorstand warst. Dazu brauchen wir von dir eine Auflistung der \u00c4mter und wie lange du in dem Amt warst. <\/p>\n\n\n\n<ul class=\"wp-block-list\">\n<li><strong>Ich habe Fahrtkosten\/Auslagen. Wo kann ich diese erstatten lassen?<\/strong><\/li>\n<\/ul>\n\n\n\n<p>Wenn du Fahrtkosten oder Auslagen hast, die im Rahmen einer T\u00e4tigkeit oder Veranstaltung der GR\u00dcNEN JUGEND Hessen entstanden sind, kannst du diese bei uns einreichen. Bitte beachte dabei unsere <a href=\"https:\/\/www.gjh.de\/frog\/dokumente\/satzung\/\" target=\"_blank\" rel=\"noreferrer noopener\">Erstattungsordnung<\/a> und nutze das <a href=\"https:\/\/www.gjh.de\/frog\/dokumente\/download-bereich\/\" target=\"_blank\" rel=\"noreferrer noopener\">Erstattungsformular<\/a>. Das Formular sendest du dann mit den entsprechenden Belegen an <a href=\"mailto:finanzen[at]gjh.de\">finanzen[at]gjh.de<\/a>. Wenn du Belege im Original vorliegen hast (bspw. Fahrtkarten, die du am Automaten gezogen hast oder ein Beleg aus dem Supermarkt), dann brauchen wir die auch im Original in der Landesgesch\u00e4ftsstelle. Schicke diese per Post an GR\u00dcNE JUGEND Hessen, Mainzer Stra\u00dfe 75, 65189 Wiesbaden. Mach am besten noch ein Foto\/Kopie vom Beleg, falls der Umschlag verloren geht. <\/p>\n\n\n\n<ul class=\"wp-block-list\">\n<li><strong>Kann ich mich auch nach der Schnuppermitgliedschaft vom Beitrag befreien lassen?<\/strong><\/li>\n<\/ul>\n\n\n\n<p>Ja! Wenn du gerne Mitglied werden m\u00f6chtest, den Mitgliedsbeitrag aber auch nach der kostenlosen einj\u00e4hrigen Schnuppermitgliedschaft nicht aufbringen kannst, kannst du&nbsp;<a href=\"https:\/\/gruene-jugend.de\/2022\/01\/12\/befreiungsantrag\/\" target=\"_blank\" rel=\"noreferrer noopener\">hier<\/a>&nbsp;beim Bundesvorstand eine einj\u00e4hrige Befreiung beantragen.<\/p>\n\n\n\n<ul class=\"wp-block-list\">\n<li><strong>Wie kann ich meine Mitgliedschaft k\u00fcndigen?<\/strong><\/li>\n<\/ul>\n\n\n\n<p>Du kannst deine Mitgliedschaft jederzeit k\u00fcndigen. Daf\u00fcr reicht eine formlose <a href=\"mailto:beitraege@gjh.de\">E-Mail an uns<\/a> aus. &nbsp;<\/p>\n","protected":false},"excerpt":{"rendered":"<p>Du hast eine Frage zu deiner Mitgliedschaft? Hier im FAQ (frequently asked questions, deutsch: h\u00e4ufig gestellte Fragen) k\u00f6nntest du deine Antwort finden. Wichtige Informationen zur GR\u00dcNEN JUGEND Bund und der GJ Hessen findest du in den&nbsp;Satzungen&nbsp;des Bundesverbandes und des&nbsp;Landesverbandes Hessen. Sobald wir ein Mitglied aufnehmen, erh\u00e4lt dieses von uns einen Neumitgliederbrief mit ersten Infos. Das [&hellip;]<\/p>\n","protected":false},"author":1,"featured_media":0,"parent":3261,"menu_order":0,"comment_status":"closed","ping_status":"closed","template":"","meta":{"footnotes":""},"class_list":["post-11959","page","type-page","status-publish","hentry"],"yoast_head":"<!-- This site is optimized with the Yoast SEO plugin v27.5 - https:\/\/yoast.com\/product\/yoast-seo-wordpress\/ -->\n<title>FAQ Mitgliedschaft GJ(H) - GR\u00dcNE JUGEND Hessen<\/title>\n<meta name=\"description\" content=\"Im FAQ findest du Antworten auf die meisten Fragen zur Mitgliedschaft bei uns. Falls nicht, dann schreib uns an mail@gjh.de\" \/>\n<meta name=\"robots\" content=\"index, follow, max-snippet:-1, max-image-preview:large, max-video-preview:-1\" \/>\n<link rel=\"canonical\" href=\"https:\/\/www.gjh.de\/frog\/ueber-uns\/faq-mitgliedschaft-gjh\/\" \/>\n<meta property=\"og:locale\" content=\"de_DE\" \/>\n<meta property=\"og:type\" content=\"article\" \/>\n<meta property=\"og:title\" content=\"FAQ Mitgliedschaft GJ(H) - GR\u00dcNE JUGEND Hessen\" \/>\n<meta property=\"og:description\" content=\"Im FAQ findest du Antworten auf die meisten Fragen zur Mitgliedschaft bei uns. Falls nicht, dann schreib uns an mail@gjh.de\" \/>\n<meta property=\"og:url\" content=\"https:\/\/www.gjh.de\/frog\/ueber-uns\/faq-mitgliedschaft-gjh\/\" \/>\n<meta property=\"og:site_name\" content=\"GR\u00dcNE JUGEND Hessen\" \/>\n<meta property=\"article:modified_time\" content=\"2025-01-07T14:03:12+00:00\" \/>\n<meta name=\"twitter:card\" content=\"summary_large_image\" \/>\n<meta name=\"twitter:label1\" content=\"Gesch\u00e4tzte Lesezeit\" \/>\n\t<meta name=\"twitter:data1\" content=\"3\u00a0Minuten\" \/>\n<script type=\"application\/ld+json\" class=\"yoast-schema-graph\">{\"@context\":\"https:\\\/\\\/schema.org\",\"@graph\":[{\"@type\":\"WebPage\",\"@id\":\"https:\\\/\\\/www.gjh.de\\\/frog\\\/ueber-uns\\\/faq-mitgliedschaft-gjh\\\/\",\"url\":\"https:\\\/\\\/www.gjh.de\\\/frog\\\/ueber-uns\\\/faq-mitgliedschaft-gjh\\\/\",\"name\":\"FAQ Mitgliedschaft GJ(H) - GR\u00dcNE JUGEND Hessen\",\"isPartOf\":{\"@id\":\"https:\\\/\\\/www.gjh.de\\\/frog\\\/#website\"},\"datePublished\":\"2024-03-01T11:56:56+00:00\",\"dateModified\":\"2025-01-07T14:03:12+00:00\",\"description\":\"Im FAQ findest du Antworten auf die meisten Fragen zur Mitgliedschaft bei uns. Falls nicht, dann schreib uns an mail@gjh.de\",\"breadcrumb\":{\"@id\":\"https:\\\/\\\/www.gjh.de\\\/frog\\\/ueber-uns\\\/faq-mitgliedschaft-gjh\\\/#breadcrumb\"},\"inLanguage\":\"de\",\"potentialAction\":[{\"@type\":\"ReadAction\",\"target\":[\"https:\\\/\\\/www.gjh.de\\\/frog\\\/ueber-uns\\\/faq-mitgliedschaft-gjh\\\/\"]}]},{\"@type\":\"BreadcrumbList\",\"@id\":\"https:\\\/\\\/www.gjh.de\\\/frog\\\/ueber-uns\\\/faq-mitgliedschaft-gjh\\\/#breadcrumb\",\"itemListElement\":[{\"@type\":\"ListItem\",\"position\":1,\"name\":\"Startseite\",\"item\":\"https:\\\/\\\/www.gjh.de\\\/frog\\\/\"},{\"@type\":\"ListItem\",\"position\":2,\"name\":\"\u00dcber uns\",\"item\":\"https:\\\/\\\/www.gjh.de\\\/frog\\\/ueber-uns\\\/\"},{\"@type\":\"ListItem\",\"position\":3,\"name\":\"FAQ Mitgliedschaft GJ(H)\"}]},{\"@type\":\"WebSite\",\"@id\":\"https:\\\/\\\/www.gjh.de\\\/frog\\\/#website\",\"url\":\"https:\\\/\\\/www.gjh.de\\\/frog\\\/\",\"name\":\"GR\u00dcNE JUGEND Hessen\",\"description\":\"\",\"potentialAction\":[{\"@type\":\"SearchAction\",\"target\":{\"@type\":\"EntryPoint\",\"urlTemplate\":\"https:\\\/\\\/www.gjh.de\\\/frog\\\/?s={search_term_string}\"},\"query-input\":{\"@type\":\"PropertyValueSpecification\",\"valueRequired\":true,\"valueName\":\"search_term_string\"}}],\"inLanguage\":\"de\"}]}<\/script>\n<!-- \/ Yoast SEO plugin. -->","yoast_head_json":{"title":"FAQ Mitgliedschaft GJ(H) - GR\u00dcNE JUGEND Hessen","description":"Im FAQ findest du Antworten auf die meisten Fragen zur Mitgliedschaft bei uns. Falls nicht, dann schreib uns an mail@gjh.de","robots":{"index":"index","follow":"follow","max-snippet":"max-snippet:-1","max-image-preview":"max-image-preview:large","max-video-preview":"max-video-preview:-1"},"canonical":"https:\/\/www.gjh.de\/frog\/ueber-uns\/faq-mitgliedschaft-gjh\/","og_locale":"de_DE","og_type":"article","og_title":"FAQ Mitgliedschaft GJ(H) - GR\u00dcNE JUGEND Hessen","og_description":"Im FAQ findest du Antworten auf die meisten Fragen zur Mitgliedschaft bei uns. Falls nicht, dann schreib uns an mail@gjh.de","og_url":"https:\/\/www.gjh.de\/frog\/ueber-uns\/faq-mitgliedschaft-gjh\/","og_site_name":"GR\u00dcNE JUGEND Hessen","article_modified_time":"2025-01-07T14:03:12+00:00","twitter_card":"summary_large_image","twitter_misc":{"Gesch\u00e4tzte Lesezeit":"3\u00a0Minuten"},"schema":{"@context":"https:\/\/schema.org","@graph":[{"@type":"WebPage","@id":"https:\/\/www.gjh.de\/frog\/ueber-uns\/faq-mitgliedschaft-gjh\/","url":"https:\/\/www.gjh.de\/frog\/ueber-uns\/faq-mitgliedschaft-gjh\/","name":"FAQ Mitgliedschaft GJ(H) - GR\u00dcNE JUGEND Hessen","isPartOf":{"@id":"https:\/\/www.gjh.de\/frog\/#website"},"datePublished":"2024-03-01T11:56:56+00:00","dateModified":"2025-01-07T14:03:12+00:00","description":"Im FAQ findest du Antworten auf die meisten Fragen zur Mitgliedschaft bei uns. Falls nicht, dann schreib uns an mail@gjh.de","breadcrumb":{"@id":"https:\/\/www.gjh.de\/frog\/ueber-uns\/faq-mitgliedschaft-gjh\/#breadcrumb"},"inLanguage":"de","potentialAction":[{"@type":"ReadAction","target":["https:\/\/www.gjh.de\/frog\/ueber-uns\/faq-mitgliedschaft-gjh\/"]}]},{"@type":"BreadcrumbList","@id":"https:\/\/www.gjh.de\/frog\/ueber-uns\/faq-mitgliedschaft-gjh\/#breadcrumb","itemListElement":[{"@type":"ListItem","position":1,"name":"Startseite","item":"https:\/\/www.gjh.de\/frog\/"},{"@type":"ListItem","position":2,"name":"\u00dcber uns","item":"https:\/\/www.gjh.de\/frog\/ueber-uns\/"},{"@type":"ListItem","position":3,"name":"FAQ Mitgliedschaft GJ(H)"}]},{"@type":"WebSite","@id":"https:\/\/www.gjh.de\/frog\/#website","url":"https:\/\/www.gjh.de\/frog\/","name":"GR\u00dcNE JUGEND Hessen","description":"","potentialAction":[{"@type":"SearchAction","target":{"@type":"EntryPoint","urlTemplate":"https:\/\/www.gjh.de\/frog\/?s={search_term_string}"},"query-input":{"@type":"PropertyValueSpecification","valueRequired":true,"valueName":"search_term_string"}}],"inLanguage":"de"}]}},"_links":{"self":[{"href":"https:\/\/www.gjh.de\/frog\/wp-json\/wp\/v2\/pages\/11959","targetHints":{"allow":["GET"]}}],"collection":[{"href":"https:\/\/www.gjh.de\/frog\/wp-json\/wp\/v2\/pages"}],"about":[{"href":"https:\/\/www.gjh.de\/frog\/wp-json\/wp\/v2\/types\/page"}],"author":[{"embeddable":true,"href":"https:\/\/www.gjh.de\/frog\/wp-json\/wp\/v2\/users\/1"}],"replies":[{"embeddable":true,"href":"https:\/\/www.gjh.de\/frog\/wp-json\/wp\/v2\/comments?post=11959"}],"version-history":[{"count":4,"href":"https:\/\/www.gjh.de\/frog\/wp-json\/wp\/v2\/pages\/11959\/revisions"}],"predecessor-version":[{"id":12495,"href":"https:\/\/www.gjh.de\/frog\/wp-json\/wp\/v2\/pages\/11959\/revisions\/12495"}],"up":[{"embeddable":true,"href":"https:\/\/www.gjh.de\/frog\/wp-json\/wp\/v2\/pages\/3261"}],"wp:attachment":[{"href":"https:\/\/www.gjh.de\/frog\/wp-json\/wp\/v2\/media?parent=11959"}],"curies":[{"name":"wp","href":"https:\/\/api.w.org\/{rel}","templated":true}]}}