{"id":12062,"date":"2024-04-23T16:36:13","date_gmt":"2024-04-23T14:36:13","guid":{"rendered":"https:\/\/www.gjh.de\/frog\/?page_id=12062"},"modified":"2024-04-23T16:36:19","modified_gmt":"2024-04-23T14:36:19","slug":"gruene-jugend-odenwald","status":"publish","type":"page","link":"https:\/\/www.gjh.de\/frog\/gruene-jugend-odenwald\/","title":{"rendered":"GR\u00dcNE JUGEND Odenwald"},"content":{"rendered":"\n<p>Sch\u00f6n, dass du vorbeischaust und dich f\u00fcr die GR\u00dcNE JUGEND Odenwald interessierst. Wir sind derzeit dabei, die GJ wieder aufzubauen und junge Menschen vor Ort f\u00fcr unsere Arbeit zu begeistern.<\/p>\n\n\n\n<p>Du willst mitmachen? Dann meld dich gerne bei uns in der Landesgesch\u00e4ftsstelle unter <a href=\"mailto:mail@gjh.de\">mail@gjh.de<\/a>!<\/p>\n","protected":false},"excerpt":{"rendered":"<p>Sch\u00f6n, dass du vorbeischaust und dich f\u00fcr die GR\u00dcNE JUGEND Odenwald interessierst. Wir sind derzeit dabei, die GJ wieder aufzubauen und junge Menschen vor Ort f\u00fcr unsere Arbeit zu begeistern. Du willst mitmachen? Dann meld dich gerne bei uns in der Landesgesch\u00e4ftsstelle unter mail@gjh.de!<\/p>\n","protected":false},"author":114,"featured_media":0,"parent":0,"menu_order":0,"comment_status":"closed","ping_status":"closed","template":"","meta":{"footnotes":""},"class_list":["post-12062","page","type-page","status-publish","hentry"],"yoast_head":"<!-- This site is optimized with the Yoast SEO plugin v27.4 - https:\/\/yoast.com\/product\/yoast-seo-wordpress\/ -->\n<title>GR\u00dcNE JUGEND Odenwald - GR\u00dcNE JUGEND Hessen<\/title>\n<meta name=\"robots\" content=\"index, follow, max-snippet:-1, max-image-preview:large, max-video-preview:-1\" \/>\n<link rel=\"canonical\" href=\"https:\/\/www.gjh.de\/frog\/gruene-jugend-odenwald\/\" \/>\n<meta property=\"og:locale\" content=\"de_DE\" \/>\n<meta property=\"og:type\" content=\"article\" \/>\n<meta property=\"og:title\" content=\"GR\u00dcNE JUGEND Odenwald - GR\u00dcNE JUGEND Hessen\" \/>\n<meta property=\"og:description\" content=\"Sch\u00f6n, dass du vorbeischaust und dich f\u00fcr die GR\u00dcNE JUGEND Odenwald interessierst. Wir sind derzeit dabei, die GJ wieder aufzubauen und junge Menschen vor Ort f\u00fcr unsere Arbeit zu begeistern. Du willst mitmachen? Dann meld dich gerne bei uns in der Landesgesch\u00e4ftsstelle unter mail@gjh.de!\" \/>\n<meta property=\"og:url\" content=\"https:\/\/www.gjh.de\/frog\/gruene-jugend-odenwald\/\" \/>\n<meta property=\"og:site_name\" content=\"GR\u00dcNE JUGEND Hessen\" \/>\n<meta property=\"article:modified_time\" content=\"2024-04-23T14:36:19+00:00\" \/>\n<meta name=\"twitter:card\" content=\"summary_large_image\" \/>\n<meta name=\"twitter:label1\" content=\"Gesch\u00e4tzte Lesezeit\" \/>\n\t<meta name=\"twitter:data1\" content=\"1\u00a0Minute\" \/>\n<script type=\"application\/ld+json\" class=\"yoast-schema-graph\">{\"@context\":\"https:\\\/\\\/schema.org\",\"@graph\":[{\"@type\":\"WebPage\",\"@id\":\"https:\\\/\\\/www.gjh.de\\\/frog\\\/gruene-jugend-odenwald\\\/\",\"url\":\"https:\\\/\\\/www.gjh.de\\\/frog\\\/gruene-jugend-odenwald\\\/\",\"name\":\"GR\u00dcNE JUGEND Odenwald - GR\u00dcNE JUGEND Hessen\",\"isPartOf\":{\"@id\":\"https:\\\/\\\/www.gjh.de\\\/frog\\\/#website\"},\"datePublished\":\"2024-04-23T14:36:13+00:00\",\"dateModified\":\"2024-04-23T14:36:19+00:00\",\"breadcrumb\":{\"@id\":\"https:\\\/\\\/www.gjh.de\\\/frog\\\/gruene-jugend-odenwald\\\/#breadcrumb\"},\"inLanguage\":\"de\",\"potentialAction\":[{\"@type\":\"ReadAction\",\"target\":[\"https:\\\/\\\/www.gjh.de\\\/frog\\\/gruene-jugend-odenwald\\\/\"]}]},{\"@type\":\"BreadcrumbList\",\"@id\":\"https:\\\/\\\/www.gjh.de\\\/frog\\\/gruene-jugend-odenwald\\\/#breadcrumb\",\"itemListElement\":[{\"@type\":\"ListItem\",\"position\":1,\"name\":\"Startseite\",\"item\":\"https:\\\/\\\/www.gjh.de\\\/frog\\\/\"},{\"@type\":\"ListItem\",\"position\":2,\"name\":\"GR\u00dcNE JUGEND Odenwald\"}]},{\"@type\":\"WebSite\",\"@id\":\"https:\\\/\\\/www.gjh.de\\\/frog\\\/#website\",\"url\":\"https:\\\/\\\/www.gjh.de\\\/frog\\\/\",\"name\":\"GR\u00dcNE JUGEND Hessen\",\"description\":\"\",\"potentialAction\":[{\"@type\":\"SearchAction\",\"target\":{\"@type\":\"EntryPoint\",\"urlTemplate\":\"https:\\\/\\\/www.gjh.de\\\/frog\\\/?s={search_term_string}\"},\"query-input\":{\"@type\":\"PropertyValueSpecification\",\"valueRequired\":true,\"valueName\":\"search_term_string\"}}],\"inLanguage\":\"de\"}]}<\/script>\n<!-- \/ Yoast SEO plugin. -->","yoast_head_json":{"title":"GR\u00dcNE JUGEND Odenwald - GR\u00dcNE JUGEND Hessen","robots":{"index":"index","follow":"follow","max-snippet":"max-snippet:-1","max-image-preview":"max-image-preview:large","max-video-preview":"max-video-preview:-1"},"canonical":"https:\/\/www.gjh.de\/frog\/gruene-jugend-odenwald\/","og_locale":"de_DE","og_type":"article","og_title":"GR\u00dcNE JUGEND Odenwald - GR\u00dcNE JUGEND Hessen","og_description":"Sch\u00f6n, dass du vorbeischaust und dich f\u00fcr die GR\u00dcNE JUGEND Odenwald interessierst. Wir sind derzeit dabei, die GJ wieder aufzubauen und junge Menschen vor Ort f\u00fcr unsere Arbeit zu begeistern. Du willst mitmachen? Dann meld dich gerne bei uns in der Landesgesch\u00e4ftsstelle unter mail@gjh.de!","og_url":"https:\/\/www.gjh.de\/frog\/gruene-jugend-odenwald\/","og_site_name":"GR\u00dcNE JUGEND Hessen","article_modified_time":"2024-04-23T14:36:19+00:00","twitter_card":"summary_large_image","twitter_misc":{"Gesch\u00e4tzte Lesezeit":"1\u00a0Minute"},"schema":{"@context":"https:\/\/schema.org","@graph":[{"@type":"WebPage","@id":"https:\/\/www.gjh.de\/frog\/gruene-jugend-odenwald\/","url":"https:\/\/www.gjh.de\/frog\/gruene-jugend-odenwald\/","name":"GR\u00dcNE JUGEND Odenwald - GR\u00dcNE JUGEND Hessen","isPartOf":{"@id":"https:\/\/www.gjh.de\/frog\/#website"},"datePublished":"2024-04-23T14:36:13+00:00","dateModified":"2024-04-23T14:36:19+00:00","breadcrumb":{"@id":"https:\/\/www.gjh.de\/frog\/gruene-jugend-odenwald\/#breadcrumb"},"inLanguage":"de","potentialAction":[{"@type":"ReadAction","target":["https:\/\/www.gjh.de\/frog\/gruene-jugend-odenwald\/"]}]},{"@type":"BreadcrumbList","@id":"https:\/\/www.gjh.de\/frog\/gruene-jugend-odenwald\/#breadcrumb","itemListElement":[{"@type":"ListItem","position":1,"name":"Startseite","item":"https:\/\/www.gjh.de\/frog\/"},{"@type":"ListItem","position":2,"name":"GR\u00dcNE JUGEND Odenwald"}]},{"@type":"WebSite","@id":"https:\/\/www.gjh.de\/frog\/#website","url":"https:\/\/www.gjh.de\/frog\/","name":"GR\u00dcNE JUGEND Hessen","description":"","potentialAction":[{"@type":"SearchAction","target":{"@type":"EntryPoint","urlTemplate":"https:\/\/www.gjh.de\/frog\/?s={search_term_string}"},"query-input":{"@type":"PropertyValueSpecification","valueRequired":true,"valueName":"search_term_string"}}],"inLanguage":"de"}]}},"_links":{"self":[{"href":"https:\/\/www.gjh.de\/frog\/wp-json\/wp\/v2\/pages\/12062","targetHints":{"allow":["GET"]}}],"collection":[{"href":"https:\/\/www.gjh.de\/frog\/wp-json\/wp\/v2\/pages"}],"about":[{"href":"https:\/\/www.gjh.de\/frog\/wp-json\/wp\/v2\/types\/page"}],"author":[{"embeddable":true,"href":"https:\/\/www.gjh.de\/frog\/wp-json\/wp\/v2\/users\/114"}],"replies":[{"embeddable":true,"href":"https:\/\/www.gjh.de\/frog\/wp-json\/wp\/v2\/comments?post=12062"}],"version-history":[{"count":1,"href":"https:\/\/www.gjh.de\/frog\/wp-json\/wp\/v2\/pages\/12062\/revisions"}],"predecessor-version":[{"id":12063,"href":"https:\/\/www.gjh.de\/frog\/wp-json\/wp\/v2\/pages\/12062\/revisions\/12063"}],"wp:attachment":[{"href":"https:\/\/www.gjh.de\/frog\/wp-json\/wp\/v2\/media?parent=12062"}],"curies":[{"name":"wp","href":"https:\/\/api.w.org\/{rel}","templated":true}]}}