{"id":12115,"date":"2024-05-15T09:41:18","date_gmt":"2024-05-15T07:41:18","guid":{"rendered":"https:\/\/www.gjh.de\/frog\/?page_id=12115"},"modified":"2026-03-13T12:30:06","modified_gmt":"2026-03-13T11:30:06","slug":"jobs","status":"publish","type":"page","link":"https:\/\/www.gjh.de\/frog\/jobs\/","title":{"rendered":"Jobs"},"content":{"rendered":"\n<p class=\"has-medium-font-size\"><\/p>\n\n\n\n<p class=\"has-medium-font-size\">Du bist auf der Suche nach einem Platz f\u00fcr dein Sch\u00fcler*innen- oder Student*innenpraktikum und m\u00f6chtest gerne mal bei uns reinschauen, wie gr\u00fcne Politik in einem Jugendverband gemacht wird? Dann melde dich gerne mit dem gew\u00fcnschten Zeitraum in der Landesgesch\u00e4ftsstelle per Mail an <a href=\"mailto:jobs@gjh.de\">jobs[at]gjh.de<\/a><\/p>\n\n\n\n<p><\/p>\n\n\n\n<p class=\"has-medium-font-size\"><\/p>\n","protected":false},"excerpt":{"rendered":"<p>Du bist auf der Suche nach einem Platz f\u00fcr dein Sch\u00fcler*innen- oder Student*innenpraktikum und m\u00f6chtest gerne mal bei uns reinschauen, wie gr\u00fcne Politik in einem Jugendverband gemacht wird? Dann melde dich gerne mit dem gew\u00fcnschten Zeitraum in der Landesgesch\u00e4ftsstelle per Mail an jobs[at]gjh.de<\/p>\n","protected":false},"author":1,"featured_media":0,"parent":0,"menu_order":0,"comment_status":"closed","ping_status":"closed","template":"","meta":{"footnotes":""},"class_list":["post-12115","page","type-page","status-publish","hentry"],"yoast_head":"<!-- This site is optimized with the Yoast SEO plugin v27.5 - https:\/\/yoast.com\/product\/yoast-seo-wordpress\/ -->\n<title>Jobs - GR\u00dcNE JUGEND Hessen<\/title>\n<meta name=\"description\" content=\"Hier findest du alle Infos zu offenen Stellen, gr\u00fcnen Jobs und M\u00f6glichkeiten zur Absolvierung eines Praktikums.\" \/>\n<meta name=\"robots\" content=\"index, follow, max-snippet:-1, max-image-preview:large, max-video-preview:-1\" \/>\n<link rel=\"canonical\" href=\"https:\/\/www.gjh.de\/frog\/jobs\/\" \/>\n<meta property=\"og:locale\" content=\"de_DE\" \/>\n<meta property=\"og:type\" content=\"article\" \/>\n<meta property=\"og:title\" content=\"Jobs - GR\u00dcNE JUGEND Hessen\" \/>\n<meta property=\"og:description\" content=\"Hier findest du alle Infos zu offenen Stellen, gr\u00fcnen Jobs und M\u00f6glichkeiten zur Absolvierung eines Praktikums.\" \/>\n<meta property=\"og:url\" content=\"https:\/\/www.gjh.de\/frog\/jobs\/\" \/>\n<meta property=\"og:site_name\" content=\"GR\u00dcNE JUGEND Hessen\" \/>\n<meta property=\"article:modified_time\" content=\"2026-03-13T11:30:06+00:00\" \/>\n<meta name=\"twitter:card\" content=\"summary_large_image\" \/>\n<meta name=\"twitter:label1\" content=\"Gesch\u00e4tzte Lesezeit\" \/>\n\t<meta name=\"twitter:data1\" content=\"3\u00a0Minuten\" \/>\n<script type=\"application\/ld+json\" class=\"yoast-schema-graph\">{\"@context\":\"https:\\\/\\\/schema.org\",\"@graph\":[{\"@type\":\"WebPage\",\"@id\":\"https:\\\/\\\/www.gjh.de\\\/frog\\\/jobs\\\/\",\"url\":\"https:\\\/\\\/www.gjh.de\\\/frog\\\/jobs\\\/\",\"name\":\"Jobs - GR\u00dcNE JUGEND Hessen\",\"isPartOf\":{\"@id\":\"https:\\\/\\\/www.gjh.de\\\/frog\\\/#website\"},\"datePublished\":\"2024-05-15T07:41:18+00:00\",\"dateModified\":\"2026-03-13T11:30:06+00:00\",\"description\":\"Hier findest du alle Infos zu offenen Stellen, gr\u00fcnen Jobs und M\u00f6glichkeiten zur Absolvierung eines Praktikums.\",\"breadcrumb\":{\"@id\":\"https:\\\/\\\/www.gjh.de\\\/frog\\\/jobs\\\/#breadcrumb\"},\"inLanguage\":\"de\",\"potentialAction\":[{\"@type\":\"ReadAction\",\"target\":[\"https:\\\/\\\/www.gjh.de\\\/frog\\\/jobs\\\/\"]}]},{\"@type\":\"BreadcrumbList\",\"@id\":\"https:\\\/\\\/www.gjh.de\\\/frog\\\/jobs\\\/#breadcrumb\",\"itemListElement\":[{\"@type\":\"ListItem\",\"position\":1,\"name\":\"Startseite\",\"item\":\"https:\\\/\\\/www.gjh.de\\\/frog\\\/\"},{\"@type\":\"ListItem\",\"position\":2,\"name\":\"Jobs\"}]},{\"@type\":\"WebSite\",\"@id\":\"https:\\\/\\\/www.gjh.de\\\/frog\\\/#website\",\"url\":\"https:\\\/\\\/www.gjh.de\\\/frog\\\/\",\"name\":\"GR\u00dcNE JUGEND Hessen\",\"description\":\"\",\"potentialAction\":[{\"@type\":\"SearchAction\",\"target\":{\"@type\":\"EntryPoint\",\"urlTemplate\":\"https:\\\/\\\/www.gjh.de\\\/frog\\\/?s={search_term_string}\"},\"query-input\":{\"@type\":\"PropertyValueSpecification\",\"valueRequired\":true,\"valueName\":\"search_term_string\"}}],\"inLanguage\":\"de\"}]}<\/script>\n<!-- \/ Yoast SEO plugin. -->","yoast_head_json":{"title":"Jobs - GR\u00dcNE JUGEND Hessen","description":"Hier findest du alle Infos zu offenen Stellen, gr\u00fcnen Jobs und M\u00f6glichkeiten zur Absolvierung eines Praktikums.","robots":{"index":"index","follow":"follow","max-snippet":"max-snippet:-1","max-image-preview":"max-image-preview:large","max-video-preview":"max-video-preview:-1"},"canonical":"https:\/\/www.gjh.de\/frog\/jobs\/","og_locale":"de_DE","og_type":"article","og_title":"Jobs - GR\u00dcNE JUGEND Hessen","og_description":"Hier findest du alle Infos zu offenen Stellen, gr\u00fcnen Jobs und M\u00f6glichkeiten zur Absolvierung eines Praktikums.","og_url":"https:\/\/www.gjh.de\/frog\/jobs\/","og_site_name":"GR\u00dcNE JUGEND Hessen","article_modified_time":"2026-03-13T11:30:06+00:00","twitter_card":"summary_large_image","twitter_misc":{"Gesch\u00e4tzte Lesezeit":"3\u00a0Minuten"},"schema":{"@context":"https:\/\/schema.org","@graph":[{"@type":"WebPage","@id":"https:\/\/www.gjh.de\/frog\/jobs\/","url":"https:\/\/www.gjh.de\/frog\/jobs\/","name":"Jobs - GR\u00dcNE JUGEND Hessen","isPartOf":{"@id":"https:\/\/www.gjh.de\/frog\/#website"},"datePublished":"2024-05-15T07:41:18+00:00","dateModified":"2026-03-13T11:30:06+00:00","description":"Hier findest du alle Infos zu offenen Stellen, gr\u00fcnen Jobs und M\u00f6glichkeiten zur Absolvierung eines Praktikums.","breadcrumb":{"@id":"https:\/\/www.gjh.de\/frog\/jobs\/#breadcrumb"},"inLanguage":"de","potentialAction":[{"@type":"ReadAction","target":["https:\/\/www.gjh.de\/frog\/jobs\/"]}]},{"@type":"BreadcrumbList","@id":"https:\/\/www.gjh.de\/frog\/jobs\/#breadcrumb","itemListElement":[{"@type":"ListItem","position":1,"name":"Startseite","item":"https:\/\/www.gjh.de\/frog\/"},{"@type":"ListItem","position":2,"name":"Jobs"}]},{"@type":"WebSite","@id":"https:\/\/www.gjh.de\/frog\/#website","url":"https:\/\/www.gjh.de\/frog\/","name":"GR\u00dcNE JUGEND Hessen","description":"","potentialAction":[{"@type":"SearchAction","target":{"@type":"EntryPoint","urlTemplate":"https:\/\/www.gjh.de\/frog\/?s={search_term_string}"},"query-input":{"@type":"PropertyValueSpecification","valueRequired":true,"valueName":"search_term_string"}}],"inLanguage":"de"}]}},"_links":{"self":[{"href":"https:\/\/www.gjh.de\/frog\/wp-json\/wp\/v2\/pages\/12115","targetHints":{"allow":["GET"]}}],"collection":[{"href":"https:\/\/www.gjh.de\/frog\/wp-json\/wp\/v2\/pages"}],"about":[{"href":"https:\/\/www.gjh.de\/frog\/wp-json\/wp\/v2\/types\/page"}],"author":[{"embeddable":true,"href":"https:\/\/www.gjh.de\/frog\/wp-json\/wp\/v2\/users\/1"}],"replies":[{"embeddable":true,"href":"https:\/\/www.gjh.de\/frog\/wp-json\/wp\/v2\/comments?post=12115"}],"version-history":[{"count":7,"href":"https:\/\/www.gjh.de\/frog\/wp-json\/wp\/v2\/pages\/12115\/revisions"}],"predecessor-version":[{"id":13138,"href":"https:\/\/www.gjh.de\/frog\/wp-json\/wp\/v2\/pages\/12115\/revisions\/13138"}],"wp:attachment":[{"href":"https:\/\/www.gjh.de\/frog\/wp-json\/wp\/v2\/media?parent=12115"}],"curies":[{"name":"wp","href":"https:\/\/api.w.org\/{rel}","templated":true}]}}