{"id":12281,"date":"2024-11-11T13:47:15","date_gmt":"2024-11-11T12:47:15","guid":{"rendered":"https:\/\/www.gjh.de\/frog\/?page_id=12281"},"modified":"2024-11-11T15:05:52","modified_gmt":"2024-11-11T14:05:52","slug":"komm-ins-kampagnenteam","status":"publish","type":"page","link":"https:\/\/www.gjh.de\/frog\/komm-ins-kampagnenteam\/","title":{"rendered":"Komm ins Kampagnenteam!"},"content":{"rendered":"\n<p class=\"has-medium-font-size\">Das kommende Jahr wird gepr\u00e4gt sein von Wahlk\u00e4mpfen. Auf die Bundestagswahl Anfang 2025 folgt dahinter die hessische Kommunalwahl im Fr\u00fchjahr 2026. Und ob in der eigenen Kommune oder in Berlin: Es braucht eine starke, linke Stimme, die solidarische Antworten auf die Probleme unserer Zeit bietet.<\/p>\n\n\n\n<p class=\"has-medium-font-size\"><strong>Und daf\u00fcr brauchen wir euch! <\/strong>Gemeinsam mit einem 8-k\u00f6pfigen Kampagnenteam (davon zwei Landesvorstandsmitglieder) wollen wir die Bundestagswahl-Kampagne der GR\u00dcNEN JUGEND auf die Stra\u00dfe bringen. <\/p>\n\n\n\n<p class=\"has-medium-font-size\">Du hast Bock die Kampagne in Hessen umzusetzen? <\/p>\n\n\n\n<ul class=\"wp-block-list\">\n<li class=\"has-large-font-size\"><strong>Dann melde dich bei uns bis zum 22. November 2024<\/strong><\/li>\n<\/ul>\n\n\n\n<p>Der Landesvorstand wird in der Woche danach das finale Kampagnenteam bekannt geben und direkt mit dem Team in die Arbeit starten. <\/p>\n\n\n<div class=\"wpforms-container wpforms-container-full wpforms-block wpforms-block-9978f51e-a1e4-47d8-acb0-e2b82204868a\" id=\"wpforms-10697\"><form id=\"wpforms-form-10697\" class=\"wpforms-validate wpforms-form wpforms-ajax-form\" data-formid=\"10697\" method=\"post\" enctype=\"multipart\/form-data\" action=\"\/frog\/wp-json\/wp\/v2\/pages\/12281\" data-token=\"36a19091420ec4a2ba824764e4eca55f\" data-token-time=\"1777969953\"><div class=\"wpforms-head-container\"><div class=\"wpforms-description\">Mit dem Abschicken deiner Bewerbung erkl\u00e4rst du dich damit einverstanden, dass die Landesgesch\u00e4ftsstelle und der Landesvorstand deine Daten pr\u00fcfen und dich f\u00fcr das weitere Verfahren kontaktieren d\u00fcrfen. <\/div><\/div><noscript class=\"wpforms-error-noscript\">Bitte aktiviere JavaScript in deinem Browser, um dieses Formular fertigzustellen.<\/noscript><div class=\"wpforms-field-container\"><div id=\"wpforms-10697-field_1-container\" class=\"wpforms-field wpforms-field-name\" data-field-id=\"1\"><label class=\"wpforms-field-label\">Name <span class=\"wpforms-required-label\">*<\/span><\/label><div class=\"wpforms-field-row wpforms-field-medium\"><div class=\"wpforms-field-row-block wpforms-first wpforms-one-half\"><input type=\"text\" id=\"wpforms-10697-field_1\" class=\"wpforms-field-name-first wpforms-field-required\" name=\"wpforms[fields][1][first]\" required><label for=\"wpforms-10697-field_1\" class=\"wpforms-field-sublabel after\">Vorname<\/label><\/div><div class=\"wpforms-field-row-block wpforms-one-half\"><input type=\"text\" id=\"wpforms-10697-field_1-last\" class=\"wpforms-field-name-last wpforms-field-required\" name=\"wpforms[fields][1][last]\" required><label for=\"wpforms-10697-field_1-last\" class=\"wpforms-field-sublabel after\">Nachname<\/label><\/div><\/div><\/div><div id=\"wpforms-10697-field_2-container\" class=\"wpforms-field wpforms-field-email\" data-field-id=\"2\"><label class=\"wpforms-field-label\" for=\"wpforms-10697-field_2\">E-Mail <span class=\"wpforms-required-label\">*<\/span><\/label><input type=\"email\" id=\"wpforms-10697-field_2\" class=\"wpforms-field-medium wpforms-field-required\" name=\"wpforms[fields][2]\" spellcheck=\"false\" required><\/div><div id=\"wpforms-10697-field_9-container\" class=\"wpforms-field wpforms-field-select wpforms-field-select-style-classic\" data-field-id=\"9\"><label class=\"wpforms-field-label\" for=\"wpforms-10697-field_9\">Kreisverband <span class=\"wpforms-required-label\">*<\/span><\/label><select id=\"wpforms-10697-field_9\" class=\"wpforms-field-medium wpforms-field-required\" name=\"wpforms[fields][9]\" required=\"required\"><option value=\"[Leer]\"  class=\"choice-3 depth-1\"  >[Leer]<\/option><option value=\"Bergstra\u00dfe\"  class=\"choice-1 depth-1\"  >Bergstra\u00dfe<\/option><option value=\"Darmstadt\/Darmstadt-Dieburg\"  class=\"choice-2 depth-1\"  >Darmstadt\/Darmstadt-Dieburg<\/option><option value=\"Frankfurt\"  class=\"choice-11 depth-1\"  >Frankfurt<\/option><option value=\"Fulda\"  class=\"choice-10 depth-1\"  >Fulda<\/option><option value=\"Gie\u00dfen\"  class=\"choice-9 depth-1\"  >Gie\u00dfen<\/option><option value=\"Gro\u00df-Gerau\"  class=\"choice-8 depth-1\"  >Gro\u00df-Gerau<\/option><option value=\"Hersfeld-Rotenburg\"  class=\"choice-7 depth-1\"  >Hersfeld-Rotenburg<\/option><option value=\"Hochtaunus\"  class=\"choice-6 depth-1\"  >Hochtaunus<\/option><option value=\"Kassel\"  class=\"choice-5 depth-1\"  >Kassel<\/option><option value=\"Lahn-Dill\"  class=\"choice-4 depth-1\"  >Lahn-Dill<\/option><option value=\"Limburg-Weilburg\"  class=\"choice-14 depth-1\"  >Limburg-Weilburg<\/option><option value=\"Main-Kinzig\"  class=\"choice-13 depth-1\"  >Main-Kinzig<\/option><option value=\"Main-Taunus\"  class=\"choice-12 depth-1\"  >Main-Taunus<\/option><option value=\"Marburg-Biedenkopf\"  class=\"choice-20 depth-1\"  >Marburg-Biedenkopf<\/option><option value=\"Odenwald\"  class=\"choice-19 depth-1\"  >Odenwald<\/option><option value=\"Offenbach\"  class=\"choice-18 depth-1\"  >Offenbach<\/option><option value=\"Rheingau-Taunus\"  class=\"choice-17 depth-1\"  >Rheingau-Taunus<\/option><option value=\"Schwalm-Eder\"  class=\"choice-16 depth-1\"  >Schwalm-Eder<\/option><option value=\"Vogelsberg\"  class=\"choice-15 depth-1\"  >Vogelsberg<\/option><option value=\"Waldeck-Frankenberg\"  class=\"choice-24 depth-1\"  >Waldeck-Frankenberg<\/option><option value=\"Werra-Mei\u00dfner\"  class=\"choice-23 depth-1\"  >Werra-Mei\u00dfner<\/option><option value=\"Wetterau\"  class=\"choice-22 depth-1\"  >Wetterau<\/option><option value=\"Wiesbaden\"  class=\"choice-21 depth-1\"  >Wiesbaden<\/option><\/select><\/div><div id=\"wpforms-10697-field_3-container\" class=\"wpforms-field wpforms-field-radio\" data-field-id=\"3\"><label class=\"wpforms-field-label\">Wie alt bist du?  <span class=\"wpforms-required-label\">*<\/span><\/label><ul id=\"wpforms-10697-field_3\" class=\"wpforms-field-required\"><li class=\"choice-4 depth-1\"><input type=\"radio\" id=\"wpforms-10697-field_3_4\" name=\"wpforms[fields][3]\" value=\"unter 16\" required ><label class=\"wpforms-field-label-inline\" for=\"wpforms-10697-field_3_4\">unter 16<\/label><\/li><li class=\"choice-1 depth-1\"><input type=\"radio\" id=\"wpforms-10697-field_3_1\" name=\"wpforms[fields][3]\" value=\"unter 18\" required ><label class=\"wpforms-field-label-inline\" for=\"wpforms-10697-field_3_1\">unter 18<\/label><\/li><li class=\"choice-2 depth-1\"><input type=\"radio\" id=\"wpforms-10697-field_3_2\" name=\"wpforms[fields][3]\" value=\"\u00fcber 18\" required ><label class=\"wpforms-field-label-inline\" for=\"wpforms-10697-field_3_2\">\u00fcber 18<\/label><\/li><\/ul><\/div><div id=\"wpforms-10697-field_7-container\" class=\"wpforms-field wpforms-field-textarea\" data-field-id=\"7\"><label class=\"wpforms-field-label\" for=\"wpforms-10697-field_7\">Erz\u00e4hl ein bisschen von dir und deinem Werdegang in der GJ.  <span class=\"wpforms-required-label\">*<\/span><\/label><textarea id=\"wpforms-10697-field_7\" class=\"wpforms-field-medium wpforms-field-required\" name=\"wpforms[fields][7]\" required><\/textarea><\/div><div id=\"wpforms-10697-field_15-container\" class=\"wpforms-field wpforms-field-textarea\" data-field-id=\"15\"><label class=\"wpforms-field-label\" for=\"wpforms-10697-field_15\">Wieso willst du Teil des Kampagnenteams sein? <span class=\"wpforms-required-label\">*<\/span><\/label><textarea id=\"wpforms-10697-field_15\" class=\"wpforms-field-medium wpforms-field-required\" name=\"wpforms[fields][15]\" required><\/textarea><\/div><div id=\"wpforms-10697-field_10-container\" class=\"wpforms-field wpforms-field-textarea\" data-field-id=\"10\"><label class=\"wpforms-field-label\" for=\"wpforms-10697-field_10\">Hast du bereits Wahlkampferfahrungen gesammelt?  <span class=\"wpforms-required-label\">*<\/span><\/label><textarea id=\"wpforms-10697-field_10\" class=\"wpforms-field-medium wpforms-field-required\" name=\"wpforms[fields][10]\" required><\/textarea><\/div><div id=\"wpforms-10697-field_12-container\" class=\"wpforms-field wpforms-field-textarea\" data-field-id=\"12\"><label class=\"wpforms-field-label\" for=\"wpforms-10697-field_12\">Hast du noch Fragen? <\/label><textarea id=\"wpforms-10697-field_12\" class=\"wpforms-field-medium\" name=\"wpforms[fields][12]\" ><\/textarea><\/div><\/div><!-- .wpforms-field-container --><div class=\"wpforms-submit-container\" ><input type=\"hidden\" name=\"wpforms[id]\" value=\"10697\"><input type=\"hidden\" name=\"page_title\" value=\"\"><input type=\"hidden\" name=\"page_url\" value=\"https:\/\/www.gjh.de\/frog\/wp-json\/wp\/v2\/pages\/12281\"><input type=\"hidden\" name=\"url_referer\" value=\"\"><button type=\"submit\" name=\"wpforms[submit]\" id=\"wpforms-submit-10697\" class=\"wpforms-submit\" data-alt-text=\"Deine Daten werden verarbeitet ... \" data-submit-text=\"ABSCHICKEN!\" aria-live=\"assertive\" value=\"wpforms-submit\">ABSCHICKEN!<\/button><img loading=\"lazy\" decoding=\"async\" src=\"https:\/\/www.gjh.de\/frog\/wp-content\/plugins\/wpforms-lite\/assets\/images\/submit-spin.svg\" class=\"wpforms-submit-spinner\" style=\"display: none;\" width=\"26\" height=\"26\" alt=\"Wird geladen\"><\/div><\/form><\/div>  <!-- .wpforms-container -->","protected":false},"excerpt":{"rendered":"<p>Das kommende Jahr wird gepr\u00e4gt sein von Wahlk\u00e4mpfen. Auf die Bundestagswahl Anfang 2025 folgt dahinter die hessische Kommunalwahl im Fr\u00fchjahr 2026. Und ob in der eigenen Kommune oder in Berlin: Es braucht eine starke, linke Stimme, die solidarische Antworten auf die Probleme unserer Zeit bietet. Und daf\u00fcr brauchen wir euch! Gemeinsam mit einem 8-k\u00f6pfigen Kampagnenteam [&hellip;]<\/p>\n","protected":false},"author":1,"featured_media":0,"parent":0,"menu_order":0,"comment_status":"closed","ping_status":"closed","template":"","meta":{"footnotes":""},"class_list":["post-12281","page","type-page","status-publish","hentry"],"yoast_head":"<!-- This site is optimized with the Yoast SEO plugin v27.5 - https:\/\/yoast.com\/product\/yoast-seo-wordpress\/ -->\n<title>Komm ins Kampagnenteam!<\/title>\n<meta name=\"description\" content=\"Komm ins Kampagnenteam der GJH und hilf uns dabei, die Bundestagswahl-Kampagne der GR\u00dcNEN JUGEND auf die hessischen Stra\u00dfen zu bringen.\" \/>\n<meta name=\"robots\" content=\"index, follow, max-snippet:-1, max-image-preview:large, max-video-preview:-1\" \/>\n<link rel=\"canonical\" href=\"https:\/\/www.gjh.de\/frog\/komm-ins-kampagnenteam\/\" \/>\n<meta property=\"og:locale\" content=\"de_DE\" \/>\n<meta property=\"og:type\" content=\"article\" \/>\n<meta property=\"og:title\" content=\"Komm ins Kampagnenteam!\" \/>\n<meta property=\"og:description\" content=\"Komm ins Kampagnenteam der GJH und hilf uns dabei, die Bundestagswahl-Kampagne der GR\u00dcNEN JUGEND auf die hessischen Stra\u00dfen zu bringen.\" \/>\n<meta property=\"og:url\" content=\"https:\/\/www.gjh.de\/frog\/komm-ins-kampagnenteam\/\" \/>\n<meta property=\"og:site_name\" content=\"GR\u00dcNE JUGEND Hessen\" \/>\n<meta property=\"article:modified_time\" content=\"2024-11-11T14:05:52+00:00\" \/>\n<meta name=\"twitter:card\" content=\"summary_large_image\" \/>\n<meta name=\"twitter:label1\" content=\"Gesch\u00e4tzte Lesezeit\" \/>\n\t<meta name=\"twitter:data1\" content=\"1\u00a0Minute\" \/>\n<script type=\"application\/ld+json\" class=\"yoast-schema-graph\">{\"@context\":\"https:\\\/\\\/schema.org\",\"@graph\":[{\"@type\":\"WebPage\",\"@id\":\"https:\\\/\\\/www.gjh.de\\\/frog\\\/komm-ins-kampagnenteam\\\/\",\"url\":\"https:\\\/\\\/www.gjh.de\\\/frog\\\/komm-ins-kampagnenteam\\\/\",\"name\":\"Komm ins Kampagnenteam!\",\"isPartOf\":{\"@id\":\"https:\\\/\\\/www.gjh.de\\\/frog\\\/#website\"},\"datePublished\":\"2024-11-11T12:47:15+00:00\",\"dateModified\":\"2024-11-11T14:05:52+00:00\",\"description\":\"Komm ins Kampagnenteam der GJH und hilf uns dabei, die Bundestagswahl-Kampagne der GR\u00dcNEN JUGEND auf die hessischen Stra\u00dfen zu bringen.\",\"breadcrumb\":{\"@id\":\"https:\\\/\\\/www.gjh.de\\\/frog\\\/komm-ins-kampagnenteam\\\/#breadcrumb\"},\"inLanguage\":\"de\",\"potentialAction\":[{\"@type\":\"ReadAction\",\"target\":[\"https:\\\/\\\/www.gjh.de\\\/frog\\\/komm-ins-kampagnenteam\\\/\"]}]},{\"@type\":\"BreadcrumbList\",\"@id\":\"https:\\\/\\\/www.gjh.de\\\/frog\\\/komm-ins-kampagnenteam\\\/#breadcrumb\",\"itemListElement\":[{\"@type\":\"ListItem\",\"position\":1,\"name\":\"Startseite\",\"item\":\"https:\\\/\\\/www.gjh.de\\\/frog\\\/\"},{\"@type\":\"ListItem\",\"position\":2,\"name\":\"Komm ins Kampagnenteam!\"}]},{\"@type\":\"WebSite\",\"@id\":\"https:\\\/\\\/www.gjh.de\\\/frog\\\/#website\",\"url\":\"https:\\\/\\\/www.gjh.de\\\/frog\\\/\",\"name\":\"GR\u00dcNE JUGEND Hessen\",\"description\":\"\",\"potentialAction\":[{\"@type\":\"SearchAction\",\"target\":{\"@type\":\"EntryPoint\",\"urlTemplate\":\"https:\\\/\\\/www.gjh.de\\\/frog\\\/?s={search_term_string}\"},\"query-input\":{\"@type\":\"PropertyValueSpecification\",\"valueRequired\":true,\"valueName\":\"search_term_string\"}}],\"inLanguage\":\"de\"}]}<\/script>\n<!-- \/ Yoast SEO plugin. -->","yoast_head_json":{"title":"Komm ins Kampagnenteam!","description":"Komm ins Kampagnenteam der GJH und hilf uns dabei, die Bundestagswahl-Kampagne der GR\u00dcNEN JUGEND auf die hessischen Stra\u00dfen zu bringen.","robots":{"index":"index","follow":"follow","max-snippet":"max-snippet:-1","max-image-preview":"max-image-preview:large","max-video-preview":"max-video-preview:-1"},"canonical":"https:\/\/www.gjh.de\/frog\/komm-ins-kampagnenteam\/","og_locale":"de_DE","og_type":"article","og_title":"Komm ins Kampagnenteam!","og_description":"Komm ins Kampagnenteam der GJH und hilf uns dabei, die Bundestagswahl-Kampagne der GR\u00dcNEN JUGEND auf die hessischen Stra\u00dfen zu bringen.","og_url":"https:\/\/www.gjh.de\/frog\/komm-ins-kampagnenteam\/","og_site_name":"GR\u00dcNE JUGEND Hessen","article_modified_time":"2024-11-11T14:05:52+00:00","twitter_card":"summary_large_image","twitter_misc":{"Gesch\u00e4tzte Lesezeit":"1\u00a0Minute"},"schema":{"@context":"https:\/\/schema.org","@graph":[{"@type":"WebPage","@id":"https:\/\/www.gjh.de\/frog\/komm-ins-kampagnenteam\/","url":"https:\/\/www.gjh.de\/frog\/komm-ins-kampagnenteam\/","name":"Komm ins Kampagnenteam!","isPartOf":{"@id":"https:\/\/www.gjh.de\/frog\/#website"},"datePublished":"2024-11-11T12:47:15+00:00","dateModified":"2024-11-11T14:05:52+00:00","description":"Komm ins Kampagnenteam der GJH und hilf uns dabei, die Bundestagswahl-Kampagne der GR\u00dcNEN JUGEND auf die hessischen Stra\u00dfen zu bringen.","breadcrumb":{"@id":"https:\/\/www.gjh.de\/frog\/komm-ins-kampagnenteam\/#breadcrumb"},"inLanguage":"de","potentialAction":[{"@type":"ReadAction","target":["https:\/\/www.gjh.de\/frog\/komm-ins-kampagnenteam\/"]}]},{"@type":"BreadcrumbList","@id":"https:\/\/www.gjh.de\/frog\/komm-ins-kampagnenteam\/#breadcrumb","itemListElement":[{"@type":"ListItem","position":1,"name":"Startseite","item":"https:\/\/www.gjh.de\/frog\/"},{"@type":"ListItem","position":2,"name":"Komm ins Kampagnenteam!"}]},{"@type":"WebSite","@id":"https:\/\/www.gjh.de\/frog\/#website","url":"https:\/\/www.gjh.de\/frog\/","name":"GR\u00dcNE JUGEND Hessen","description":"","potentialAction":[{"@type":"SearchAction","target":{"@type":"EntryPoint","urlTemplate":"https:\/\/www.gjh.de\/frog\/?s={search_term_string}"},"query-input":{"@type":"PropertyValueSpecification","valueRequired":true,"valueName":"search_term_string"}}],"inLanguage":"de"}]}},"_links":{"self":[{"href":"https:\/\/www.gjh.de\/frog\/wp-json\/wp\/v2\/pages\/12281","targetHints":{"allow":["GET"]}}],"collection":[{"href":"https:\/\/www.gjh.de\/frog\/wp-json\/wp\/v2\/pages"}],"about":[{"href":"https:\/\/www.gjh.de\/frog\/wp-json\/wp\/v2\/types\/page"}],"author":[{"embeddable":true,"href":"https:\/\/www.gjh.de\/frog\/wp-json\/wp\/v2\/users\/1"}],"replies":[{"embeddable":true,"href":"https:\/\/www.gjh.de\/frog\/wp-json\/wp\/v2\/comments?post=12281"}],"version-history":[{"count":8,"href":"https:\/\/www.gjh.de\/frog\/wp-json\/wp\/v2\/pages\/12281\/revisions"}],"predecessor-version":[{"id":12298,"href":"https:\/\/www.gjh.de\/frog\/wp-json\/wp\/v2\/pages\/12281\/revisions\/12298"}],"wp:attachment":[{"href":"https:\/\/www.gjh.de\/frog\/wp-json\/wp\/v2\/media?parent=12281"}],"curies":[{"name":"wp","href":"https:\/\/api.w.org\/{rel}","templated":true}]}}