{"id":12436,"date":"2024-12-05T18:07:22","date_gmt":"2024-12-05T17:07:22","guid":{"rendered":"https:\/\/www.gjh.de\/frog\/?page_id=12436"},"modified":"2024-12-05T18:49:34","modified_gmt":"2024-12-05T17:49:34","slug":"martha-adam","status":"publish","type":"page","link":"https:\/\/www.gjh.de\/frog\/ueber-uns\/der-landesvorstand\/martha-adam\/","title":{"rendered":"Martha Adam"},"content":{"rendered":"\n<div class=\"wp-block-media-text alignwide has-media-on-the-right is-stacked-on-mobile\"><div class=\"wp-block-media-text__content\">\n<p><\/p>\n\n\n\n<p><strong>Pronomen<\/strong>: sie\/ihr<br><br><strong>Amt<\/strong>: Beisitzerin<br><br><strong>Alter<\/strong>: 23<br><br><strong>T\u00e4tigkeit<\/strong>: Landschaftsarchitekturstudentin<br><br><strong>Kreisverband<\/strong>: Kassel<br><br><strong>Themenschwerpunkte<\/strong>: Bildung, Queerpolitik, Klimaschutz<br><br><strong>Ich engagiere mich in der Politik<\/strong>, weil es eine linke und progressive Politik braucht, die wirklich etwas ver\u00e4ndern kann. Die Krisen unserer Zeit sind einfach zu heftig, um nichts ver\u00e4ndern zu wollen und die Gr\u00fcne Jugend ist f\u00fcr mich der perfekte Ort daf\u00fcr.<br><br><strong>Wenn ich nicht bei der GR\u00dcNEN JUGEND unterwegs bin<\/strong>, bin ich im Stall bei meinem Pony oder unterwegs mit Freund*innen.<br><br><strong>Regionale Ansprechpartnerin f\u00fcr<\/strong>: KV Werra-Mei\u00dfner, KV Schwalm-Eder, KV Waldeck-Frankenberg, KV Fulda<br><br>Instagram: <a href=\"https:\/\/www.instagram.com\/martenoderso_?igsh=dzY0Z2lzNmV4Z2l3\">@martenoderso_<\/a><\/p>\n\n\n\n<p>Telegram: <a href=\"https:\/\/t.me\/marthaadam\">@marthaadam<\/a><\/p>\n<\/div><figure class=\"wp-block-media-text__media\"><img loading=\"lazy\" decoding=\"async\" width=\"803\" height=\"1024\" src=\"https:\/\/www.gjh.de\/frog\/wp-content\/uploads\/Martha-803x1024.jpg\" alt=\"\" class=\"wp-image-12440 size-full\" srcset=\"https:\/\/www.gjh.de\/frog\/wp-content\/uploads\/Martha-803x1024.jpg 803w, https:\/\/www.gjh.de\/frog\/wp-content\/uploads\/Martha-235x300.jpg 235w, https:\/\/www.gjh.de\/frog\/wp-content\/uploads\/Martha-1204x1536.jpg 1204w, https:\/\/www.gjh.de\/frog\/wp-content\/uploads\/Martha-1605x2048.jpg 1605w, https:\/\/www.gjh.de\/frog\/wp-content\/uploads\/Martha-274x350.jpg 274w, https:\/\/www.gjh.de\/frog\/wp-content\/uploads\/Martha-549x700.jpg 549w, https:\/\/www.gjh.de\/frog\/wp-content\/uploads\/Martha-2000x2551.jpg 2000w, https:\/\/www.gjh.de\/frog\/wp-content\/uploads\/Martha-scaled.jpg 2007w\" sizes=\"auto, (max-width: 803px) 100vw, 803px\" \/><\/figure><\/div>\n","protected":false},"excerpt":{"rendered":"<p>Pronomen: sie\/ihr Amt: Beisitzerin Alter: 23 T\u00e4tigkeit: Landschaftsarchitekturstudentin Kreisverband: Kassel Themenschwerpunkte: Bildung, Queerpolitik, Klimaschutz Ich engagiere mich in der Politik, weil es eine linke und progressive Politik braucht, die wirklich etwas ver\u00e4ndern kann. Die Krisen unserer Zeit sind einfach zu heftig, um nichts ver\u00e4ndern zu wollen und die Gr\u00fcne Jugend ist f\u00fcr mich der perfekte [&hellip;]<\/p>\n","protected":false},"author":114,"featured_media":0,"parent":31,"menu_order":0,"comment_status":"closed","ping_status":"closed","template":"","meta":{"footnotes":""},"class_list":["post-12436","page","type-page","status-publish","hentry"],"yoast_head":"<!-- This site is optimized with the Yoast SEO plugin v27.5 - https:\/\/yoast.com\/product\/yoast-seo-wordpress\/ -->\n<title>Martha Adam - GR\u00dcNE JUGEND Hessen<\/title>\n<meta name=\"robots\" content=\"index, follow, max-snippet:-1, max-image-preview:large, max-video-preview:-1\" \/>\n<link rel=\"canonical\" href=\"https:\/\/www.gjh.de\/frog\/ueber-uns\/der-landesvorstand\/martha-adam\/\" \/>\n<meta property=\"og:locale\" content=\"de_DE\" \/>\n<meta property=\"og:type\" content=\"article\" \/>\n<meta property=\"og:title\" content=\"Martha Adam - GR\u00dcNE JUGEND Hessen\" \/>\n<meta property=\"og:description\" content=\"Pronomen: sie\/ihr Amt: Beisitzerin Alter: 23 T\u00e4tigkeit: Landschaftsarchitekturstudentin Kreisverband: Kassel Themenschwerpunkte: Bildung, Queerpolitik, Klimaschutz Ich engagiere mich in der Politik, weil es eine linke und progressive Politik braucht, die wirklich etwas ver\u00e4ndern kann. Die Krisen unserer Zeit sind einfach zu heftig, um nichts ver\u00e4ndern zu wollen und die Gr\u00fcne Jugend ist f\u00fcr mich der perfekte [&hellip;]\" \/>\n<meta property=\"og:url\" content=\"https:\/\/www.gjh.de\/frog\/ueber-uns\/der-landesvorstand\/martha-adam\/\" \/>\n<meta property=\"og:site_name\" content=\"GR\u00dcNE JUGEND Hessen\" \/>\n<meta property=\"article:modified_time\" content=\"2024-12-05T17:49:34+00:00\" \/>\n<meta property=\"og:image\" content=\"https:\/\/www.gjh.de\/frog\/wp-content\/uploads\/Martha-803x1024.jpg\" \/>\n<meta name=\"twitter:card\" content=\"summary_large_image\" \/>\n<meta name=\"twitter:label1\" content=\"Gesch\u00e4tzte Lesezeit\" \/>\n\t<meta name=\"twitter:data1\" content=\"1\u00a0Minute\" \/>\n<script type=\"application\/ld+json\" class=\"yoast-schema-graph\">{\"@context\":\"https:\\\/\\\/schema.org\",\"@graph\":[{\"@type\":\"WebPage\",\"@id\":\"https:\\\/\\\/www.gjh.de\\\/frog\\\/ueber-uns\\\/der-landesvorstand\\\/martha-adam\\\/\",\"url\":\"https:\\\/\\\/www.gjh.de\\\/frog\\\/ueber-uns\\\/der-landesvorstand\\\/martha-adam\\\/\",\"name\":\"Martha Adam - GR\u00dcNE JUGEND Hessen\",\"isPartOf\":{\"@id\":\"https:\\\/\\\/www.gjh.de\\\/frog\\\/#website\"},\"primaryImageOfPage\":{\"@id\":\"https:\\\/\\\/www.gjh.de\\\/frog\\\/ueber-uns\\\/der-landesvorstand\\\/martha-adam\\\/#primaryimage\"},\"image\":{\"@id\":\"https:\\\/\\\/www.gjh.de\\\/frog\\\/ueber-uns\\\/der-landesvorstand\\\/martha-adam\\\/#primaryimage\"},\"thumbnailUrl\":\"https:\\\/\\\/www.gjh.de\\\/frog\\\/wp-content\\\/uploads\\\/Martha-803x1024.jpg\",\"datePublished\":\"2024-12-05T17:07:22+00:00\",\"dateModified\":\"2024-12-05T17:49:34+00:00\",\"breadcrumb\":{\"@id\":\"https:\\\/\\\/www.gjh.de\\\/frog\\\/ueber-uns\\\/der-landesvorstand\\\/martha-adam\\\/#breadcrumb\"},\"inLanguage\":\"de\",\"potentialAction\":[{\"@type\":\"ReadAction\",\"target\":[\"https:\\\/\\\/www.gjh.de\\\/frog\\\/ueber-uns\\\/der-landesvorstand\\\/martha-adam\\\/\"]}]},{\"@type\":\"ImageObject\",\"inLanguage\":\"de\",\"@id\":\"https:\\\/\\\/www.gjh.de\\\/frog\\\/ueber-uns\\\/der-landesvorstand\\\/martha-adam\\\/#primaryimage\",\"url\":\"https:\\\/\\\/www.gjh.de\\\/frog\\\/wp-content\\\/uploads\\\/Martha-scaled.jpg\",\"contentUrl\":\"https:\\\/\\\/www.gjh.de\\\/frog\\\/wp-content\\\/uploads\\\/Martha-scaled.jpg\",\"width\":2007,\"height\":2560},{\"@type\":\"BreadcrumbList\",\"@id\":\"https:\\\/\\\/www.gjh.de\\\/frog\\\/ueber-uns\\\/der-landesvorstand\\\/martha-adam\\\/#breadcrumb\",\"itemListElement\":[{\"@type\":\"ListItem\",\"position\":1,\"name\":\"Startseite\",\"item\":\"https:\\\/\\\/www.gjh.de\\\/frog\\\/\"},{\"@type\":\"ListItem\",\"position\":2,\"name\":\"\u00dcber uns\",\"item\":\"https:\\\/\\\/www.gjh.de\\\/frog\\\/ueber-uns\\\/\"},{\"@type\":\"ListItem\",\"position\":3,\"name\":\"Landesvorstand\",\"item\":\"https:\\\/\\\/www.gjh.de\\\/frog\\\/ueber-uns\\\/der-landesvorstand\\\/\"},{\"@type\":\"ListItem\",\"position\":4,\"name\":\"Martha Adam\"}]},{\"@type\":\"WebSite\",\"@id\":\"https:\\\/\\\/www.gjh.de\\\/frog\\\/#website\",\"url\":\"https:\\\/\\\/www.gjh.de\\\/frog\\\/\",\"name\":\"GR\u00dcNE JUGEND Hessen\",\"description\":\"\",\"potentialAction\":[{\"@type\":\"SearchAction\",\"target\":{\"@type\":\"EntryPoint\",\"urlTemplate\":\"https:\\\/\\\/www.gjh.de\\\/frog\\\/?s={search_term_string}\"},\"query-input\":{\"@type\":\"PropertyValueSpecification\",\"valueRequired\":true,\"valueName\":\"search_term_string\"}}],\"inLanguage\":\"de\"}]}<\/script>\n<!-- \/ Yoast SEO plugin. -->","yoast_head_json":{"title":"Martha Adam - GR\u00dcNE JUGEND Hessen","robots":{"index":"index","follow":"follow","max-snippet":"max-snippet:-1","max-image-preview":"max-image-preview:large","max-video-preview":"max-video-preview:-1"},"canonical":"https:\/\/www.gjh.de\/frog\/ueber-uns\/der-landesvorstand\/martha-adam\/","og_locale":"de_DE","og_type":"article","og_title":"Martha Adam - GR\u00dcNE JUGEND Hessen","og_description":"Pronomen: sie\/ihr Amt: Beisitzerin Alter: 23 T\u00e4tigkeit: Landschaftsarchitekturstudentin Kreisverband: Kassel Themenschwerpunkte: Bildung, Queerpolitik, Klimaschutz Ich engagiere mich in der Politik, weil es eine linke und progressive Politik braucht, die wirklich etwas ver\u00e4ndern kann. Die Krisen unserer Zeit sind einfach zu heftig, um nichts ver\u00e4ndern zu wollen und die Gr\u00fcne Jugend ist f\u00fcr mich der perfekte [&hellip;]","og_url":"https:\/\/www.gjh.de\/frog\/ueber-uns\/der-landesvorstand\/martha-adam\/","og_site_name":"GR\u00dcNE JUGEND Hessen","article_modified_time":"2024-12-05T17:49:34+00:00","og_image":[{"url":"https:\/\/www.gjh.de\/frog\/wp-content\/uploads\/Martha-803x1024.jpg","type":"","width":"","height":""}],"twitter_card":"summary_large_image","twitter_misc":{"Gesch\u00e4tzte Lesezeit":"1\u00a0Minute"},"schema":{"@context":"https:\/\/schema.org","@graph":[{"@type":"WebPage","@id":"https:\/\/www.gjh.de\/frog\/ueber-uns\/der-landesvorstand\/martha-adam\/","url":"https:\/\/www.gjh.de\/frog\/ueber-uns\/der-landesvorstand\/martha-adam\/","name":"Martha Adam - GR\u00dcNE JUGEND Hessen","isPartOf":{"@id":"https:\/\/www.gjh.de\/frog\/#website"},"primaryImageOfPage":{"@id":"https:\/\/www.gjh.de\/frog\/ueber-uns\/der-landesvorstand\/martha-adam\/#primaryimage"},"image":{"@id":"https:\/\/www.gjh.de\/frog\/ueber-uns\/der-landesvorstand\/martha-adam\/#primaryimage"},"thumbnailUrl":"https:\/\/www.gjh.de\/frog\/wp-content\/uploads\/Martha-803x1024.jpg","datePublished":"2024-12-05T17:07:22+00:00","dateModified":"2024-12-05T17:49:34+00:00","breadcrumb":{"@id":"https:\/\/www.gjh.de\/frog\/ueber-uns\/der-landesvorstand\/martha-adam\/#breadcrumb"},"inLanguage":"de","potentialAction":[{"@type":"ReadAction","target":["https:\/\/www.gjh.de\/frog\/ueber-uns\/der-landesvorstand\/martha-adam\/"]}]},{"@type":"ImageObject","inLanguage":"de","@id":"https:\/\/www.gjh.de\/frog\/ueber-uns\/der-landesvorstand\/martha-adam\/#primaryimage","url":"https:\/\/www.gjh.de\/frog\/wp-content\/uploads\/Martha-scaled.jpg","contentUrl":"https:\/\/www.gjh.de\/frog\/wp-content\/uploads\/Martha-scaled.jpg","width":2007,"height":2560},{"@type":"BreadcrumbList","@id":"https:\/\/www.gjh.de\/frog\/ueber-uns\/der-landesvorstand\/martha-adam\/#breadcrumb","itemListElement":[{"@type":"ListItem","position":1,"name":"Startseite","item":"https:\/\/www.gjh.de\/frog\/"},{"@type":"ListItem","position":2,"name":"\u00dcber uns","item":"https:\/\/www.gjh.de\/frog\/ueber-uns\/"},{"@type":"ListItem","position":3,"name":"Landesvorstand","item":"https:\/\/www.gjh.de\/frog\/ueber-uns\/der-landesvorstand\/"},{"@type":"ListItem","position":4,"name":"Martha Adam"}]},{"@type":"WebSite","@id":"https:\/\/www.gjh.de\/frog\/#website","url":"https:\/\/www.gjh.de\/frog\/","name":"GR\u00dcNE JUGEND Hessen","description":"","potentialAction":[{"@type":"SearchAction","target":{"@type":"EntryPoint","urlTemplate":"https:\/\/www.gjh.de\/frog\/?s={search_term_string}"},"query-input":{"@type":"PropertyValueSpecification","valueRequired":true,"valueName":"search_term_string"}}],"inLanguage":"de"}]}},"_links":{"self":[{"href":"https:\/\/www.gjh.de\/frog\/wp-json\/wp\/v2\/pages\/12436","targetHints":{"allow":["GET"]}}],"collection":[{"href":"https:\/\/www.gjh.de\/frog\/wp-json\/wp\/v2\/pages"}],"about":[{"href":"https:\/\/www.gjh.de\/frog\/wp-json\/wp\/v2\/types\/page"}],"author":[{"embeddable":true,"href":"https:\/\/www.gjh.de\/frog\/wp-json\/wp\/v2\/users\/114"}],"replies":[{"embeddable":true,"href":"https:\/\/www.gjh.de\/frog\/wp-json\/wp\/v2\/comments?post=12436"}],"version-history":[{"count":3,"href":"https:\/\/www.gjh.de\/frog\/wp-json\/wp\/v2\/pages\/12436\/revisions"}],"predecessor-version":[{"id":12442,"href":"https:\/\/www.gjh.de\/frog\/wp-json\/wp\/v2\/pages\/12436\/revisions\/12442"}],"up":[{"embeddable":true,"href":"https:\/\/www.gjh.de\/frog\/wp-json\/wp\/v2\/pages\/31"}],"wp:attachment":[{"href":"https:\/\/www.gjh.de\/frog\/wp-json\/wp\/v2\/media?parent=12436"}],"curies":[{"name":"wp","href":"https:\/\/api.w.org\/{rel}","templated":true}]}}