{"id":12444,"date":"2025-11-02T18:51:00","date_gmt":"2025-11-02T17:51:00","guid":{"rendered":"https:\/\/www.gjh.de\/frog\/?page_id=12444"},"modified":"2025-12-05T16:40:49","modified_gmt":"2025-12-05T15:40:49","slug":"theo-schmuck","status":"publish","type":"page","link":"https:\/\/www.gjh.de\/frog\/ueber-uns\/der-landesvorstand\/theo-schmuck\/","title":{"rendered":"Theo Schmuck"},"content":{"rendered":"\n<div class=\"wp-block-media-text alignwide has-media-on-the-right is-stacked-on-mobile\"><div class=\"wp-block-media-text__content\">\n<p><\/p>\n\n\n\n<p><\/p>\n\n\n\n<p><strong>Pronomen<\/strong>: er\/ihn, dey\/deren<br><br><strong>Amt<\/strong>: Beisitz<br><br><strong>Alter<\/strong>: 26<br><br><strong>T\u00e4tigkeit<\/strong>: Geschichts- und Fachjournalistikstudi<br><br><strong>Kreisverband<\/strong>: Gie\u00dfen<br><br><strong>Themenschwerpunkte<\/strong>: Antidiskriminierung, Erinnerungsarbeit, Medienkritik<br><br><strong>Ich engagiere mich in der Politik<\/strong>, weil ein gutes Leben f\u00fcr alle nicht m\u00f6glich ist, wenn ich passiv bleibe. In einem reichen Land wie Deutschland sollten niemals 17 Millionen Menschen von Armut betroffen sein. Und kein Gesundheitsminister sollte sich inmitten einer Pandemie mit Maskendeals eine neue Villa g\u00f6nnen k\u00f6nnen.<br><br><strong>Wenn ich nicht bei der GR\u00dcNEN JUGEND unterwegs bin<\/strong>, dann fotografiere ich, game mit meinen Freund*innen oder gehe zu Vortr\u00e4gen, um meine Reclam Notizhefte auszuf\u00fcllen.<br><br><strong>Regionaler Ansprechpartner f\u00fcr<\/strong>: KV Limburg-Weilburg, KV Marburg-Biedenkopf, KV Schwalm-Eder<\/p>\n\n\n\n<p><strong>Koordinator f\u00fcr:<\/strong> Neumitglieder, Social Media Team, AK ABDI (Antifaschismus, Bildung, Demokratie und Innenpolitik), Sch\u00fcler*innen-Vernetzung, TINA* Vernetzung<br><br>Kontakt: <a href=\"mailto:theo.schmuck@gjh.de\">theo.schmuck[at]gjh.de<\/a><\/p>\n\n\n\n<p>Instagram: <a href=\"https:\/\/www.instagram.com\/ueber_funken?igsh=encyYThza2Ntd2hi\">@ueber_funken<\/a><\/p>\n\n\n\n<p>Telegram: <a href=\"https:\/\/t.me\/theo_kratie\">@theo_kratie<\/a><\/p>\n<\/div><figure class=\"wp-block-media-text__media\"><img loading=\"lazy\" decoding=\"async\" width=\"906\" height=\"1024\" src=\"https:\/\/www.gjh.de\/frog\/wp-content\/uploads\/DSC04281-neu-906x1024.jpg\" alt=\"\" class=\"wp-image-13029 size-full\" srcset=\"https:\/\/www.gjh.de\/frog\/wp-content\/uploads\/DSC04281-neu-906x1024.jpg 906w, https:\/\/www.gjh.de\/frog\/wp-content\/uploads\/DSC04281-neu-266x300.jpg 266w, https:\/\/www.gjh.de\/frog\/wp-content\/uploads\/DSC04281-neu-1359x1536.jpg 1359w, https:\/\/www.gjh.de\/frog\/wp-content\/uploads\/DSC04281-neu-1812x2048.jpg 1812w, https:\/\/www.gjh.de\/frog\/wp-content\/uploads\/DSC04281-neu-310x350.jpg 310w, https:\/\/www.gjh.de\/frog\/wp-content\/uploads\/DSC04281-neu-600x678.jpg 600w, https:\/\/www.gjh.de\/frog\/wp-content\/uploads\/DSC04281-neu-2000x2260.jpg 2000w\" sizes=\"auto, (max-width: 906px) 100vw, 906px\" \/><\/figure><\/div>\n","protected":false},"excerpt":{"rendered":"<p>Pronomen: er\/ihn, dey\/deren Amt: Beisitz Alter: 26 T\u00e4tigkeit: Geschichts- und Fachjournalistikstudi Kreisverband: Gie\u00dfen Themenschwerpunkte: Antidiskriminierung, Erinnerungsarbeit, Medienkritik Ich engagiere mich in der Politik, weil ein gutes Leben f\u00fcr alle nicht m\u00f6glich ist, wenn ich passiv bleibe. In einem reichen Land wie Deutschland sollten niemals 17 Millionen Menschen von Armut betroffen sein. Und kein Gesundheitsminister sollte [&hellip;]<\/p>\n","protected":false},"author":114,"featured_media":0,"parent":31,"menu_order":0,"comment_status":"closed","ping_status":"closed","template":"","meta":{"footnotes":""},"class_list":["post-12444","page","type-page","status-publish","hentry"],"yoast_head":"<!-- This site is optimized with the Yoast SEO plugin v27.4 - https:\/\/yoast.com\/product\/yoast-seo-wordpress\/ -->\n<title>Landesvorstand: Theo Schmuck<\/title>\n<meta name=\"description\" content=\"Beisitz Theo Schmuck aus dem Kreisverband Gie\u00dfen.\" \/>\n<meta name=\"robots\" content=\"index, follow, max-snippet:-1, max-image-preview:large, max-video-preview:-1\" \/>\n<link rel=\"canonical\" href=\"https:\/\/www.gjh.de\/frog\/ueber-uns\/der-landesvorstand\/theo-schmuck\/\" \/>\n<meta property=\"og:locale\" content=\"de_DE\" \/>\n<meta property=\"og:type\" content=\"article\" \/>\n<meta property=\"og:title\" content=\"Landesvorstand: Theo Schmuck\" \/>\n<meta property=\"og:description\" content=\"Beisitz Theo Schmuck aus dem Kreisverband Gie\u00dfen.\" \/>\n<meta property=\"og:url\" content=\"https:\/\/www.gjh.de\/frog\/ueber-uns\/der-landesvorstand\/theo-schmuck\/\" \/>\n<meta property=\"og:site_name\" content=\"GR\u00dcNE JUGEND Hessen\" \/>\n<meta property=\"article:modified_time\" content=\"2025-12-05T15:40:49+00:00\" \/>\n<meta property=\"og:image\" content=\"https:\/\/www.gjh.de\/frog\/wp-content\/uploads\/DSC04281-neu-scaled.jpg\" \/>\n\t<meta property=\"og:image:width\" content=\"2266\" \/>\n\t<meta property=\"og:image:height\" content=\"2560\" \/>\n\t<meta property=\"og:image:type\" content=\"image\/jpeg\" \/>\n<meta name=\"twitter:card\" content=\"summary_large_image\" \/>\n<meta name=\"twitter:label1\" content=\"Gesch\u00e4tzte Lesezeit\" \/>\n\t<meta name=\"twitter:data1\" content=\"1\u00a0Minute\" \/>\n<script type=\"application\/ld+json\" class=\"yoast-schema-graph\">{\"@context\":\"https:\\\/\\\/schema.org\",\"@graph\":[{\"@type\":\"WebPage\",\"@id\":\"https:\\\/\\\/www.gjh.de\\\/frog\\\/ueber-uns\\\/der-landesvorstand\\\/theo-schmuck\\\/\",\"url\":\"https:\\\/\\\/www.gjh.de\\\/frog\\\/ueber-uns\\\/der-landesvorstand\\\/theo-schmuck\\\/\",\"name\":\"Landesvorstand: Theo Schmuck\",\"isPartOf\":{\"@id\":\"https:\\\/\\\/www.gjh.de\\\/frog\\\/#website\"},\"primaryImageOfPage\":{\"@id\":\"https:\\\/\\\/www.gjh.de\\\/frog\\\/ueber-uns\\\/der-landesvorstand\\\/theo-schmuck\\\/#primaryimage\"},\"image\":{\"@id\":\"https:\\\/\\\/www.gjh.de\\\/frog\\\/ueber-uns\\\/der-landesvorstand\\\/theo-schmuck\\\/#primaryimage\"},\"thumbnailUrl\":\"https:\\\/\\\/www.gjh.de\\\/frog\\\/wp-content\\\/uploads\\\/DSC04281-neu-906x1024.jpg\",\"datePublished\":\"2025-11-02T17:51:00+00:00\",\"dateModified\":\"2025-12-05T15:40:49+00:00\",\"description\":\"Beisitz Theo Schmuck aus dem Kreisverband Gie\u00dfen.\",\"breadcrumb\":{\"@id\":\"https:\\\/\\\/www.gjh.de\\\/frog\\\/ueber-uns\\\/der-landesvorstand\\\/theo-schmuck\\\/#breadcrumb\"},\"inLanguage\":\"de\",\"potentialAction\":[{\"@type\":\"ReadAction\",\"target\":[\"https:\\\/\\\/www.gjh.de\\\/frog\\\/ueber-uns\\\/der-landesvorstand\\\/theo-schmuck\\\/\"]}]},{\"@type\":\"ImageObject\",\"inLanguage\":\"de\",\"@id\":\"https:\\\/\\\/www.gjh.de\\\/frog\\\/ueber-uns\\\/der-landesvorstand\\\/theo-schmuck\\\/#primaryimage\",\"url\":\"https:\\\/\\\/www.gjh.de\\\/frog\\\/wp-content\\\/uploads\\\/DSC04281-neu-scaled.jpg\",\"contentUrl\":\"https:\\\/\\\/www.gjh.de\\\/frog\\\/wp-content\\\/uploads\\\/DSC04281-neu-scaled.jpg\",\"width\":2266,\"height\":2560},{\"@type\":\"BreadcrumbList\",\"@id\":\"https:\\\/\\\/www.gjh.de\\\/frog\\\/ueber-uns\\\/der-landesvorstand\\\/theo-schmuck\\\/#breadcrumb\",\"itemListElement\":[{\"@type\":\"ListItem\",\"position\":1,\"name\":\"Startseite\",\"item\":\"https:\\\/\\\/www.gjh.de\\\/frog\\\/\"},{\"@type\":\"ListItem\",\"position\":2,\"name\":\"\u00dcber uns\",\"item\":\"https:\\\/\\\/www.gjh.de\\\/frog\\\/ueber-uns\\\/\"},{\"@type\":\"ListItem\",\"position\":3,\"name\":\"Landesvorstand\",\"item\":\"https:\\\/\\\/www.gjh.de\\\/frog\\\/ueber-uns\\\/der-landesvorstand\\\/\"},{\"@type\":\"ListItem\",\"position\":4,\"name\":\"Theo Schmuck\"}]},{\"@type\":\"WebSite\",\"@id\":\"https:\\\/\\\/www.gjh.de\\\/frog\\\/#website\",\"url\":\"https:\\\/\\\/www.gjh.de\\\/frog\\\/\",\"name\":\"GR\u00dcNE JUGEND Hessen\",\"description\":\"\",\"potentialAction\":[{\"@type\":\"SearchAction\",\"target\":{\"@type\":\"EntryPoint\",\"urlTemplate\":\"https:\\\/\\\/www.gjh.de\\\/frog\\\/?s={search_term_string}\"},\"query-input\":{\"@type\":\"PropertyValueSpecification\",\"valueRequired\":true,\"valueName\":\"search_term_string\"}}],\"inLanguage\":\"de\"}]}<\/script>\n<!-- \/ Yoast SEO plugin. -->","yoast_head_json":{"title":"Landesvorstand: Theo Schmuck","description":"Beisitz Theo Schmuck aus dem Kreisverband Gie\u00dfen.","robots":{"index":"index","follow":"follow","max-snippet":"max-snippet:-1","max-image-preview":"max-image-preview:large","max-video-preview":"max-video-preview:-1"},"canonical":"https:\/\/www.gjh.de\/frog\/ueber-uns\/der-landesvorstand\/theo-schmuck\/","og_locale":"de_DE","og_type":"article","og_title":"Landesvorstand: Theo Schmuck","og_description":"Beisitz Theo Schmuck aus dem Kreisverband Gie\u00dfen.","og_url":"https:\/\/www.gjh.de\/frog\/ueber-uns\/der-landesvorstand\/theo-schmuck\/","og_site_name":"GR\u00dcNE JUGEND Hessen","article_modified_time":"2025-12-05T15:40:49+00:00","og_image":[{"width":2266,"height":2560,"url":"https:\/\/www.gjh.de\/frog\/wp-content\/uploads\/DSC04281-neu-scaled.jpg","type":"image\/jpeg"}],"twitter_card":"summary_large_image","twitter_misc":{"Gesch\u00e4tzte Lesezeit":"1\u00a0Minute"},"schema":{"@context":"https:\/\/schema.org","@graph":[{"@type":"WebPage","@id":"https:\/\/www.gjh.de\/frog\/ueber-uns\/der-landesvorstand\/theo-schmuck\/","url":"https:\/\/www.gjh.de\/frog\/ueber-uns\/der-landesvorstand\/theo-schmuck\/","name":"Landesvorstand: Theo Schmuck","isPartOf":{"@id":"https:\/\/www.gjh.de\/frog\/#website"},"primaryImageOfPage":{"@id":"https:\/\/www.gjh.de\/frog\/ueber-uns\/der-landesvorstand\/theo-schmuck\/#primaryimage"},"image":{"@id":"https:\/\/www.gjh.de\/frog\/ueber-uns\/der-landesvorstand\/theo-schmuck\/#primaryimage"},"thumbnailUrl":"https:\/\/www.gjh.de\/frog\/wp-content\/uploads\/DSC04281-neu-906x1024.jpg","datePublished":"2025-11-02T17:51:00+00:00","dateModified":"2025-12-05T15:40:49+00:00","description":"Beisitz Theo Schmuck aus dem Kreisverband Gie\u00dfen.","breadcrumb":{"@id":"https:\/\/www.gjh.de\/frog\/ueber-uns\/der-landesvorstand\/theo-schmuck\/#breadcrumb"},"inLanguage":"de","potentialAction":[{"@type":"ReadAction","target":["https:\/\/www.gjh.de\/frog\/ueber-uns\/der-landesvorstand\/theo-schmuck\/"]}]},{"@type":"ImageObject","inLanguage":"de","@id":"https:\/\/www.gjh.de\/frog\/ueber-uns\/der-landesvorstand\/theo-schmuck\/#primaryimage","url":"https:\/\/www.gjh.de\/frog\/wp-content\/uploads\/DSC04281-neu-scaled.jpg","contentUrl":"https:\/\/www.gjh.de\/frog\/wp-content\/uploads\/DSC04281-neu-scaled.jpg","width":2266,"height":2560},{"@type":"BreadcrumbList","@id":"https:\/\/www.gjh.de\/frog\/ueber-uns\/der-landesvorstand\/theo-schmuck\/#breadcrumb","itemListElement":[{"@type":"ListItem","position":1,"name":"Startseite","item":"https:\/\/www.gjh.de\/frog\/"},{"@type":"ListItem","position":2,"name":"\u00dcber uns","item":"https:\/\/www.gjh.de\/frog\/ueber-uns\/"},{"@type":"ListItem","position":3,"name":"Landesvorstand","item":"https:\/\/www.gjh.de\/frog\/ueber-uns\/der-landesvorstand\/"},{"@type":"ListItem","position":4,"name":"Theo Schmuck"}]},{"@type":"WebSite","@id":"https:\/\/www.gjh.de\/frog\/#website","url":"https:\/\/www.gjh.de\/frog\/","name":"GR\u00dcNE JUGEND Hessen","description":"","potentialAction":[{"@type":"SearchAction","target":{"@type":"EntryPoint","urlTemplate":"https:\/\/www.gjh.de\/frog\/?s={search_term_string}"},"query-input":{"@type":"PropertyValueSpecification","valueRequired":true,"valueName":"search_term_string"}}],"inLanguage":"de"}]}},"_links":{"self":[{"href":"https:\/\/www.gjh.de\/frog\/wp-json\/wp\/v2\/pages\/12444","targetHints":{"allow":["GET"]}}],"collection":[{"href":"https:\/\/www.gjh.de\/frog\/wp-json\/wp\/v2\/pages"}],"about":[{"href":"https:\/\/www.gjh.de\/frog\/wp-json\/wp\/v2\/types\/page"}],"author":[{"embeddable":true,"href":"https:\/\/www.gjh.de\/frog\/wp-json\/wp\/v2\/users\/114"}],"replies":[{"embeddable":true,"href":"https:\/\/www.gjh.de\/frog\/wp-json\/wp\/v2\/comments?post=12444"}],"version-history":[{"count":15,"href":"https:\/\/www.gjh.de\/frog\/wp-json\/wp\/v2\/pages\/12444\/revisions"}],"predecessor-version":[{"id":13031,"href":"https:\/\/www.gjh.de\/frog\/wp-json\/wp\/v2\/pages\/12444\/revisions\/13031"}],"up":[{"embeddable":true,"href":"https:\/\/www.gjh.de\/frog\/wp-json\/wp\/v2\/pages\/31"}],"wp:attachment":[{"href":"https:\/\/www.gjh.de\/frog\/wp-json\/wp\/v2\/media?parent=12444"}],"curies":[{"name":"wp","href":"https:\/\/api.w.org\/{rel}","templated":true}]}}