{"id":13035,"date":"2026-01-05T12:48:57","date_gmt":"2026-01-05T11:48:57","guid":{"rendered":"https:\/\/www.gjh.de\/frog\/?page_id=13035"},"modified":"2026-01-05T13:45:22","modified_gmt":"2026-01-05T12:45:22","slug":"teams","status":"publish","type":"page","link":"https:\/\/www.gjh.de\/frog\/teams\/","title":{"rendered":"Teams"},"content":{"rendered":"\n<p class=\"has-medium-font-size\">Hier findet ihr alle Informationen zu unseren Teams, wof\u00fcr sie zust\u00e4ndig sind und wie man sie erreichen kann. <\/p>\n\n\n\n<ul class=\"wp-block-list\">\n<li><a href=\"https:\/\/www.gjh.de\/frog\/a-team\/\">Awareness Team<\/a><\/li>\n\n\n\n<li><a href=\"https:\/\/www.gjh.de\/frog\/bildungsteam\/\">Bildungsteam<\/a><\/li>\n\n\n\n<li><a href=\"https:\/\/www.gjh.de\/frog\/kommunalwahl-team\/\">Kommunalwahl Team<\/a><\/li>\n\n\n\n<li><a href=\"https:\/\/www.gjh.de\/frog\/social-media-team\/\">Social Media Team<\/a><\/li>\n<\/ul>\n\n\n\n<p><\/p>\n","protected":false},"excerpt":{"rendered":"<p>Hier findet ihr alle Informationen zu unseren Teams, wof\u00fcr sie zust\u00e4ndig sind und wie man sie erreichen kann.<\/p>\n","protected":false},"author":114,"featured_media":0,"parent":0,"menu_order":0,"comment_status":"closed","ping_status":"closed","template":"","meta":{"footnotes":""},"class_list":["post-13035","page","type-page","status-publish","hentry"],"yoast_head":"<!-- This site is optimized with the Yoast SEO plugin v27.3 - https:\/\/yoast.com\/product\/yoast-seo-wordpress\/ -->\n<title>Teams - GR\u00dcNE JUGEND Hessen<\/title>\n<meta name=\"description\" content=\"Hier findet ihr alle Informationen zu unseren Teams, wof\u00fcr sie zust\u00e4ndig sind und wie man sie erreichen kann.\" \/>\n<meta name=\"robots\" content=\"index, follow, max-snippet:-1, max-image-preview:large, max-video-preview:-1\" \/>\n<link rel=\"canonical\" href=\"https:\/\/www.gjh.de\/frog\/teams\/\" \/>\n<meta property=\"og:locale\" content=\"de_DE\" \/>\n<meta property=\"og:type\" content=\"article\" \/>\n<meta property=\"og:title\" content=\"Teams - GR\u00dcNE JUGEND Hessen\" \/>\n<meta property=\"og:description\" content=\"Hier findet ihr alle Informationen zu unseren Teams, wof\u00fcr sie zust\u00e4ndig sind und wie man sie erreichen kann.\" \/>\n<meta property=\"og:url\" content=\"https:\/\/www.gjh.de\/frog\/teams\/\" \/>\n<meta property=\"og:site_name\" content=\"GR\u00dcNE JUGEND Hessen\" \/>\n<meta property=\"article:modified_time\" content=\"2026-01-05T12:45:22+00:00\" \/>\n<meta name=\"twitter:card\" content=\"summary_large_image\" \/>\n<meta name=\"twitter:label1\" content=\"Gesch\u00e4tzte Lesezeit\" \/>\n\t<meta name=\"twitter:data1\" content=\"1\u00a0Minute\" \/>\n<script type=\"application\/ld+json\" class=\"yoast-schema-graph\">{\"@context\":\"https:\\\/\\\/schema.org\",\"@graph\":[{\"@type\":\"WebPage\",\"@id\":\"https:\\\/\\\/www.gjh.de\\\/frog\\\/teams\\\/\",\"url\":\"https:\\\/\\\/www.gjh.de\\\/frog\\\/teams\\\/\",\"name\":\"Teams - GR\u00dcNE JUGEND Hessen\",\"isPartOf\":{\"@id\":\"https:\\\/\\\/www.gjh.de\\\/frog\\\/#website\"},\"datePublished\":\"2026-01-05T11:48:57+00:00\",\"dateModified\":\"2026-01-05T12:45:22+00:00\",\"description\":\"Hier findet ihr alle Informationen zu unseren Teams, wof\u00fcr sie zust\u00e4ndig sind und wie man sie erreichen kann.\",\"breadcrumb\":{\"@id\":\"https:\\\/\\\/www.gjh.de\\\/frog\\\/teams\\\/#breadcrumb\"},\"inLanguage\":\"de\",\"potentialAction\":[{\"@type\":\"ReadAction\",\"target\":[\"https:\\\/\\\/www.gjh.de\\\/frog\\\/teams\\\/\"]}]},{\"@type\":\"BreadcrumbList\",\"@id\":\"https:\\\/\\\/www.gjh.de\\\/frog\\\/teams\\\/#breadcrumb\",\"itemListElement\":[{\"@type\":\"ListItem\",\"position\":1,\"name\":\"Startseite\",\"item\":\"https:\\\/\\\/www.gjh.de\\\/frog\\\/\"},{\"@type\":\"ListItem\",\"position\":2,\"name\":\"Teams\"}]},{\"@type\":\"WebSite\",\"@id\":\"https:\\\/\\\/www.gjh.de\\\/frog\\\/#website\",\"url\":\"https:\\\/\\\/www.gjh.de\\\/frog\\\/\",\"name\":\"GR\u00dcNE JUGEND Hessen\",\"description\":\"\",\"potentialAction\":[{\"@type\":\"SearchAction\",\"target\":{\"@type\":\"EntryPoint\",\"urlTemplate\":\"https:\\\/\\\/www.gjh.de\\\/frog\\\/?s={search_term_string}\"},\"query-input\":{\"@type\":\"PropertyValueSpecification\",\"valueRequired\":true,\"valueName\":\"search_term_string\"}}],\"inLanguage\":\"de\"}]}<\/script>\n<!-- \/ Yoast SEO plugin. -->","yoast_head_json":{"title":"Teams - GR\u00dcNE JUGEND Hessen","description":"Hier findet ihr alle Informationen zu unseren Teams, wof\u00fcr sie zust\u00e4ndig sind und wie man sie erreichen kann.","robots":{"index":"index","follow":"follow","max-snippet":"max-snippet:-1","max-image-preview":"max-image-preview:large","max-video-preview":"max-video-preview:-1"},"canonical":"https:\/\/www.gjh.de\/frog\/teams\/","og_locale":"de_DE","og_type":"article","og_title":"Teams - GR\u00dcNE JUGEND Hessen","og_description":"Hier findet ihr alle Informationen zu unseren Teams, wof\u00fcr sie zust\u00e4ndig sind und wie man sie erreichen kann.","og_url":"https:\/\/www.gjh.de\/frog\/teams\/","og_site_name":"GR\u00dcNE JUGEND Hessen","article_modified_time":"2026-01-05T12:45:22+00:00","twitter_card":"summary_large_image","twitter_misc":{"Gesch\u00e4tzte Lesezeit":"1\u00a0Minute"},"schema":{"@context":"https:\/\/schema.org","@graph":[{"@type":"WebPage","@id":"https:\/\/www.gjh.de\/frog\/teams\/","url":"https:\/\/www.gjh.de\/frog\/teams\/","name":"Teams - GR\u00dcNE JUGEND Hessen","isPartOf":{"@id":"https:\/\/www.gjh.de\/frog\/#website"},"datePublished":"2026-01-05T11:48:57+00:00","dateModified":"2026-01-05T12:45:22+00:00","description":"Hier findet ihr alle Informationen zu unseren Teams, wof\u00fcr sie zust\u00e4ndig sind und wie man sie erreichen kann.","breadcrumb":{"@id":"https:\/\/www.gjh.de\/frog\/teams\/#breadcrumb"},"inLanguage":"de","potentialAction":[{"@type":"ReadAction","target":["https:\/\/www.gjh.de\/frog\/teams\/"]}]},{"@type":"BreadcrumbList","@id":"https:\/\/www.gjh.de\/frog\/teams\/#breadcrumb","itemListElement":[{"@type":"ListItem","position":1,"name":"Startseite","item":"https:\/\/www.gjh.de\/frog\/"},{"@type":"ListItem","position":2,"name":"Teams"}]},{"@type":"WebSite","@id":"https:\/\/www.gjh.de\/frog\/#website","url":"https:\/\/www.gjh.de\/frog\/","name":"GR\u00dcNE JUGEND Hessen","description":"","potentialAction":[{"@type":"SearchAction","target":{"@type":"EntryPoint","urlTemplate":"https:\/\/www.gjh.de\/frog\/?s={search_term_string}"},"query-input":{"@type":"PropertyValueSpecification","valueRequired":true,"valueName":"search_term_string"}}],"inLanguage":"de"}]}},"_links":{"self":[{"href":"https:\/\/www.gjh.de\/frog\/wp-json\/wp\/v2\/pages\/13035","targetHints":{"allow":["GET"]}}],"collection":[{"href":"https:\/\/www.gjh.de\/frog\/wp-json\/wp\/v2\/pages"}],"about":[{"href":"https:\/\/www.gjh.de\/frog\/wp-json\/wp\/v2\/types\/page"}],"author":[{"embeddable":true,"href":"https:\/\/www.gjh.de\/frog\/wp-json\/wp\/v2\/users\/114"}],"replies":[{"embeddable":true,"href":"https:\/\/www.gjh.de\/frog\/wp-json\/wp\/v2\/comments?post=13035"}],"version-history":[{"count":3,"href":"https:\/\/www.gjh.de\/frog\/wp-json\/wp\/v2\/pages\/13035\/revisions"}],"predecessor-version":[{"id":13056,"href":"https:\/\/www.gjh.de\/frog\/wp-json\/wp\/v2\/pages\/13035\/revisions\/13056"}],"wp:attachment":[{"href":"https:\/\/www.gjh.de\/frog\/wp-json\/wp\/v2\/media?parent=13035"}],"curies":[{"name":"wp","href":"https:\/\/api.w.org\/{rel}","templated":true}]}}