{"id":1394,"date":"2012-04-23T12:21:45","date_gmt":"2012-04-23T10:21:45","guid":{"rendered":"https:\/\/www.gjh.de\/frog\/?page_id=1394"},"modified":"2026-02-03T16:37:00","modified_gmt":"2026-02-03T15:37:00","slug":"landesgeschaftsstelle","status":"publish","type":"page","link":"https:\/\/www.gjh.de\/frog\/landesgeschaftsstelle\/","title":{"rendered":"Kontakt"},"content":{"rendered":"\n<p class=\"has-medium-font-size\">Unsere Landesgesch\u00e4ftsstelle hat ihren Sitz in <strong>Wiesbaden <\/strong>und hilft euch gerne bei allen Fragen, Unklarheiten, Anmerkungen und anderen Angelegenheiten weiter! Wir freuen uns immer \u00fcber Ideen und Vorschl\u00e4ge f\u00fcr coole Aktionen und helfen euch, passende Informationen oder Angebote zu finden. Au\u00dferdem hat die Landesgesch\u00e4ftsstelle einen gro\u00dfen Material-Fundus und immer Merch auf Lager. Wenn ihr was ausleihen oder erwerben m\u00f6chtet, dann meldet euch gerne.<\/p>\n\n\n\n<p class=\"has-medium-font-size\">Unsere Mitarbeiter*innen sind ist nicht jeden Tag im B\u00fcro, sondern oftmals auch im Home Office. Wenn ihr also vorbei kommen wollt, empfiehlt es sich, wenn ihr euch vorher anmeldet. <\/p>\n\n\n\n<h3 class=\"wp-block-heading\">Adresse:<\/h3>\n\n\n\n<p>GR\u00dcNE JUGEND Hessen<br>Landesgesch\u00e4ftsstelle<br>Mainzer Stra\u00dfe 75<br>65189 Wiesbaden<\/p>\n\n\n\n<p>Vom Wiesbadener Hauptbahnhof sind es nur wenige Minuten zu Fu\u00df zum B\u00fcro. Unser B\u00fcro befindet sich im 2. OG gemeinsam mit der Landesgesch\u00e4ftsstelle von B\u00dcNDNIS 90\/DIE GR\u00dcNEN Hessen. Wir haben einen Aufzug und barrierefreien Toiletten.<\/p>\n\n\n\n<p><\/p>\n\n\n\n<h3 class=\"wp-block-heading\">Gesch\u00e4ftszeiten:<\/h3>\n\n\n\n<ul class=\"wp-block-list\">\n<li>Montag bis Donnerstag von 9:00 bis 15:00 Uhr<\/li>\n\n\n\n<li>Freitag von 9:00 bis 12:30 Uhr<\/li>\n\n\n\n<li>oder nach Vereinbarung<\/li>\n<\/ul>\n\n\n\n<div class=\"wp-block-group is-nowrap is-layout-flex wp-container-core-group-is-layout-ad2f72ca wp-block-group-is-layout-flex\">\n<h3 class=\"wp-block-heading\">Mitarbeiter*innen &amp; Erreichbarkeit:<\/h3>\n<\/div>\n\n\n\n<div class=\"wp-block-group is-nowrap is-layout-flex wp-container-core-group-is-layout-ad2f72ca wp-block-group-is-layout-flex\">\n<ul class=\"wp-block-list\">\n<li><strong>Nora Schweisfurth<\/strong> | organisatorische Landesgesch\u00e4ftsf\u00fchrung<br>In der Regel w\u00e4hrend der Gesch\u00e4ftszeiten erreichbar<br>Tel: 0611 \/ 9892024, Mobil: 0171 \/ 6831916<br><a href=\"mailto:mail@gjh.de\">mail[at]gjh.de<\/a> (PGP m\u00f6glich, siehe unten) oder <a href=\"mailto:nora.schweisfurth@gjh.de\">nora.schweisfurth[at]gjh.de<\/a> (PGP m\u00f6glich)<\/li>\n<\/ul>\n<\/div>\n\n\n\n<div class=\"wp-block-group is-nowrap is-layout-flex wp-container-core-group-is-layout-ad2f72ca wp-block-group-is-layout-flex\">\n<ul class=\"wp-block-list\">\n<li><strong>Sonja Romeis<\/strong> | Referentin des Vorstandes<br>Mobil: 01522 \/ 4482692<br><a href=\"mailto:sonja.romeis@gjh.de\">sonja.romeis[at]gjh.de<\/a><\/li>\n<\/ul>\n<\/div>\n\n\n\n<ul class=\"wp-block-list\">\n<li><strong>Magnus Heinrich<\/strong> | Referent f\u00fcr Mitgliederwesen und Verwaltung<br>Mobil: \u206801522 \/ 4483572\u2069<br><a href=\"mailto:magnus.heinrich@gjh.de\">magnus.heinrich[at]gjh.de<\/a><\/li>\n<\/ul>\n\n\n\n<figure class=\"wp-block-gallery has-nested-images columns-default is-cropped wp-block-gallery-1 is-layout-flex wp-block-gallery-is-layout-flex\">\n<figure class=\"wp-block-image size-large\"><img loading=\"lazy\" decoding=\"async\" width=\"975\" height=\"1024\" data-id=\"13095\" src=\"https:\/\/www.gjh.de\/frog\/wp-content\/uploads\/nora-2-975x1024.jpg\" alt=\"\" class=\"wp-image-13095\" srcset=\"https:\/\/www.gjh.de\/frog\/wp-content\/uploads\/nora-2-975x1024.jpg 975w, https:\/\/www.gjh.de\/frog\/wp-content\/uploads\/nora-2-286x300.jpg 286w, https:\/\/www.gjh.de\/frog\/wp-content\/uploads\/nora-2-333x350.jpg 333w, https:\/\/www.gjh.de\/frog\/wp-content\/uploads\/nora-2-600x630.jpg 600w, https:\/\/www.gjh.de\/frog\/wp-content\/uploads\/nora-2.jpg 1002w\" sizes=\"auto, (max-width: 975px) 100vw, 975px\" \/><\/figure>\n\n\n\n<figure class=\"wp-block-image size-large\"><img loading=\"lazy\" decoding=\"async\" width=\"1024\" height=\"1015\" data-id=\"13097\" src=\"https:\/\/www.gjh.de\/frog\/wp-content\/uploads\/photo_2026-02-03_16-12-13-4-1024x1015.jpg\" alt=\"\" class=\"wp-image-13097\" srcset=\"https:\/\/www.gjh.de\/frog\/wp-content\/uploads\/photo_2026-02-03_16-12-13-4-1024x1015.jpg 1024w, https:\/\/www.gjh.de\/frog\/wp-content\/uploads\/photo_2026-02-03_16-12-13-4-300x297.jpg 300w, https:\/\/www.gjh.de\/frog\/wp-content\/uploads\/photo_2026-02-03_16-12-13-4-150x150.jpg 150w, https:\/\/www.gjh.de\/frog\/wp-content\/uploads\/photo_2026-02-03_16-12-13-4-353x350.jpg 353w, https:\/\/www.gjh.de\/frog\/wp-content\/uploads\/photo_2026-02-03_16-12-13-4-600x595.jpg 600w, https:\/\/www.gjh.de\/frog\/wp-content\/uploads\/photo_2026-02-03_16-12-13-4.jpg 1280w\" sizes=\"auto, (max-width: 1024px) 100vw, 1024px\" \/><\/figure>\n\n\n\n<figure class=\"wp-block-image size-large\"><img loading=\"lazy\" decoding=\"async\" width=\"717\" height=\"1024\" data-id=\"13096\" src=\"https:\/\/www.gjh.de\/frog\/wp-content\/uploads\/m-4-717x1024.jpg\" alt=\"\" class=\"wp-image-13096\" srcset=\"https:\/\/www.gjh.de\/frog\/wp-content\/uploads\/m-4-717x1024.jpg 717w, https:\/\/www.gjh.de\/frog\/wp-content\/uploads\/m-4-210x300.jpg 210w, https:\/\/www.gjh.de\/frog\/wp-content\/uploads\/m-4-245x350.jpg 245w, https:\/\/www.gjh.de\/frog\/wp-content\/uploads\/m-4-490x700.jpg 490w, https:\/\/www.gjh.de\/frog\/wp-content\/uploads\/m-4.jpg 896w\" sizes=\"auto, (max-width: 717px) 100vw, 717px\" \/><\/figure>\n<\/figure>\n\n\n\n<h3 class=\"wp-block-heading\">Messenger<\/h3>\n\n\n\n<p>An die Handynummer 0171 6831916 kannst du auch per Messenger schreiben: <\/p>\n\n\n\n<ul class=\"wp-block-list\">\n<li><a href=\"https:\/\/t.me\/gjhessen\" target=\"_blank\" rel=\"noreferrer noopener\">Telegram<\/a><\/li>\n\n\n\n<li><a href=\"https:\/\/signal.me\/#eu\/9pgFRh-EXp33k5Opvu_f2UjTgTfAXtFXz0nCpNP6px6YeSsHwp5O6JGuT7pLBs2Z\" target=\"_blank\" rel=\"noreferrer noopener\">Signal<\/a><\/li>\n\n\n\n<li><a href=\"https:\/\/wa.me\/qr\/MTTO4XA3B6BHC1\" target=\"_blank\" rel=\"noreferrer noopener\">WhatsApp<\/a><\/li>\n\n\n\n<li><a href=\"https:\/\/threema.id\/PH926XMJ\" target=\"_blank\" rel=\"noreferrer noopener\">Threema<\/a><\/li>\n<\/ul>\n\n\n\n<h3 class=\"wp-block-heading\">Verschl\u00fcsselter Mailversand<\/h3>\n\n\n\n<p>Wir verwenden PGP (\u201ePretty Good Privacy\u201c) zum Verschl\u00fcsseln und Signieren unserer E-Mails. Den \u00f6ffentlichen Schl\u00fcssel f\u00fcr die Mail mail@gjh.de findest du <a href=\"https:\/\/keys.openpgp.org\/vks\/v1\/by-fingerprint\/2824F734E2DE0926D13829FA05C431052646C1FC\" target=\"_blank\" rel=\"noreferrer noopener\">hier<\/a>. Wenn du auch verschl\u00fcsselte E-Mails empfangen und senden m\u00f6chtest, kannst du dich hier zu <a href=\"https:\/\/www.openpgp.org\/software\/\" target=\"_blank\" rel=\"noreferrer noopener\">OpenPGP<\/a> (kostenlos) informieren.<\/p>\n\n\n\n<p><\/p>\n\n\n\n<h4 class=\"wp-block-heading\"><strong>Ansprechpersonen nach Thema: <\/strong><\/h4>\n\n\n\n<figure class=\"wp-block-table is-style-stripes\"><table><thead><tr><th class=\"has-text-align-left\" data-align=\"left\">Thema<\/th><th class=\"has-text-align-left\" data-align=\"left\">Ansprechpersonen<\/th><th class=\"has-text-align-left\" data-align=\"left\">Kontakt<\/th><\/tr><\/thead><tbody><tr><td class=\"has-text-align-left\" data-align=\"left\">Generelle Anfragen<br>&#8211; f\u00fcr alle Anfragen, f\u00fcr die du keinen Ansprechpartner in der Tabelle findest<\/td><td class=\"has-text-align-left\" data-align=\"left\">Nora, Magnus<\/td><td class=\"has-text-align-left\" data-align=\"left\"><a href=\"mailto:mail@gjh.de\"><a href=\"mailto:mail@gjh.de\">mail[at]gjh.de<\/a><\/a><\/td><\/tr><tr><td class=\"has-text-align-left\" data-align=\"left\">Presse<\/td><td class=\"has-text-align-left\" data-align=\"left\"><a href=\"https:\/\/www.gjh.de\/frog\/ueber-uns\/der-landesvorstand\/\" target=\"_blank\" rel=\"noreferrer noopener\">Sprecher*innen<\/a>, Nora<\/td><td class=\"has-text-align-left\" data-align=\"left\"><a href=\"mailto:presse@gjh.de\">presse[at]gjh.de<\/a><br><a href=\"https:\/\/www.gjh.de\/frog\/presse\/\" target=\"_blank\" rel=\"noreferrer noopener\"><strong>Weitere Infos<\/strong><\/a><\/td><\/tr><tr><td class=\"has-text-align-left\" data-align=\"left\">Social Media<\/td><td class=\"has-text-align-left\" data-align=\"left\">Nora<\/td><td class=\"has-text-align-left\" data-align=\"left\"><a href=\"mailto:alice.schaller@gjh.de\"><a href=\"mailto:mail@gjh.de\">mail[at]gjh.de<\/a><\/a><\/td><\/tr><tr><td class=\"has-text-align-left\" data-align=\"left\">Mitgliedsbeitrag<\/td><td class=\"has-text-align-left\" data-align=\"left\">Nora, Magnus<\/td><td class=\"has-text-align-left\" data-align=\"left\"><a href=\"mailto:beitraege@gjh.de\">beitraege[at]gjh.de<\/a><\/td><\/tr><tr><td class=\"has-text-align-left\" data-align=\"left\">Finanzen<br>&#8211; Erstattungen<\/td><td class=\"has-text-align-left\" data-align=\"left\"><a href=\"https:\/\/www.gjh.de\/frog\/ueber-uns\/der-landesvorstand\/\" target=\"_blank\" rel=\"noreferrer noopener\">Schatzmeisterei<\/a>, Nora<\/td><td class=\"has-text-align-left\" data-align=\"left\"><a href=\"mailto:finanzen@gjh.de\">finanzen[at]gjh.de<\/a><\/td><\/tr><tr><td class=\"has-text-align-left\" data-align=\"left\">Jobs\/Praktika<\/td><td class=\"has-text-align-left\" data-align=\"left\">Nora<\/td><td class=\"has-text-align-left\" data-align=\"left\"><a href=\"mailto:jobs@gjh.de\">jobs[at]gjh.de<\/a><\/td><\/tr><tr><td class=\"has-text-align-left\" data-align=\"left\">Datenschutz<\/td><td class=\"has-text-align-left\" data-align=\"left\">Nora<\/td><td class=\"has-text-align-left\" data-align=\"left\"><a href=\"mailto:datenschutz@gjh.de\">datenschutz[at]gjh.de<\/a><\/td><\/tr><tr><td class=\"has-text-align-left\" data-align=\"left\">Wahlkampf<\/td><td class=\"has-text-align-left\" data-align=\"left\">Wahlkampfteam, Nora<\/td><td class=\"has-text-align-left\" data-align=\"left\"><a href=\"mailto:wahlkampf@gjh.de\">wahlkampf[at]gjh.de<\/a><\/td><\/tr><tr><td class=\"has-text-align-left\" data-align=\"left\">GR\u00dcNE JUGEND Hessen Kreisverb\u00e4nde<\/td><td class=\"has-text-align-left\" data-align=\"left\">Eine Liste der GJH-Kreisverb\u00e4nde mit Kontaktadressen findet ihr <a href=\"https:\/\/www.gjh.de\/frog\/mitmachen\/kreisverbande\/\" target=\"_blank\" rel=\"noreferrer noopener\">hier. <\/a><\/td><td class=\"has-text-align-left\" data-align=\"left\"><\/td><\/tr><\/tbody><\/table><\/figure>\n","protected":false},"excerpt":{"rendered":"<p>Unsere Landesgesch\u00e4ftsstelle hat ihren Sitz in Wiesbaden und hilft euch gerne bei allen Fragen, Unklarheiten, Anmerkungen und anderen Angelegenheiten weiter! Wir freuen uns immer \u00fcber Ideen und Vorschl\u00e4ge f\u00fcr coole Aktionen und helfen euch, passende Informationen oder Angebote zu finden. Au\u00dferdem hat die Landesgesch\u00e4ftsstelle einen gro\u00dfen Material-Fundus und immer Merch auf Lager. Wenn ihr was [&hellip;]<\/p>\n","protected":false},"author":1,"featured_media":0,"parent":0,"menu_order":0,"comment_status":"closed","ping_status":"closed","template":"","meta":{"footnotes":""},"class_list":["post-1394","page","type-page","status-publish","hentry"],"yoast_head":"<!-- This site is optimized with the Yoast SEO plugin v27.5 - https:\/\/yoast.com\/product\/yoast-seo-wordpress\/ -->\n<title>Kontakt - GR\u00dcNE JUGEND Hessen<\/title>\n<meta name=\"description\" content=\"Hier findet ihr alle Kontaktdaten (Mailadresse, Telefonnummern) zur Landesgesch\u00e4ftsstelle der GR\u00dcNEN JUGEND Hessen in Wiesbaden.\" \/>\n<meta name=\"robots\" content=\"index, follow, max-snippet:-1, max-image-preview:large, max-video-preview:-1\" \/>\n<link rel=\"canonical\" href=\"https:\/\/www.gjh.de\/frog\/landesgeschaftsstelle\/\" \/>\n<meta property=\"og:locale\" content=\"de_DE\" \/>\n<meta property=\"og:type\" content=\"article\" \/>\n<meta property=\"og:title\" content=\"Kontakt - GR\u00dcNE JUGEND Hessen\" \/>\n<meta property=\"og:description\" content=\"Hier findet ihr alle Kontaktdaten (Mailadresse, Telefonnummern) zur Landesgesch\u00e4ftsstelle der GR\u00dcNEN JUGEND Hessen in Wiesbaden.\" \/>\n<meta property=\"og:url\" content=\"https:\/\/www.gjh.de\/frog\/landesgeschaftsstelle\/\" \/>\n<meta property=\"og:site_name\" content=\"GR\u00dcNE JUGEND Hessen\" \/>\n<meta property=\"article:modified_time\" content=\"2026-02-03T15:37:00+00:00\" \/>\n<meta property=\"og:image\" content=\"https:\/\/www.gjh.de\/frog\/wp-content\/uploads\/nora-2.jpg\" \/>\n\t<meta property=\"og:image:width\" content=\"1002\" \/>\n\t<meta property=\"og:image:height\" content=\"1052\" \/>\n\t<meta property=\"og:image:type\" content=\"image\/jpeg\" \/>\n<meta name=\"twitter:card\" content=\"summary_large_image\" \/>\n<meta name=\"twitter:label1\" content=\"Gesch\u00e4tzte Lesezeit\" \/>\n\t<meta name=\"twitter:data1\" content=\"3\u00a0Minuten\" \/>\n<script type=\"application\/ld+json\" class=\"yoast-schema-graph\">{\"@context\":\"https:\\\/\\\/schema.org\",\"@graph\":[{\"@type\":\"WebPage\",\"@id\":\"https:\\\/\\\/www.gjh.de\\\/frog\\\/landesgeschaftsstelle\\\/\",\"url\":\"https:\\\/\\\/www.gjh.de\\\/frog\\\/landesgeschaftsstelle\\\/\",\"name\":\"Kontakt - GR\u00dcNE JUGEND Hessen\",\"isPartOf\":{\"@id\":\"https:\\\/\\\/www.gjh.de\\\/frog\\\/#website\"},\"primaryImageOfPage\":{\"@id\":\"https:\\\/\\\/www.gjh.de\\\/frog\\\/landesgeschaftsstelle\\\/#primaryimage\"},\"image\":{\"@id\":\"https:\\\/\\\/www.gjh.de\\\/frog\\\/landesgeschaftsstelle\\\/#primaryimage\"},\"thumbnailUrl\":\"https:\\\/\\\/www.gjh.de\\\/frog\\\/wp-content\\\/uploads\\\/nora-2-975x1024.jpg\",\"datePublished\":\"2012-04-23T10:21:45+00:00\",\"dateModified\":\"2026-02-03T15:37:00+00:00\",\"description\":\"Hier findet ihr alle Kontaktdaten (Mailadresse, Telefonnummern) zur Landesgesch\u00e4ftsstelle der GR\u00dcNEN JUGEND Hessen in Wiesbaden.\",\"breadcrumb\":{\"@id\":\"https:\\\/\\\/www.gjh.de\\\/frog\\\/landesgeschaftsstelle\\\/#breadcrumb\"},\"inLanguage\":\"de\",\"potentialAction\":[{\"@type\":\"ReadAction\",\"target\":[\"https:\\\/\\\/www.gjh.de\\\/frog\\\/landesgeschaftsstelle\\\/\"]}]},{\"@type\":\"ImageObject\",\"inLanguage\":\"de\",\"@id\":\"https:\\\/\\\/www.gjh.de\\\/frog\\\/landesgeschaftsstelle\\\/#primaryimage\",\"url\":\"https:\\\/\\\/www.gjh.de\\\/frog\\\/wp-content\\\/uploads\\\/nora-2.jpg\",\"contentUrl\":\"https:\\\/\\\/www.gjh.de\\\/frog\\\/wp-content\\\/uploads\\\/nora-2.jpg\",\"width\":1002,\"height\":1052},{\"@type\":\"BreadcrumbList\",\"@id\":\"https:\\\/\\\/www.gjh.de\\\/frog\\\/landesgeschaftsstelle\\\/#breadcrumb\",\"itemListElement\":[{\"@type\":\"ListItem\",\"position\":1,\"name\":\"Startseite\",\"item\":\"https:\\\/\\\/www.gjh.de\\\/frog\\\/\"},{\"@type\":\"ListItem\",\"position\":2,\"name\":\"Kontakt\"}]},{\"@type\":\"WebSite\",\"@id\":\"https:\\\/\\\/www.gjh.de\\\/frog\\\/#website\",\"url\":\"https:\\\/\\\/www.gjh.de\\\/frog\\\/\",\"name\":\"GR\u00dcNE JUGEND Hessen\",\"description\":\"\",\"potentialAction\":[{\"@type\":\"SearchAction\",\"target\":{\"@type\":\"EntryPoint\",\"urlTemplate\":\"https:\\\/\\\/www.gjh.de\\\/frog\\\/?s={search_term_string}\"},\"query-input\":{\"@type\":\"PropertyValueSpecification\",\"valueRequired\":true,\"valueName\":\"search_term_string\"}}],\"inLanguage\":\"de\"}]}<\/script>\n<!-- \/ Yoast SEO plugin. -->","yoast_head_json":{"title":"Kontakt - GR\u00dcNE JUGEND Hessen","description":"Hier findet ihr alle Kontaktdaten (Mailadresse, Telefonnummern) zur Landesgesch\u00e4ftsstelle der GR\u00dcNEN JUGEND Hessen in Wiesbaden.","robots":{"index":"index","follow":"follow","max-snippet":"max-snippet:-1","max-image-preview":"max-image-preview:large","max-video-preview":"max-video-preview:-1"},"canonical":"https:\/\/www.gjh.de\/frog\/landesgeschaftsstelle\/","og_locale":"de_DE","og_type":"article","og_title":"Kontakt - GR\u00dcNE JUGEND Hessen","og_description":"Hier findet ihr alle Kontaktdaten (Mailadresse, Telefonnummern) zur Landesgesch\u00e4ftsstelle der GR\u00dcNEN JUGEND Hessen in Wiesbaden.","og_url":"https:\/\/www.gjh.de\/frog\/landesgeschaftsstelle\/","og_site_name":"GR\u00dcNE JUGEND Hessen","article_modified_time":"2026-02-03T15:37:00+00:00","og_image":[{"width":1002,"height":1052,"url":"https:\/\/www.gjh.de\/frog\/wp-content\/uploads\/nora-2.jpg","type":"image\/jpeg"}],"twitter_card":"summary_large_image","twitter_misc":{"Gesch\u00e4tzte Lesezeit":"3\u00a0Minuten"},"schema":{"@context":"https:\/\/schema.org","@graph":[{"@type":"WebPage","@id":"https:\/\/www.gjh.de\/frog\/landesgeschaftsstelle\/","url":"https:\/\/www.gjh.de\/frog\/landesgeschaftsstelle\/","name":"Kontakt - GR\u00dcNE JUGEND Hessen","isPartOf":{"@id":"https:\/\/www.gjh.de\/frog\/#website"},"primaryImageOfPage":{"@id":"https:\/\/www.gjh.de\/frog\/landesgeschaftsstelle\/#primaryimage"},"image":{"@id":"https:\/\/www.gjh.de\/frog\/landesgeschaftsstelle\/#primaryimage"},"thumbnailUrl":"https:\/\/www.gjh.de\/frog\/wp-content\/uploads\/nora-2-975x1024.jpg","datePublished":"2012-04-23T10:21:45+00:00","dateModified":"2026-02-03T15:37:00+00:00","description":"Hier findet ihr alle Kontaktdaten (Mailadresse, Telefonnummern) zur Landesgesch\u00e4ftsstelle der GR\u00dcNEN JUGEND Hessen in Wiesbaden.","breadcrumb":{"@id":"https:\/\/www.gjh.de\/frog\/landesgeschaftsstelle\/#breadcrumb"},"inLanguage":"de","potentialAction":[{"@type":"ReadAction","target":["https:\/\/www.gjh.de\/frog\/landesgeschaftsstelle\/"]}]},{"@type":"ImageObject","inLanguage":"de","@id":"https:\/\/www.gjh.de\/frog\/landesgeschaftsstelle\/#primaryimage","url":"https:\/\/www.gjh.de\/frog\/wp-content\/uploads\/nora-2.jpg","contentUrl":"https:\/\/www.gjh.de\/frog\/wp-content\/uploads\/nora-2.jpg","width":1002,"height":1052},{"@type":"BreadcrumbList","@id":"https:\/\/www.gjh.de\/frog\/landesgeschaftsstelle\/#breadcrumb","itemListElement":[{"@type":"ListItem","position":1,"name":"Startseite","item":"https:\/\/www.gjh.de\/frog\/"},{"@type":"ListItem","position":2,"name":"Kontakt"}]},{"@type":"WebSite","@id":"https:\/\/www.gjh.de\/frog\/#website","url":"https:\/\/www.gjh.de\/frog\/","name":"GR\u00dcNE JUGEND Hessen","description":"","potentialAction":[{"@type":"SearchAction","target":{"@type":"EntryPoint","urlTemplate":"https:\/\/www.gjh.de\/frog\/?s={search_term_string}"},"query-input":{"@type":"PropertyValueSpecification","valueRequired":true,"valueName":"search_term_string"}}],"inLanguage":"de"}]}},"_links":{"self":[{"href":"https:\/\/www.gjh.de\/frog\/wp-json\/wp\/v2\/pages\/1394","targetHints":{"allow":["GET"]}}],"collection":[{"href":"https:\/\/www.gjh.de\/frog\/wp-json\/wp\/v2\/pages"}],"about":[{"href":"https:\/\/www.gjh.de\/frog\/wp-json\/wp\/v2\/types\/page"}],"author":[{"embeddable":true,"href":"https:\/\/www.gjh.de\/frog\/wp-json\/wp\/v2\/users\/1"}],"replies":[{"embeddable":true,"href":"https:\/\/www.gjh.de\/frog\/wp-json\/wp\/v2\/comments?post=1394"}],"version-history":[{"count":73,"href":"https:\/\/www.gjh.de\/frog\/wp-json\/wp\/v2\/pages\/1394\/revisions"}],"predecessor-version":[{"id":13099,"href":"https:\/\/www.gjh.de\/frog\/wp-json\/wp\/v2\/pages\/1394\/revisions\/13099"}],"wp:attachment":[{"href":"https:\/\/www.gjh.de\/frog\/wp-json\/wp\/v2\/media?parent=1394"}],"curies":[{"name":"wp","href":"https:\/\/api.w.org\/{rel}","templated":true}]}}