{"id":146,"date":"2010-05-07T15:14:22","date_gmt":"2010-05-07T13:14:22","guid":{"rendered":"https:\/\/www.gjh.de\/frog\/?page_id=146"},"modified":"2024-12-07T07:31:30","modified_gmt":"2024-12-07T06:31:30","slug":"mitmachen","status":"publish","type":"page","link":"https:\/\/www.gjh.de\/frog\/mitmachen\/","title":{"rendered":"Mitmachen"},"content":{"rendered":"<p>Es gibt viele Arten und Formen sich in der GR\u00dcNEN JUGEND Hessen zu beteiligen und aktiv zu werden. Einerseits durch die Mitgliedschaft in der GJH, andererseits auch ganz konkret in den Kreisverb\u00e4nden und bei Aktionen und Veranstaltungen des Landesverbands.<\/p>\n<p><a title=\"MITGLIED WERDEN!\" href=\"https:\/\/www.gjh.de\/frog\/mitmachen\/mitglied-werden\/\" target=\"_blank\" rel=\"noopener\">MITGLIED WERDEN!<br \/>\n<\/a>Hier findest du das Beitrittsformular, mit dem du Mitglied der GR\u00dcNEN JUGEND werden kannst.<\/p>\n<p><a title=\"KREISVERB\u00c4NDE\" href=\"https:\/\/www.gjh.de\/frog\/mitmachen\/kreisverbande\/\" target=\"_blank\" rel=\"noopener\">KREISVERB\u00c4NDE<br \/>\n<\/a>Du kannst dich auf Kreisebene beteiligen und mitwirken. Hier findest du die Kontaktadressen der einzelnen Kreisverb\u00e4nde, an die du dich wenden kannst.<\/p>\n<p><a href=\"https:\/\/www.gjh.de\/frog\/mitmachen\/arbeitskreise\/\" target=\"_blank\" rel=\"noopener\">ARBEITSKREISE<\/a><br \/>\nDu willst dich mit einem speziellen Themenkomplex besch\u00e4ftigen? Dann mach in unseren Arbeitskreisen mit. Hier kannst du auch als Nicht-Mitglied teilnehmen.<\/p>\n<p><a title=\"MAILINGLISTEN\" href=\"https:\/\/www.gjh.de\/frog\/mitmachen\/informiert-werden\/\" target=\"_blank\" rel=\"noopener\">MAILINGLISTE &amp; TELEGRAM CHANNEL<br \/>\n<\/a>Die Mailingliste bietet euch die M\u00f6glichkeit, aktuelle Info&#8217;s vom Landesverband zu erhalten. Au\u00dferdem haben wir einen Telegram-Channel, mit dem ihr nichts mehr verpasst!<\/p>\n","protected":false},"excerpt":{"rendered":"<p>Es gibt viele Arten und Formen sich in der GR\u00dcNEN JUGEND Hessen zu beteiligen und aktiv zu werden. Einerseits durch die Mitgliedschaft in der GJH, andererseits auch ganz konkret in den Kreisverb\u00e4nden und bei Aktionen und Veranstaltungen des Landesverbands. MITGLIED WERDEN! Hier findest du das Beitrittsformular, mit dem du Mitglied der GR\u00dcNEN JUGEND werden kannst. [&hellip;]<\/p>\n","protected":false},"author":1,"featured_media":0,"parent":0,"menu_order":0,"comment_status":"closed","ping_status":"closed","template":"","meta":{"footnotes":""},"class_list":["post-146","page","type-page","status-publish","hentry"],"yoast_head":"<!-- This site is optimized with the Yoast SEO plugin v27.4 - https:\/\/yoast.com\/product\/yoast-seo-wordpress\/ -->\n<title>Mitmachen - GR\u00dcNE JUGEND Hessen<\/title>\n<meta name=\"description\" content=\"Hier findest du alle M\u00f6glichkeiten, um in der GR\u00dcNEN JUGEND Hessen aktiv zu werden. Wenn du Fragen hast, melde dich bei mail@gjh.de\" \/>\n<meta name=\"robots\" content=\"index, follow, max-snippet:-1, max-image-preview:large, max-video-preview:-1\" \/>\n<link rel=\"canonical\" href=\"https:\/\/www.gjh.de\/frog\/mitmachen\/\" \/>\n<meta property=\"og:locale\" content=\"de_DE\" \/>\n<meta property=\"og:type\" content=\"article\" \/>\n<meta property=\"og:title\" content=\"Mitmachen - GR\u00dcNE JUGEND Hessen\" \/>\n<meta property=\"og:description\" content=\"Hier findest du alle M\u00f6glichkeiten, um in der GR\u00dcNEN JUGEND Hessen aktiv zu werden. Wenn du Fragen hast, melde dich bei mail@gjh.de\" \/>\n<meta property=\"og:url\" content=\"https:\/\/www.gjh.de\/frog\/mitmachen\/\" \/>\n<meta property=\"og:site_name\" content=\"GR\u00dcNE JUGEND Hessen\" \/>\n<meta property=\"article:modified_time\" content=\"2024-12-07T06:31:30+00:00\" \/>\n<meta name=\"twitter:card\" content=\"summary_large_image\" \/>\n<meta name=\"twitter:label1\" content=\"Gesch\u00e4tzte Lesezeit\" \/>\n\t<meta name=\"twitter:data1\" content=\"1\u00a0Minute\" \/>\n<script type=\"application\/ld+json\" class=\"yoast-schema-graph\">{\"@context\":\"https:\\\/\\\/schema.org\",\"@graph\":[{\"@type\":\"WebPage\",\"@id\":\"https:\\\/\\\/www.gjh.de\\\/frog\\\/mitmachen\\\/\",\"url\":\"https:\\\/\\\/www.gjh.de\\\/frog\\\/mitmachen\\\/\",\"name\":\"Mitmachen - GR\u00dcNE JUGEND Hessen\",\"isPartOf\":{\"@id\":\"https:\\\/\\\/www.gjh.de\\\/frog\\\/#website\"},\"datePublished\":\"2010-05-07T13:14:22+00:00\",\"dateModified\":\"2024-12-07T06:31:30+00:00\",\"description\":\"Hier findest du alle M\u00f6glichkeiten, um in der GR\u00dcNEN JUGEND Hessen aktiv zu werden. Wenn du Fragen hast, melde dich bei mail@gjh.de\",\"breadcrumb\":{\"@id\":\"https:\\\/\\\/www.gjh.de\\\/frog\\\/mitmachen\\\/#breadcrumb\"},\"inLanguage\":\"de\",\"potentialAction\":[{\"@type\":\"ReadAction\",\"target\":[\"https:\\\/\\\/www.gjh.de\\\/frog\\\/mitmachen\\\/\"]}]},{\"@type\":\"BreadcrumbList\",\"@id\":\"https:\\\/\\\/www.gjh.de\\\/frog\\\/mitmachen\\\/#breadcrumb\",\"itemListElement\":[{\"@type\":\"ListItem\",\"position\":1,\"name\":\"Startseite\",\"item\":\"https:\\\/\\\/www.gjh.de\\\/frog\\\/\"},{\"@type\":\"ListItem\",\"position\":2,\"name\":\"Mitmachen\"}]},{\"@type\":\"WebSite\",\"@id\":\"https:\\\/\\\/www.gjh.de\\\/frog\\\/#website\",\"url\":\"https:\\\/\\\/www.gjh.de\\\/frog\\\/\",\"name\":\"GR\u00dcNE JUGEND Hessen\",\"description\":\"\",\"potentialAction\":[{\"@type\":\"SearchAction\",\"target\":{\"@type\":\"EntryPoint\",\"urlTemplate\":\"https:\\\/\\\/www.gjh.de\\\/frog\\\/?s={search_term_string}\"},\"query-input\":{\"@type\":\"PropertyValueSpecification\",\"valueRequired\":true,\"valueName\":\"search_term_string\"}}],\"inLanguage\":\"de\"}]}<\/script>\n<!-- \/ Yoast SEO plugin. -->","yoast_head_json":{"title":"Mitmachen - GR\u00dcNE JUGEND Hessen","description":"Hier findest du alle M\u00f6glichkeiten, um in der GR\u00dcNEN JUGEND Hessen aktiv zu werden. Wenn du Fragen hast, melde dich bei mail@gjh.de","robots":{"index":"index","follow":"follow","max-snippet":"max-snippet:-1","max-image-preview":"max-image-preview:large","max-video-preview":"max-video-preview:-1"},"canonical":"https:\/\/www.gjh.de\/frog\/mitmachen\/","og_locale":"de_DE","og_type":"article","og_title":"Mitmachen - GR\u00dcNE JUGEND Hessen","og_description":"Hier findest du alle M\u00f6glichkeiten, um in der GR\u00dcNEN JUGEND Hessen aktiv zu werden. Wenn du Fragen hast, melde dich bei mail@gjh.de","og_url":"https:\/\/www.gjh.de\/frog\/mitmachen\/","og_site_name":"GR\u00dcNE JUGEND Hessen","article_modified_time":"2024-12-07T06:31:30+00:00","twitter_card":"summary_large_image","twitter_misc":{"Gesch\u00e4tzte Lesezeit":"1\u00a0Minute"},"schema":{"@context":"https:\/\/schema.org","@graph":[{"@type":"WebPage","@id":"https:\/\/www.gjh.de\/frog\/mitmachen\/","url":"https:\/\/www.gjh.de\/frog\/mitmachen\/","name":"Mitmachen - GR\u00dcNE JUGEND Hessen","isPartOf":{"@id":"https:\/\/www.gjh.de\/frog\/#website"},"datePublished":"2010-05-07T13:14:22+00:00","dateModified":"2024-12-07T06:31:30+00:00","description":"Hier findest du alle M\u00f6glichkeiten, um in der GR\u00dcNEN JUGEND Hessen aktiv zu werden. Wenn du Fragen hast, melde dich bei mail@gjh.de","breadcrumb":{"@id":"https:\/\/www.gjh.de\/frog\/mitmachen\/#breadcrumb"},"inLanguage":"de","potentialAction":[{"@type":"ReadAction","target":["https:\/\/www.gjh.de\/frog\/mitmachen\/"]}]},{"@type":"BreadcrumbList","@id":"https:\/\/www.gjh.de\/frog\/mitmachen\/#breadcrumb","itemListElement":[{"@type":"ListItem","position":1,"name":"Startseite","item":"https:\/\/www.gjh.de\/frog\/"},{"@type":"ListItem","position":2,"name":"Mitmachen"}]},{"@type":"WebSite","@id":"https:\/\/www.gjh.de\/frog\/#website","url":"https:\/\/www.gjh.de\/frog\/","name":"GR\u00dcNE JUGEND Hessen","description":"","potentialAction":[{"@type":"SearchAction","target":{"@type":"EntryPoint","urlTemplate":"https:\/\/www.gjh.de\/frog\/?s={search_term_string}"},"query-input":{"@type":"PropertyValueSpecification","valueRequired":true,"valueName":"search_term_string"}}],"inLanguage":"de"}]}},"_links":{"self":[{"href":"https:\/\/www.gjh.de\/frog\/wp-json\/wp\/v2\/pages\/146","targetHints":{"allow":["GET"]}}],"collection":[{"href":"https:\/\/www.gjh.de\/frog\/wp-json\/wp\/v2\/pages"}],"about":[{"href":"https:\/\/www.gjh.de\/frog\/wp-json\/wp\/v2\/types\/page"}],"author":[{"embeddable":true,"href":"https:\/\/www.gjh.de\/frog\/wp-json\/wp\/v2\/users\/1"}],"replies":[{"embeddable":true,"href":"https:\/\/www.gjh.de\/frog\/wp-json\/wp\/v2\/comments?post=146"}],"version-history":[{"count":26,"href":"https:\/\/www.gjh.de\/frog\/wp-json\/wp\/v2\/pages\/146\/revisions"}],"predecessor-version":[{"id":12468,"href":"https:\/\/www.gjh.de\/frog\/wp-json\/wp\/v2\/pages\/146\/revisions\/12468"}],"wp:attachment":[{"href":"https:\/\/www.gjh.de\/frog\/wp-json\/wp\/v2\/media?parent=146"}],"curies":[{"name":"wp","href":"https:\/\/api.w.org\/{rel}","templated":true}]}}