{"id":314,"date":"2010-06-05T16:28:19","date_gmt":"2010-06-05T14:28:19","guid":{"rendered":"https:\/\/www.gjh.de\/frog\/?page_id=314"},"modified":"2025-11-10T21:33:29","modified_gmt":"2025-11-10T20:33:29","slug":"download-bereich","status":"publish","type":"page","link":"https:\/\/www.gjh.de\/frog\/dokumente\/download-bereich\/","title":{"rendered":"Download-Bereich"},"content":{"rendered":"<ul>\n<li>\n<h3><a href=\"https:\/\/www.gjh.de\/frog\/wp-content\/uploads\/Erstattungsformular-Mitglieder-ausfuellbar.pdf\" target=\"_blank\" rel=\"noopener\">Erstattungsformular<\/a><\/h3>\n<ul>\n<li>(bitte <a href=\"https:\/\/www.gjh.de\/frog\/dokumente\/satzung\/\" target=\"_blank\" rel=\"noopener\">Erstattungsordnung<\/a> der GR\u00dcNEN JUGEND Hessen beachten)<\/li>\n<\/ul>\n<\/li>\n<li>\n<h3><a href=\"https:\/\/www.gjh.de\/frog\/wp-content\/uploads\/Antrag-auf-KV-Foerderung.pdf\" target=\"_blank\" rel=\"noopener\">Antrag auf Kreisverbandsf\u00f6rderung<\/a><\/h3>\n<\/li>\n<li>\n<h3><a href=\"https:\/\/www.gjh.de\/frog\/mitmachen\/mitglied-werden\/\" target=\"_blank\" rel=\"noopener noreferrer\">Mitglied werden<\/a><\/h3>\n<\/li>\n<li>\n<h3><a href=\"https:\/\/www.gjh.de\/frog\/wp-content\/uploads\/Elterneinverstaendniserklaerung-LMV-GJH-beschreibbar.pdf\" target=\"_blank\" rel=\"noopener\">Einverst\u00e4ndniserkl\u00e4rung der Eltern f\u00fcr Veranstaltungen<\/a><\/h3>\n<\/li>\n<\/ul>\n\n\n<p>Noch Fragen? Dann meldet euch jederzeit bei <a href=\"mailto:mail@gjh.de\">mail@gjh.de<\/a><\/p>\n","protected":false},"excerpt":{"rendered":"<p>Erstattungsformular (bitte Erstattungsordnung der GR\u00dcNEN JUGEND Hessen beachten) Antrag auf Kreisverbandsf\u00f6rderung Mitglied werden Einverst\u00e4ndniserkl\u00e4rung der Eltern f\u00fcr Veranstaltungen Noch Fragen? Dann meldet euch jederzeit bei mail@gjh.de<\/p>\n","protected":false},"author":1,"featured_media":0,"parent":3270,"menu_order":0,"comment_status":"closed","ping_status":"closed","template":"","meta":{"footnotes":""},"class_list":["post-314","page","type-page","status-publish","hentry"],"yoast_head":"<!-- This site is optimized with the Yoast SEO plugin v27.3 - https:\/\/yoast.com\/product\/yoast-seo-wordpress\/ -->\n<title>Download-Bereich - GR\u00dcNE JUGEND Hessen<\/title>\n<meta name=\"description\" content=\"Wichtige Formulare der GJH zur Erstattung von Kosten, Kreisverbandsf\u00f6rderung und Elterneinverst\u00e4ndnis findest du hier im Download-Bereich.\" \/>\n<meta name=\"robots\" content=\"index, follow, max-snippet:-1, max-image-preview:large, max-video-preview:-1\" \/>\n<link rel=\"canonical\" href=\"https:\/\/www.gjh.de\/frog\/dokumente\/download-bereich\/\" \/>\n<meta property=\"og:locale\" content=\"de_DE\" \/>\n<meta property=\"og:type\" content=\"article\" \/>\n<meta property=\"og:title\" content=\"Download-Bereich - GR\u00dcNE JUGEND Hessen\" \/>\n<meta property=\"og:description\" content=\"Wichtige Formulare der GJH zur Erstattung von Kosten, Kreisverbandsf\u00f6rderung und Elterneinverst\u00e4ndnis findest du hier im Download-Bereich.\" \/>\n<meta property=\"og:url\" content=\"https:\/\/www.gjh.de\/frog\/dokumente\/download-bereich\/\" \/>\n<meta property=\"og:site_name\" content=\"GR\u00dcNE JUGEND Hessen\" \/>\n<meta property=\"article:modified_time\" content=\"2025-11-10T20:33:29+00:00\" \/>\n<meta name=\"twitter:card\" content=\"summary_large_image\" \/>\n<meta name=\"twitter:label1\" content=\"Gesch\u00e4tzte Lesezeit\" \/>\n\t<meta name=\"twitter:data1\" content=\"1\u00a0Minute\" \/>\n<script type=\"application\/ld+json\" class=\"yoast-schema-graph\">{\"@context\":\"https:\\\/\\\/schema.org\",\"@graph\":[{\"@type\":\"WebPage\",\"@id\":\"https:\\\/\\\/www.gjh.de\\\/frog\\\/dokumente\\\/download-bereich\\\/\",\"url\":\"https:\\\/\\\/www.gjh.de\\\/frog\\\/dokumente\\\/download-bereich\\\/\",\"name\":\"Download-Bereich - GR\u00dcNE JUGEND Hessen\",\"isPartOf\":{\"@id\":\"https:\\\/\\\/www.gjh.de\\\/frog\\\/#website\"},\"datePublished\":\"2010-06-05T14:28:19+00:00\",\"dateModified\":\"2025-11-10T20:33:29+00:00\",\"description\":\"Wichtige Formulare der GJH zur Erstattung von Kosten, Kreisverbandsf\u00f6rderung und Elterneinverst\u00e4ndnis findest du hier im Download-Bereich.\",\"breadcrumb\":{\"@id\":\"https:\\\/\\\/www.gjh.de\\\/frog\\\/dokumente\\\/download-bereich\\\/#breadcrumb\"},\"inLanguage\":\"de\",\"potentialAction\":[{\"@type\":\"ReadAction\",\"target\":[\"https:\\\/\\\/www.gjh.de\\\/frog\\\/dokumente\\\/download-bereich\\\/\"]}]},{\"@type\":\"BreadcrumbList\",\"@id\":\"https:\\\/\\\/www.gjh.de\\\/frog\\\/dokumente\\\/download-bereich\\\/#breadcrumb\",\"itemListElement\":[{\"@type\":\"ListItem\",\"position\":1,\"name\":\"Startseite\",\"item\":\"https:\\\/\\\/www.gjh.de\\\/frog\\\/\"},{\"@type\":\"ListItem\",\"position\":2,\"name\":\"Dokumente\",\"item\":\"https:\\\/\\\/www.gjh.de\\\/frog\\\/dokumente\\\/\"},{\"@type\":\"ListItem\",\"position\":3,\"name\":\"Download-Bereich\"}]},{\"@type\":\"WebSite\",\"@id\":\"https:\\\/\\\/www.gjh.de\\\/frog\\\/#website\",\"url\":\"https:\\\/\\\/www.gjh.de\\\/frog\\\/\",\"name\":\"GR\u00dcNE JUGEND Hessen\",\"description\":\"\",\"potentialAction\":[{\"@type\":\"SearchAction\",\"target\":{\"@type\":\"EntryPoint\",\"urlTemplate\":\"https:\\\/\\\/www.gjh.de\\\/frog\\\/?s={search_term_string}\"},\"query-input\":{\"@type\":\"PropertyValueSpecification\",\"valueRequired\":true,\"valueName\":\"search_term_string\"}}],\"inLanguage\":\"de\"}]}<\/script>\n<!-- \/ Yoast SEO plugin. -->","yoast_head_json":{"title":"Download-Bereich - GR\u00dcNE JUGEND Hessen","description":"Wichtige Formulare der GJH zur Erstattung von Kosten, Kreisverbandsf\u00f6rderung und Elterneinverst\u00e4ndnis findest du hier im Download-Bereich.","robots":{"index":"index","follow":"follow","max-snippet":"max-snippet:-1","max-image-preview":"max-image-preview:large","max-video-preview":"max-video-preview:-1"},"canonical":"https:\/\/www.gjh.de\/frog\/dokumente\/download-bereich\/","og_locale":"de_DE","og_type":"article","og_title":"Download-Bereich - GR\u00dcNE JUGEND Hessen","og_description":"Wichtige Formulare der GJH zur Erstattung von Kosten, Kreisverbandsf\u00f6rderung und Elterneinverst\u00e4ndnis findest du hier im Download-Bereich.","og_url":"https:\/\/www.gjh.de\/frog\/dokumente\/download-bereich\/","og_site_name":"GR\u00dcNE JUGEND Hessen","article_modified_time":"2025-11-10T20:33:29+00:00","twitter_card":"summary_large_image","twitter_misc":{"Gesch\u00e4tzte Lesezeit":"1\u00a0Minute"},"schema":{"@context":"https:\/\/schema.org","@graph":[{"@type":"WebPage","@id":"https:\/\/www.gjh.de\/frog\/dokumente\/download-bereich\/","url":"https:\/\/www.gjh.de\/frog\/dokumente\/download-bereich\/","name":"Download-Bereich - GR\u00dcNE JUGEND Hessen","isPartOf":{"@id":"https:\/\/www.gjh.de\/frog\/#website"},"datePublished":"2010-06-05T14:28:19+00:00","dateModified":"2025-11-10T20:33:29+00:00","description":"Wichtige Formulare der GJH zur Erstattung von Kosten, Kreisverbandsf\u00f6rderung und Elterneinverst\u00e4ndnis findest du hier im Download-Bereich.","breadcrumb":{"@id":"https:\/\/www.gjh.de\/frog\/dokumente\/download-bereich\/#breadcrumb"},"inLanguage":"de","potentialAction":[{"@type":"ReadAction","target":["https:\/\/www.gjh.de\/frog\/dokumente\/download-bereich\/"]}]},{"@type":"BreadcrumbList","@id":"https:\/\/www.gjh.de\/frog\/dokumente\/download-bereich\/#breadcrumb","itemListElement":[{"@type":"ListItem","position":1,"name":"Startseite","item":"https:\/\/www.gjh.de\/frog\/"},{"@type":"ListItem","position":2,"name":"Dokumente","item":"https:\/\/www.gjh.de\/frog\/dokumente\/"},{"@type":"ListItem","position":3,"name":"Download-Bereich"}]},{"@type":"WebSite","@id":"https:\/\/www.gjh.de\/frog\/#website","url":"https:\/\/www.gjh.de\/frog\/","name":"GR\u00dcNE JUGEND Hessen","description":"","potentialAction":[{"@type":"SearchAction","target":{"@type":"EntryPoint","urlTemplate":"https:\/\/www.gjh.de\/frog\/?s={search_term_string}"},"query-input":{"@type":"PropertyValueSpecification","valueRequired":true,"valueName":"search_term_string"}}],"inLanguage":"de"}]}},"_links":{"self":[{"href":"https:\/\/www.gjh.de\/frog\/wp-json\/wp\/v2\/pages\/314","targetHints":{"allow":["GET"]}}],"collection":[{"href":"https:\/\/www.gjh.de\/frog\/wp-json\/wp\/v2\/pages"}],"about":[{"href":"https:\/\/www.gjh.de\/frog\/wp-json\/wp\/v2\/types\/page"}],"author":[{"embeddable":true,"href":"https:\/\/www.gjh.de\/frog\/wp-json\/wp\/v2\/users\/1"}],"replies":[{"embeddable":true,"href":"https:\/\/www.gjh.de\/frog\/wp-json\/wp\/v2\/comments?post=314"}],"version-history":[{"count":45,"href":"https:\/\/www.gjh.de\/frog\/wp-json\/wp\/v2\/pages\/314\/revisions"}],"predecessor-version":[{"id":12853,"href":"https:\/\/www.gjh.de\/frog\/wp-json\/wp\/v2\/pages\/314\/revisions\/12853"}],"up":[{"embeddable":true,"href":"https:\/\/www.gjh.de\/frog\/wp-json\/wp\/v2\/pages\/3270"}],"wp:attachment":[{"href":"https:\/\/www.gjh.de\/frog\/wp-json\/wp\/v2\/media?parent=314"}],"curies":[{"name":"wp","href":"https:\/\/api.w.org\/{rel}","templated":true}]}}