{"id":9956,"date":"2021-11-20T10:51:39","date_gmt":"2021-11-20T09:51:39","guid":{"rendered":"https:\/\/www.gjh.de\/frog\/?page_id=9956"},"modified":"2024-11-19T20:45:10","modified_gmt":"2024-11-19T19:45:10","slug":"gruene-jugend-hessen","status":"publish","type":"page","link":"https:\/\/www.gjh.de\/frog\/","title":{"rendered":"GR\u00dcNE JUGEND Hessen"},"content":{"rendered":"\n<h1 class=\"wp-block-heading\">Wir sind die <br>GR\u00dcNE JUGEND Hessen.<\/h1>\n\n\n\n<p class=\"has-text-align-center\">Die Umst\u00e4nde, in denen wir leben, sind kein Naturgesetz. Sie sind Konsequenzen von Entscheidungen. Wir k\u00e4mpfen f\u00fcr die Interesse von jungen Menschen in Hessen und international. Wir wollen eine sichere Zukunft, eine Bek\u00e4mpfung der Klimakrise und Sicherheit f\u00fcr alle. <\/p>\n\n\n\n<p class=\"has-text-align-center\"><br><strong>Die Zukunft liegt in unserer Hand. Kommst du mit?<\/strong><\/p>\n\n\n\n<p><\/p>\n\n\n\n<h2 class=\"wp-block-heading\">Termine<\/h2>\n\n\n<ul  class=\"eo-events eo-events-shortcode\"><\/ul>\n","protected":false},"excerpt":{"rendered":"<p>Wir sind die GR\u00dcNE JUGEND Hessen. Die Umst\u00e4nde, in denen wir leben, sind kein Naturgesetz. Sie sind Konsequenzen von Entscheidungen. Wir k\u00e4mpfen f\u00fcr die Interesse von jungen Menschen in Hessen und international. Wir wollen eine sichere Zukunft, eine Bek\u00e4mpfung der Klimakrise und Sicherheit f\u00fcr alle. Die Zukunft liegt in unserer Hand. Kommst du mit? Termine<\/p>\n","protected":false},"author":1,"featured_media":12309,"parent":0,"menu_order":0,"comment_status":"closed","ping_status":"closed","template":"home.php","meta":{"footnotes":""},"class_list":["post-9956","page","type-page","status-publish","has-post-thumbnail","hentry"],"yoast_head":"<!-- This site is optimized with the Yoast SEO plugin v27.3 - https:\/\/yoast.com\/product\/yoast-seo-wordpress\/ -->\n<title>GR\u00dcNE JUGEND Hessen<\/title>\n<meta name=\"description\" content=\"Wir sind die GR\u00dcNE JUGEND Hessen, der Jugendverband von B\u00dcNDNIS 90\/DIE GR\u00dcNEN in Hessen und treten f\u00fcr deine Zukunft ein!\" \/>\n<meta name=\"robots\" content=\"index, follow, max-snippet:-1, max-image-preview:large, max-video-preview:-1\" \/>\n<link rel=\"canonical\" href=\"https:\/\/www.gjh.de\/frog\/\" \/>\n<meta property=\"og:locale\" content=\"de_DE\" \/>\n<meta property=\"og:type\" content=\"article\" \/>\n<meta property=\"og:title\" content=\"GR\u00dcNE JUGEND Hessen\" \/>\n<meta property=\"og:description\" content=\"Wir sind die GR\u00dcNE JUGEND Hessen, der Jugendverband von B\u00dcNDNIS 90\/DIE GR\u00dcNEN in Hessen und treten f\u00fcr deine Zukunft ein!\" \/>\n<meta property=\"og:url\" content=\"https:\/\/www.gjh.de\/frog\/\" \/>\n<meta property=\"og:site_name\" content=\"GR\u00dcNE JUGEND Hessen\" \/>\n<meta property=\"article:modified_time\" content=\"2024-11-19T19:45:10+00:00\" \/>\n<meta property=\"og:image\" content=\"https:\/\/www.gjh.de\/frog\/wp-content\/uploads\/PXL_20241109_125312817-scaled.jpg\" \/>\n\t<meta property=\"og:image:width\" content=\"2560\" \/>\n\t<meta property=\"og:image:height\" content=\"1622\" \/>\n\t<meta property=\"og:image:type\" content=\"image\/jpeg\" \/>\n<meta name=\"twitter:card\" content=\"summary_large_image\" \/>\n<meta name=\"twitter:label1\" content=\"Gesch\u00e4tzte Lesezeit\" \/>\n\t<meta name=\"twitter:data1\" content=\"1\u00a0Minute\" \/>\n<script type=\"application\/ld+json\" class=\"yoast-schema-graph\">{\"@context\":\"https:\\\/\\\/schema.org\",\"@graph\":[{\"@type\":\"WebPage\",\"@id\":\"https:\\\/\\\/www.gjh.de\\\/frog\\\/\",\"url\":\"https:\\\/\\\/www.gjh.de\\\/frog\\\/\",\"name\":\"GR\u00dcNE JUGEND Hessen\",\"isPartOf\":{\"@id\":\"https:\\\/\\\/www.gjh.de\\\/frog\\\/#website\"},\"primaryImageOfPage\":{\"@id\":\"https:\\\/\\\/www.gjh.de\\\/frog\\\/#primaryimage\"},\"image\":{\"@id\":\"https:\\\/\\\/www.gjh.de\\\/frog\\\/#primaryimage\"},\"thumbnailUrl\":\"https:\\\/\\\/www.gjh.de\\\/frog\\\/wp-content\\\/uploads\\\/PXL_20241109_125312817-scaled.jpg\",\"datePublished\":\"2021-11-20T09:51:39+00:00\",\"dateModified\":\"2024-11-19T19:45:10+00:00\",\"description\":\"Wir sind die GR\u00dcNE JUGEND Hessen, der Jugendverband von B\u00dcNDNIS 90\\\/DIE GR\u00dcNEN in Hessen und treten f\u00fcr deine Zukunft ein!\",\"breadcrumb\":{\"@id\":\"https:\\\/\\\/www.gjh.de\\\/frog\\\/#breadcrumb\"},\"inLanguage\":\"de\",\"potentialAction\":[{\"@type\":\"ReadAction\",\"target\":[\"https:\\\/\\\/www.gjh.de\\\/frog\\\/\"]}]},{\"@type\":\"ImageObject\",\"inLanguage\":\"de\",\"@id\":\"https:\\\/\\\/www.gjh.de\\\/frog\\\/#primaryimage\",\"url\":\"https:\\\/\\\/www.gjh.de\\\/frog\\\/wp-content\\\/uploads\\\/PXL_20241109_125312817-scaled.jpg\",\"contentUrl\":\"https:\\\/\\\/www.gjh.de\\\/frog\\\/wp-content\\\/uploads\\\/PXL_20241109_125312817-scaled.jpg\",\"width\":2560,\"height\":1622},{\"@type\":\"BreadcrumbList\",\"@id\":\"https:\\\/\\\/www.gjh.de\\\/frog\\\/#breadcrumb\",\"itemListElement\":[{\"@type\":\"ListItem\",\"position\":1,\"name\":\"Startseite\",\"item\":\"https:\\\/\\\/www.gjh.de\\\/frog\\\/\"},{\"@type\":\"ListItem\",\"position\":2,\"name\":\"GR\u00dcNE JUGEND Hessen\"}]},{\"@type\":\"WebSite\",\"@id\":\"https:\\\/\\\/www.gjh.de\\\/frog\\\/#website\",\"url\":\"https:\\\/\\\/www.gjh.de\\\/frog\\\/\",\"name\":\"GR\u00dcNE JUGEND Hessen\",\"description\":\"\",\"potentialAction\":[{\"@type\":\"SearchAction\",\"target\":{\"@type\":\"EntryPoint\",\"urlTemplate\":\"https:\\\/\\\/www.gjh.de\\\/frog\\\/?s={search_term_string}\"},\"query-input\":{\"@type\":\"PropertyValueSpecification\",\"valueRequired\":true,\"valueName\":\"search_term_string\"}}],\"inLanguage\":\"de\"}]}<\/script>\n<!-- \/ Yoast SEO plugin. -->","yoast_head_json":{"title":"GR\u00dcNE JUGEND Hessen","description":"Wir sind die GR\u00dcNE JUGEND Hessen, der Jugendverband von B\u00dcNDNIS 90\/DIE GR\u00dcNEN in Hessen und treten f\u00fcr deine Zukunft ein!","robots":{"index":"index","follow":"follow","max-snippet":"max-snippet:-1","max-image-preview":"max-image-preview:large","max-video-preview":"max-video-preview:-1"},"canonical":"https:\/\/www.gjh.de\/frog\/","og_locale":"de_DE","og_type":"article","og_title":"GR\u00dcNE JUGEND Hessen","og_description":"Wir sind die GR\u00dcNE JUGEND Hessen, der Jugendverband von B\u00dcNDNIS 90\/DIE GR\u00dcNEN in Hessen und treten f\u00fcr deine Zukunft ein!","og_url":"https:\/\/www.gjh.de\/frog\/","og_site_name":"GR\u00dcNE JUGEND Hessen","article_modified_time":"2024-11-19T19:45:10+00:00","og_image":[{"width":2560,"height":1622,"url":"https:\/\/www.gjh.de\/frog\/wp-content\/uploads\/PXL_20241109_125312817-scaled.jpg","type":"image\/jpeg"}],"twitter_card":"summary_large_image","twitter_misc":{"Gesch\u00e4tzte Lesezeit":"1\u00a0Minute"},"schema":{"@context":"https:\/\/schema.org","@graph":[{"@type":"WebPage","@id":"https:\/\/www.gjh.de\/frog\/","url":"https:\/\/www.gjh.de\/frog\/","name":"GR\u00dcNE JUGEND Hessen","isPartOf":{"@id":"https:\/\/www.gjh.de\/frog\/#website"},"primaryImageOfPage":{"@id":"https:\/\/www.gjh.de\/frog\/#primaryimage"},"image":{"@id":"https:\/\/www.gjh.de\/frog\/#primaryimage"},"thumbnailUrl":"https:\/\/www.gjh.de\/frog\/wp-content\/uploads\/PXL_20241109_125312817-scaled.jpg","datePublished":"2021-11-20T09:51:39+00:00","dateModified":"2024-11-19T19:45:10+00:00","description":"Wir sind die GR\u00dcNE JUGEND Hessen, der Jugendverband von B\u00dcNDNIS 90\/DIE GR\u00dcNEN in Hessen und treten f\u00fcr deine Zukunft ein!","breadcrumb":{"@id":"https:\/\/www.gjh.de\/frog\/#breadcrumb"},"inLanguage":"de","potentialAction":[{"@type":"ReadAction","target":["https:\/\/www.gjh.de\/frog\/"]}]},{"@type":"ImageObject","inLanguage":"de","@id":"https:\/\/www.gjh.de\/frog\/#primaryimage","url":"https:\/\/www.gjh.de\/frog\/wp-content\/uploads\/PXL_20241109_125312817-scaled.jpg","contentUrl":"https:\/\/www.gjh.de\/frog\/wp-content\/uploads\/PXL_20241109_125312817-scaled.jpg","width":2560,"height":1622},{"@type":"BreadcrumbList","@id":"https:\/\/www.gjh.de\/frog\/#breadcrumb","itemListElement":[{"@type":"ListItem","position":1,"name":"Startseite","item":"https:\/\/www.gjh.de\/frog\/"},{"@type":"ListItem","position":2,"name":"GR\u00dcNE JUGEND Hessen"}]},{"@type":"WebSite","@id":"https:\/\/www.gjh.de\/frog\/#website","url":"https:\/\/www.gjh.de\/frog\/","name":"GR\u00dcNE JUGEND Hessen","description":"","potentialAction":[{"@type":"SearchAction","target":{"@type":"EntryPoint","urlTemplate":"https:\/\/www.gjh.de\/frog\/?s={search_term_string}"},"query-input":{"@type":"PropertyValueSpecification","valueRequired":true,"valueName":"search_term_string"}}],"inLanguage":"de"}]}},"_links":{"self":[{"href":"https:\/\/www.gjh.de\/frog\/wp-json\/wp\/v2\/pages\/9956","targetHints":{"allow":["GET"]}}],"collection":[{"href":"https:\/\/www.gjh.de\/frog\/wp-json\/wp\/v2\/pages"}],"about":[{"href":"https:\/\/www.gjh.de\/frog\/wp-json\/wp\/v2\/types\/page"}],"author":[{"embeddable":true,"href":"https:\/\/www.gjh.de\/frog\/wp-json\/wp\/v2\/users\/1"}],"replies":[{"embeddable":true,"href":"https:\/\/www.gjh.de\/frog\/wp-json\/wp\/v2\/comments?post=9956"}],"version-history":[{"count":7,"href":"https:\/\/www.gjh.de\/frog\/wp-json\/wp\/v2\/pages\/9956\/revisions"}],"predecessor-version":[{"id":11826,"href":"https:\/\/www.gjh.de\/frog\/wp-json\/wp\/v2\/pages\/9956\/revisions\/11826"}],"wp:featuredmedia":[{"embeddable":true,"href":"https:\/\/www.gjh.de\/frog\/wp-json\/wp\/v2\/media\/12309"}],"wp:attachment":[{"href":"https:\/\/www.gjh.de\/frog\/wp-json\/wp\/v2\/media?parent=9956"}],"curies":[{"name":"wp","href":"https:\/\/api.w.org\/{rel}","templated":true}]}}